{"id":603863,"date":"2025-08-10T18:48:48","date_gmt":"2025-08-10T16:48:48","guid":{"rendered":"https:\/\/lucacastelli.com\/prodotto\/milwaukee-10-kg-klasse-abbruchhammer-2\/"},"modified":"2025-08-10T18:48:48","modified_gmt":"2025-08-10T16:48:48","slug":"milwaukee-10-kg-klasse-abbruchhammer-2","status":"publish","type":"product","link":"https:\/\/lucacastelli.com\/de\/produkt\/milwaukee-10-kg-klasse-abbruchhammer-2\/","title":{"rendered":"Milwaukee 10 kg Klasse Abbruchhammer"},"content":{"rendered":"<p>K900S\/DEMOLITOREN UND PERFORATOREN<br \/>\n20 J Schlagenergie f\u00fcr unvergleichliche Abbruchleistung;Klassenbester 1600 W Motor mit viel Leistung f\u00fcr schwere Anwendungen;DIGITRONIC\u2122 Vollwellen-Digitalelektronik f\u00fcr pr\u00e4zise Leistungsanpassung je nach Anwendung;3 Griffe, alle mit AVS (Anti-Vibrations-Technologie) und Softgrip f\u00fcr mehr Komfort und weniger Erm\u00fcdung des Bedieners;<br \/>\nLED-Service-Statusanzeige;Werkzeugschmiersystem f\u00fcr l\u00e4ngere Produktlebensdauer;Vertikales Motordesign f\u00fcr mehr Komfort bei vertikalen Anwendungen;Ideal f\u00fcr den Einsatz in Kombination mit Generatoren;Variolock mit 12 Positionen zur Einstellung des Mei\u00dfelwinkels;6 m Kabel<\/p>\n<p>4933375720 4002395232048<\/p>\n","protected":false},"excerpt":{"rendered":"<p>K900S\/DEMOLIERER UND PERFORIERER<\/p>\n","protected":false},"featured_media":568187,"template":"","meta":{"_seopress_robots_primary_cat":"","_seopress_titles_title":"","_seopress_titles_desc":"","_seopress_robots_index":""},"product_brand":[3656],"product_cat":[169,5534],"product_tag":[3272],"class_list":{"0":"post-603863","1":"product","2":"type-product","3":"status-publish","4":"has-post-thumbnail","6":"product_brand-milwaukee-de","7":"product_cat-maschinen","8":"product_cat-verschiedene-maschinen-von-milwaukee","9":"product_tag-import-milwau-de","10":"sws-conto-ricavi-merci-rivendita-macchinari-de","11":"sws-gruppo-iva-iva81-de","13":"first","14":"onbackorder","15":"shipping-taxable","16":"purchasable","17":"product-type-simple"},"_links":{"self":[{"href":"https:\/\/lucacastelli.com\/de\/wp-json\/wp\/v2\/product\/603863","targetHints":{"allow":["GET"]}}],"collection":[{"href":"https:\/\/lucacastelli.com\/de\/wp-json\/wp\/v2\/product"}],"about":[{"href":"https:\/\/lucacastelli.com\/de\/wp-json\/wp\/v2\/types\/product"}],"wp:featuredmedia":[{"embeddable":true,"href":"https:\/\/lucacastelli.com\/de\/wp-json\/wp\/v2\/media\/568187"}],"wp:attachment":[{"href":"https:\/\/lucacastelli.com\/de\/wp-json\/wp\/v2\/media?parent=603863"}],"wp:term":[{"taxonomy":"product_brand","embeddable":true,"href":"https:\/\/lucacastelli.com\/de\/wp-json\/wp\/v2\/product_brand?post=603863"},{"taxonomy":"product_cat","embeddable":true,"href":"https:\/\/lucacastelli.com\/de\/wp-json\/wp\/v2\/product_cat?post=603863"},{"taxonomy":"product_tag","embeddable":true,"href":"https:\/\/lucacastelli.com\/de\/wp-json\/wp\/v2\/product_tag?post=603863"}],"curies":[{"name":"wp","href":"https:\/\/api.w.org\/{rel}","templated":true}]}}