{"id":603858,"date":"2025-08-10T18:48:45","date_gmt":"2025-08-10T16:48:45","guid":{"rendered":"https:\/\/lucacastelli.com\/prodotto\/milwaukee-25-kg-abbruchhammer\/"},"modified":"2025-08-10T18:48:45","modified_gmt":"2025-08-10T16:48:45","slug":"milwaukee-25-kg-abbruchhammer","status":"publish","type":"product","link":"https:\/\/lucacastelli.com\/de\/produkt\/milwaukee-25-kg-abbruchhammer\/","title":{"rendered":"Milwaukee 25 kg Abbruchhammer"},"content":{"rendered":"<p>K2628H\/DEMOLITOREN UND PERFORATOREN<br \/>\n64 J Schlagenergie, f\u00fcr schwerste Anwendungen;Innovatives AVS-System f\u00fcr vibrationsarmes Arbeiten;Tragegriff f\u00fcr maximale Man\u00f6vrierbarkeit und Kontrolle beim Transport;1200 c\/min f\u00fcr maximale Leistung beim Abbruch;B\u00fcrstenloser Motor f\u00fcr minimale Wartung;10 m langes Kabel erm\u00f6glicht den Einsatz auf einer Fl\u00e4che von bis zu 314 m\u00b2;28 mm Innensechskant;Separat erh\u00e4ltlich Transportwagen mit Geh\u00e4use f\u00fcr 4 Mei\u00dfel und Kabel<\/p>\n<p>4933471685<br \/>\n4058546295844<\/p>\n","protected":false},"excerpt":{"rendered":"<p>K2628H\/DEMOLIERER UND PERFORIERER<\/p>\n","protected":false},"featured_media":600391,"template":"","meta":{"_seopress_robots_primary_cat":"","_seopress_titles_title":"","_seopress_titles_desc":"","_seopress_robots_index":""},"product_brand":[3656],"product_cat":[169,5534],"product_tag":[3272],"class_list":{"0":"post-603858","1":"product","2":"type-product","3":"status-publish","4":"has-post-thumbnail","6":"product_brand-milwaukee-de","7":"product_cat-maschinen","8":"product_cat-verschiedene-maschinen-von-milwaukee","9":"product_tag-import-milwau-de","10":"sws-conto-ricavi-merci-rivendita-macchinari-de","11":"sws-gruppo-iva-iva81-de","13":"first","14":"onbackorder","15":"shipping-taxable","16":"purchasable","17":"product-type-simple"},"_links":{"self":[{"href":"https:\/\/lucacastelli.com\/de\/wp-json\/wp\/v2\/product\/603858","targetHints":{"allow":["GET"]}}],"collection":[{"href":"https:\/\/lucacastelli.com\/de\/wp-json\/wp\/v2\/product"}],"about":[{"href":"https:\/\/lucacastelli.com\/de\/wp-json\/wp\/v2\/types\/product"}],"wp:featuredmedia":[{"embeddable":true,"href":"https:\/\/lucacastelli.com\/de\/wp-json\/wp\/v2\/media\/600391"}],"wp:attachment":[{"href":"https:\/\/lucacastelli.com\/de\/wp-json\/wp\/v2\/media?parent=603858"}],"wp:term":[{"taxonomy":"product_brand","embeddable":true,"href":"https:\/\/lucacastelli.com\/de\/wp-json\/wp\/v2\/product_brand?post=603858"},{"taxonomy":"product_cat","embeddable":true,"href":"https:\/\/lucacastelli.com\/de\/wp-json\/wp\/v2\/product_cat?post=603858"},{"taxonomy":"product_tag","embeddable":true,"href":"https:\/\/lucacastelli.com\/de\/wp-json\/wp\/v2\/product_tag?post=603858"}],"curies":[{"name":"wp","href":"https:\/\/api.w.org\/{rel}","templated":true}]}}