{"id":603855,"date":"2025-08-10T18:48:46","date_gmt":"2025-08-10T16:48:46","guid":{"rendered":"https:\/\/lucacastelli.com\/prodotto\/milwaukee-abbruchhammer-klasse-5kg\/"},"modified":"2025-08-10T18:48:46","modified_gmt":"2025-08-10T16:48:46","slug":"milwaukee-abbruchhammer-klasse-5kg","status":"publish","type":"product","link":"https:\/\/lucacastelli.com\/de\/produkt\/milwaukee-abbruchhammer-klasse-5kg\/","title":{"rendered":"Milwaukee Abbruchhammer Klasse 5kg"},"content":{"rendered":"<p>K500S\/DEMOLITORS AND PERFORATORS<br \/>\nLiefert 8.5J Schlagenergie f\u00fcr effektiven Abbruch;1300 W Leistung und Metallgetriebe f\u00fcr optimale W\u00e4rmeableitung und l\u00e4ngere Lebensdauer;Elektronische Drehzahlregelung auch unter Last f\u00fcr maximale Leistung;Sanftanlauf;Antivibrationssystem (AVS) mit Softgrip an beiden Griffen f\u00fcr maximale Vibrationsd\u00e4mpfung;Zus\u00e4tzlicher AVS-Griff an 3 verschiedenen Positionen; Softpercussion-Modus; Mei\u00dfel kann in verschiedene Positionen geschwenkt werden; LED-Wartungsanzeige; Variolock mit 12 Positionen zum Einstellen des Mei\u00dfelwinkels; 6 m Kabel<\/p>\n<p>4933398220<br \/>\n4002395234059<\/p>\n","protected":false},"excerpt":{"rendered":"<p>K500S\/DEMOLIERER UND PERFORIERER<\/p>\n","protected":false},"featured_media":568661,"template":"","meta":{"_seopress_robots_primary_cat":"","_seopress_titles_title":"","_seopress_titles_desc":"","_seopress_robots_index":""},"product_brand":[3656],"product_cat":[169,5534],"product_tag":[3272],"class_list":{"0":"post-603855","1":"product","2":"type-product","3":"status-publish","4":"has-post-thumbnail","6":"product_brand-milwaukee-de","7":"product_cat-maschinen","8":"product_cat-verschiedene-maschinen-von-milwaukee","9":"product_tag-import-milwau-de","10":"sws-conto-ricavi-merci-rivendita-macchinari-de","11":"sws-gruppo-iva-iva81-de","13":"first","14":"onbackorder","15":"shipping-taxable","16":"purchasable","17":"product-type-simple"},"_links":{"self":[{"href":"https:\/\/lucacastelli.com\/de\/wp-json\/wp\/v2\/product\/603855","targetHints":{"allow":["GET"]}}],"collection":[{"href":"https:\/\/lucacastelli.com\/de\/wp-json\/wp\/v2\/product"}],"about":[{"href":"https:\/\/lucacastelli.com\/de\/wp-json\/wp\/v2\/types\/product"}],"wp:featuredmedia":[{"embeddable":true,"href":"https:\/\/lucacastelli.com\/de\/wp-json\/wp\/v2\/media\/568661"}],"wp:attachment":[{"href":"https:\/\/lucacastelli.com\/de\/wp-json\/wp\/v2\/media?parent=603855"}],"wp:term":[{"taxonomy":"product_brand","embeddable":true,"href":"https:\/\/lucacastelli.com\/de\/wp-json\/wp\/v2\/product_brand?post=603855"},{"taxonomy":"product_cat","embeddable":true,"href":"https:\/\/lucacastelli.com\/de\/wp-json\/wp\/v2\/product_cat?post=603855"},{"taxonomy":"product_tag","embeddable":true,"href":"https:\/\/lucacastelli.com\/de\/wp-json\/wp\/v2\/product_tag?post=603855"}],"curies":[{"name":"wp","href":"https:\/\/api.w.org\/{rel}","templated":true}]}}