{"id":603847,"date":"2025-08-10T18:48:43","date_gmt":"2025-08-10T16:48:43","guid":{"rendered":"https:\/\/lucacastelli.com\/prodotto\/milwaukee-m12-fuel-kit-schlagbohrmaschine-schlagschrauber-%c2%bd%e2%80%b3-f-12v\/"},"modified":"2025-08-10T18:48:43","modified_gmt":"2025-08-10T16:48:43","slug":"milwaukee-m12-fuel-kit-schlagbohrmaschine-schlagschrauber-%c2%bd%e2%80%b3-f-12v","status":"publish","type":"product","link":"https:\/\/lucacastelli.com\/de\/produkt\/milwaukee-m12-fuel-kit-schlagbohrmaschine-schlagschrauber-%c2%bd%e2%80%b3-f-12v\/","title":{"rendered":"Milwaukee M12 FUEL\u2122 Kit Schlagbohrmaschine + Schlagschrauber \u00bd\u2033 F (12V)"},"content":{"rendered":"<p>M12FPP2X2-402X \/KIT M12FPD2+M12FCIWF12G3<br \/>\nM12FPD2 Kompakter Akku-Schlagbohrschrauber;Kleine Gr\u00f6\u00dfe (152 mm) erm\u00f6glicht den Zugang auf engstem Raum;45 Nm Drehmoment &#8211; Ausgezeichnetes Verh\u00e4ltnis von Drehmoment zu Gr\u00f6\u00dfe;13-mm-Hochleistungs-Metallbohrfutter h\u00e4lt Bits oder Bohrer sicher fest und erleichtert den Wechsel;Mechanische Kupplung mit 13 Einstellungen, Non-Impact\/Impact-Wahlschalter;G\u00fcrtelclip und LED-Licht;Unsere FUEL\u2122-Plattform DNA definiert die Akkutechnologie neu. Der b\u00fcrstenlose POWERSTATE\u2122-Motor, die REDLITHIUM\u2122-Akkus und die intelligente REDLINK PLUS\u2122-Elektronik sorgen f\u00fcr un\u00fcbertroffene Leistung, Reichweite und Langlebigkeit;Kompatibel mit allen Milwaukee M12\u2122-Akkus;M12FCIWF12G3 Akku-Schlagschrauber 1\/2 Zoll;542 Nm Anzugsmoment und 746 Nm L\u00f6semoment. Der leistungsst\u00e4rkste seiner Klasse;Kompakt und leicht, wiegt 1 kg und ist nur etwas \u00fcber 12 cm lang;Au\u00dfergew\u00f6hnliche Drehzahl: 3000 U\/min;4 DRIVE CONTROL-Modi, um die Drehzahl direkt am Werkzeug zu \u00e4ndern;Durch Dr\u00fccken des Schalters wird die Drehzahl schnell ausgew\u00e4hlt;3 LEDs auf der Vorderseite beleuchten den Arbeitsbereich;FUEL\u2122-Technologie definiert schnurlose Elektrowerkzeuge neu. Der b\u00fcrstenlose Motor, die REDLINK PLUS\u2122-Elektronik und der REDLITHIUM\u2122-Akku bieten \u00fcberlegene Leistung und Langlebigkeit;Funktioniert mit allen M12\u2122 Milwaukee\u00ae-Akkus;Kratzfeste und beschlagfreie Schutzbrille;Leicht, f\u00fcr mehr Komfort bei der Arbeit;Kratzfeste Gl\u00e4ser;Beschlagfreie Gl\u00e4ser;Bequeme und flexible Seitenarme f\u00fcr mehr Komfort;Europ\u00e4ische Zertifizierung: EN166 und EN170 \/ EN172;Geh\u00f6rschutzst\u00f6psel mit Kordel;Effiziente L\u00e4rmd\u00e4mpfung SNR = 31 dB;Mit der bequemen Kordel k\u00f6nnen die Geh\u00f6rschutzst\u00f6psel um den Hals gelegt werden, wenn sie nicht gebraucht werden;Hergestellt aus weichem Silikon, f\u00fcr maximalen Komfort auch bei l\u00e4ngerem Gebrauch. Wiederverwendbar, unter flie\u00dfendem Wasser mit milder Seife abwaschbar;Dank ihres Designs lassen sie sich einfach und schnell aufsetzen, um einen optimalen Sitz zu gew\u00e4hrleisten;Inklusive praktischem Etui zur Aufbewahrung der St\u00f6psel nach dem Gebrauch;Europ\u00e4ische Zertifizierung f\u00fcr Geh\u00f6rschutz &#8211; St\u00f6psel: EN 352-2;Packung mit drei St\u00f6pseln mit Kordel + praktischem Etui;CAT III PPE    <\/p>\n<p>4933498741<br \/>\n4058546526108<\/p>\n","protected":false},"excerpt":{"rendered":"<p>M12FPP2X2-402X \/KIT M12FPD2+M12FCIWF12G3<\/p>\n","protected":false},"featured_media":600734,"template":"","meta":{"_seopress_robots_primary_cat":"","_seopress_titles_title":"","_seopress_titles_desc":"","_seopress_robots_index":""},"product_brand":[3656],"product_cat":[169,5534],"product_tag":[3272],"class_list":{"0":"post-603847","1":"product","2":"type-product","3":"status-publish","4":"has-post-thumbnail","6":"product_brand-milwaukee-de","7":"product_cat-maschinen","8":"product_cat-verschiedene-maschinen-von-milwaukee","9":"product_tag-import-milwau-de","10":"sws-conto-ricavi-merci-rivendita-macchinari-de","11":"sws-gruppo-iva-iva81-de","13":"first","14":"onbackorder","15":"shipping-taxable","16":"purchasable","17":"product-type-simple"},"_links":{"self":[{"href":"https:\/\/lucacastelli.com\/de\/wp-json\/wp\/v2\/product\/603847","targetHints":{"allow":["GET"]}}],"collection":[{"href":"https:\/\/lucacastelli.com\/de\/wp-json\/wp\/v2\/product"}],"about":[{"href":"https:\/\/lucacastelli.com\/de\/wp-json\/wp\/v2\/types\/product"}],"wp:featuredmedia":[{"embeddable":true,"href":"https:\/\/lucacastelli.com\/de\/wp-json\/wp\/v2\/media\/600734"}],"wp:attachment":[{"href":"https:\/\/lucacastelli.com\/de\/wp-json\/wp\/v2\/media?parent=603847"}],"wp:term":[{"taxonomy":"product_brand","embeddable":true,"href":"https:\/\/lucacastelli.com\/de\/wp-json\/wp\/v2\/product_brand?post=603847"},{"taxonomy":"product_cat","embeddable":true,"href":"https:\/\/lucacastelli.com\/de\/wp-json\/wp\/v2\/product_cat?post=603847"},{"taxonomy":"product_tag","embeddable":true,"href":"https:\/\/lucacastelli.com\/de\/wp-json\/wp\/v2\/product_tag?post=603847"}],"curies":[{"name":"wp","href":"https:\/\/api.w.org\/{rel}","templated":true}]}}