{"id":603833,"date":"2025-08-10T18:47:49","date_gmt":"2025-08-10T16:47:49","guid":{"rendered":"https:\/\/lucacastelli.com\/prodotto\/milwaukee-ersatzklingen-sektor-klinge-2\/"},"modified":"2025-08-10T18:47:49","modified_gmt":"2025-08-10T16:47:49","slug":"milwaukee-ersatzklingen-sektor-klinge-2","status":"publish","type":"product","link":"https:\/\/lucacastelli.com\/de\/produkt\/milwaukee-ersatzklingen-sektor-klinge-2\/","title":{"rendered":"Milwaukee Ersatzklingen Sektor Klinge"},"content":{"rendered":"<p>9mm Silberklinge 10PCS\/CASE<br \/>\nBrechklingen im praktischen Spender zur sicheren Aufbewahrung;Optimierte Klingengeometrie f\u00fcr sch\u00e4rfere Schnitte;Mikrokarbidstahl f\u00fcr l\u00e4ngere Haltbarkeit<\/p>\n<p>4932480106<br \/>\n4058546403911<\/p>\n","protected":false},"excerpt":{"rendered":"<p>9mm Silberne Klinge 10PCS\/CASE<\/p>\n","protected":false},"featured_media":546841,"template":"","meta":{"_seopress_robots_primary_cat":"","_seopress_titles_title":"","_seopress_titles_desc":"","_seopress_robots_index":""},"product_brand":[3656],"product_cat":[150,5529],"product_tag":[3272],"class_list":{"0":"post-603833","1":"product","2":"type-product","3":"status-publish","4":"has-post-thumbnail","6":"product_brand-milwaukee-de","7":"product_cat-ausrustung","8":"product_cat-workshop-tools","9":"product_tag-import-milwau-de","10":"sws-conto-ricavi-merci-rivendita-macchinari-de","11":"sws-gruppo-iva-iva81-de","13":"first","14":"onbackorder","15":"shipping-taxable","16":"purchasable","17":"product-type-simple"},"_links":{"self":[{"href":"https:\/\/lucacastelli.com\/de\/wp-json\/wp\/v2\/product\/603833","targetHints":{"allow":["GET"]}}],"collection":[{"href":"https:\/\/lucacastelli.com\/de\/wp-json\/wp\/v2\/product"}],"about":[{"href":"https:\/\/lucacastelli.com\/de\/wp-json\/wp\/v2\/types\/product"}],"wp:featuredmedia":[{"embeddable":true,"href":"https:\/\/lucacastelli.com\/de\/wp-json\/wp\/v2\/media\/546841"}],"wp:attachment":[{"href":"https:\/\/lucacastelli.com\/de\/wp-json\/wp\/v2\/media?parent=603833"}],"wp:term":[{"taxonomy":"product_brand","embeddable":true,"href":"https:\/\/lucacastelli.com\/de\/wp-json\/wp\/v2\/product_brand?post=603833"},{"taxonomy":"product_cat","embeddable":true,"href":"https:\/\/lucacastelli.com\/de\/wp-json\/wp\/v2\/product_cat?post=603833"},{"taxonomy":"product_tag","embeddable":true,"href":"https:\/\/lucacastelli.com\/de\/wp-json\/wp\/v2\/product_tag?post=603833"}],"curies":[{"name":"wp","href":"https:\/\/api.w.org\/{rel}","templated":true}]}}