{"id":603828,"date":"2025-08-10T18:42:18","date_gmt":"2025-08-10T16:42:18","guid":{"rendered":"https:\/\/lucacastelli.com\/prodotto\/milwaukee-ersatzmesser-fuer-rasenmaeher\/"},"modified":"2025-08-10T18:42:18","modified_gmt":"2025-08-10T16:42:18","slug":"milwaukee-ersatzmesser-fuer-rasenmaeher","status":"publish","type":"product","link":"https:\/\/lucacastelli.com\/de\/produkt\/milwaukee-ersatzmesser-fuer-rasenmaeher\/","title":{"rendered":"Milwaukee Ersatzmesser f\u00fcr Rasenm\u00e4her"},"content":{"rendered":"<p>M\u00c4HERSCHAUFEL HP 21IN\/ 53 CM<br \/>\nErsatzmesser f\u00fcr Rasenm\u00e4her M18 F2LM53<\/p>\n<p>4932479819<br \/>\n4058546376130<\/p>\n","protected":false},"excerpt":{"rendered":"<p>M\u00c4HMESSER PS 21IN\/ 53 CM<\/p>\n","protected":false},"featured_media":544749,"template":"","meta":{"_seopress_robots_primary_cat":"","_seopress_titles_title":"","_seopress_titles_desc":"","_seopress_robots_index":""},"product_brand":[3656],"product_cat":[169,1656,1665],"product_tag":[3272],"class_list":{"0":"post-603828","1":"product","2":"type-product","3":"status-publish","4":"has-post-thumbnail","6":"product_brand-milwaukee-de","7":"product_cat-maschinen","8":"product_cat-rasenmaher-und-roboter","9":"product_cat-akku-rasenmaher","10":"product_tag-import-milwau-de","11":"sws-conto-ricavi-merci-rivendita-macchinari-de","12":"sws-gruppo-iva-iva81-de","14":"first","15":"onbackorder","16":"shipping-taxable","17":"purchasable","18":"product-type-simple"},"_links":{"self":[{"href":"https:\/\/lucacastelli.com\/de\/wp-json\/wp\/v2\/product\/603828","targetHints":{"allow":["GET"]}}],"collection":[{"href":"https:\/\/lucacastelli.com\/de\/wp-json\/wp\/v2\/product"}],"about":[{"href":"https:\/\/lucacastelli.com\/de\/wp-json\/wp\/v2\/types\/product"}],"wp:featuredmedia":[{"embeddable":true,"href":"https:\/\/lucacastelli.com\/de\/wp-json\/wp\/v2\/media\/544749"}],"wp:attachment":[{"href":"https:\/\/lucacastelli.com\/de\/wp-json\/wp\/v2\/media?parent=603828"}],"wp:term":[{"taxonomy":"product_brand","embeddable":true,"href":"https:\/\/lucacastelli.com\/de\/wp-json\/wp\/v2\/product_brand?post=603828"},{"taxonomy":"product_cat","embeddable":true,"href":"https:\/\/lucacastelli.com\/de\/wp-json\/wp\/v2\/product_cat?post=603828"},{"taxonomy":"product_tag","embeddable":true,"href":"https:\/\/lucacastelli.com\/de\/wp-json\/wp\/v2\/product_tag?post=603828"}],"curies":[{"name":"wp","href":"https:\/\/api.w.org\/{rel}","templated":true}]}}