{"id":603825,"date":"2025-08-10T18:43:05","date_gmt":"2025-08-10T16:43:05","guid":{"rendered":"https:\/\/lucacastelli.com\/prodotto\/milwaukee-kreissaegeblaetter-fuer-handwerkzeuge\/"},"modified":"2025-08-14T12:56:20","modified_gmt":"2025-08-14T10:56:20","slug":"milwaukee-kreissaegeblaetter-fuer-handwerkzeuge","status":"publish","type":"product","link":"https:\/\/lucacastelli.com\/de\/produkt\/milwaukee-kreissaegeblaetter-fuer-handwerkzeuge\/","title":{"rendered":"Milwaukee Klingen f\u00fcr Kreiss\u00e4gen f\u00fcr Handwerkzeuge"},"content":{"rendered":"<p>KREISKLINGE Durchm.\/Loch mm 165\/5\/8 Z4<br \/>\nPTFE-Beschichtung: Kaltschnitt, Antihaft f\u00fcr schnellere Schnitte. Sch\u00fctzt vor Korrosion und Harzablagerungen; Exapnsionsschlitze: geringere Vibrationen und h\u00f6here Pr\u00e4zision. Die Schlitze sind mit Polyurethan gef\u00fcllt und wirken wie Sto\u00dfd\u00e4mpfer, die die Z\u00e4hne von Vibrationen isolieren;Hochwertiger lasergeschnittener Stahl: garantierte Pr\u00e4zision;Kobalt-Hartmetall-Z\u00e4hne: saubere, saubere Schnitte  <\/p>\n<p>4932493217<br \/>\n4058546480882<\/p>\n","protected":false},"excerpt":{"rendered":"<p>KREIS BLADEN Durchm.\/Loch mm 165\/5\/8 Z4<\/p>\n","protected":false},"featured_media":601023,"template":"","meta":{"_seopress_robots_primary_cat":"","_seopress_titles_title":"","_seopress_titles_desc":"","_seopress_robots_index":""},"product_brand":[3656],"product_cat":[1454,1542,169,1535],"product_tag":[3272],"class_list":{"0":"post-603825","1":"product","2":"type-product","3":"status-publish","4":"has-post-thumbnail","6":"product_brand-milwaukee-de","7":"product_cat-andere-gerate","8":"product_cat-holzspalter-und-kreissagen","9":"product_cat-maschinen","10":"product_cat-sagen","11":"product_tag-import-milwau-de","12":"sws-conto-ricavi-merci-rivendita-macchinari-de","13":"sws-gruppo-iva-iva81-de","15":"first","16":"onbackorder","17":"shipping-taxable","18":"purchasable","19":"product-type-simple"},"_links":{"self":[{"href":"https:\/\/lucacastelli.com\/de\/wp-json\/wp\/v2\/product\/603825","targetHints":{"allow":["GET"]}}],"collection":[{"href":"https:\/\/lucacastelli.com\/de\/wp-json\/wp\/v2\/product"}],"about":[{"href":"https:\/\/lucacastelli.com\/de\/wp-json\/wp\/v2\/types\/product"}],"wp:featuredmedia":[{"embeddable":true,"href":"https:\/\/lucacastelli.com\/de\/wp-json\/wp\/v2\/media\/601023"}],"wp:attachment":[{"href":"https:\/\/lucacastelli.com\/de\/wp-json\/wp\/v2\/media?parent=603825"}],"wp:term":[{"taxonomy":"product_brand","embeddable":true,"href":"https:\/\/lucacastelli.com\/de\/wp-json\/wp\/v2\/product_brand?post=603825"},{"taxonomy":"product_cat","embeddable":true,"href":"https:\/\/lucacastelli.com\/de\/wp-json\/wp\/v2\/product_cat?post=603825"},{"taxonomy":"product_tag","embeddable":true,"href":"https:\/\/lucacastelli.com\/de\/wp-json\/wp\/v2\/product_tag?post=603825"}],"curies":[{"name":"wp","href":"https:\/\/api.w.org\/{rel}","templated":true}]}}