{"id":603822,"date":"2025-08-10T18:40:53","date_gmt":"2025-08-10T16:40:53","guid":{"rendered":"https:\/\/lucacastelli.com\/prodotto\/milwaukee-ersatzblatt-fuer-bogensaege-300-mm\/"},"modified":"2025-08-10T18:40:53","modified_gmt":"2025-08-10T16:40:53","slug":"milwaukee-ersatzblatt-fuer-bogensaege-300-mm","status":"publish","type":"product","link":"https:\/\/lucacastelli.com\/de\/produkt\/milwaukee-ersatzblatt-fuer-bogensaege-300-mm\/","title":{"rendered":"MILWAUKEE ERSATZBLATT F\u00dcR BOGENS\u00c4GE 300 MM"},"content":{"rendered":"<p>ERSATZBLATT F\u00dcR ARC SAW 300 MM<br \/>\n12&#8221;- (300 mm) Blatt mit 24 Z\u00e4hnen pro Zoll; Bi-Metall-Konstruktion f\u00fcr erh\u00f6hte Haltbarkeit und Lebensdauer; Anwendungen: Winkeleisen, Rohre, Messing, leichter Stahl; Kann mit Lichtbogens\u00e4ge und Mini-Lichtbogens\u00e4ge verwendet werden<\/p>\n<p>4932493923<br \/>\n4058546510831<\/p>\n","protected":false},"excerpt":{"rendered":"<p>ERSATZBLATT F\u00dcR BOGENS\u00c4GE 300 MM<\/p>\n","protected":false},"featured_media":564674,"template":"","meta":{"_seopress_robots_primary_cat":"","_seopress_titles_title":"","_seopress_titles_desc":"","_seopress_robots_index":""},"product_brand":[3656],"product_cat":[1454,169,1535],"product_tag":[3272],"class_list":{"0":"post-603822","1":"product","2":"type-product","3":"status-publish","4":"has-post-thumbnail","6":"product_brand-milwaukee-de","7":"product_cat-andere-gerate","8":"product_cat-maschinen","9":"product_cat-sagen","10":"product_tag-import-milwau-de","11":"sws-conto-ricavi-merci-rivendita-macchinari-de","12":"sws-gruppo-iva-iva81-de","14":"first","15":"onbackorder","16":"shipping-taxable","17":"purchasable","18":"product-type-simple"},"_links":{"self":[{"href":"https:\/\/lucacastelli.com\/de\/wp-json\/wp\/v2\/product\/603822","targetHints":{"allow":["GET"]}}],"collection":[{"href":"https:\/\/lucacastelli.com\/de\/wp-json\/wp\/v2\/product"}],"about":[{"href":"https:\/\/lucacastelli.com\/de\/wp-json\/wp\/v2\/types\/product"}],"wp:featuredmedia":[{"embeddable":true,"href":"https:\/\/lucacastelli.com\/de\/wp-json\/wp\/v2\/media\/564674"}],"wp:attachment":[{"href":"https:\/\/lucacastelli.com\/de\/wp-json\/wp\/v2\/media?parent=603822"}],"wp:term":[{"taxonomy":"product_brand","embeddable":true,"href":"https:\/\/lucacastelli.com\/de\/wp-json\/wp\/v2\/product_brand?post=603822"},{"taxonomy":"product_cat","embeddable":true,"href":"https:\/\/lucacastelli.com\/de\/wp-json\/wp\/v2\/product_cat?post=603822"},{"taxonomy":"product_tag","embeddable":true,"href":"https:\/\/lucacastelli.com\/de\/wp-json\/wp\/v2\/product_tag?post=603822"}],"curies":[{"name":"wp","href":"https:\/\/api.w.org\/{rel}","templated":true}]}}