{"id":603802,"date":"2025-08-10T18:37:59","date_gmt":"2025-08-10T16:37:59","guid":{"rendered":"https:\/\/lucacastelli.com\/prodotto\/milwaukee-einweg-gehoerschutzstoepsel-aus-schaumstoff\/"},"modified":"2025-08-10T18:37:59","modified_gmt":"2025-08-10T16:37:59","slug":"milwaukee-einweg-gehoerschutzstoepsel-aus-schaumstoff","status":"publish","type":"product","link":"https:\/\/lucacastelli.com\/de\/produkt\/milwaukee-einweg-gehoerschutzstoepsel-aus-schaumstoff\/","title":{"rendered":"Milwaukee Einweg-Geh\u00f6rschutzst\u00f6psel aus Schaumstoff"},"content":{"rendered":"<p>SINGLE-USE HEARING INSERTS &#8211; 10 PAIR<br \/>\nEffiziente L\u00e4rmd\u00e4mmung, SNR = 38 dB;Komfortabler Polyurethanschaum &#8211; f\u00fcr den ganzt\u00e4gigen Gebrauch;Schnelle Expansion des Schaums im Geh\u00f6rgang, f\u00fcr einen schnellen und sicheren Sitz;Europ\u00e4ische Zertifizierung f\u00fcr Geh\u00f6rschutz &#8211; Eins\u00e4tze: EN352-2 (SNR = 38 dB, H = 37, M = 36 dB, L = 32 dB);CAT III PPE<\/p>\n<p>4932480464<br \/>\n4058546407490<\/p>\n","protected":false},"excerpt":{"rendered":"<p>EINWEG-OHRST\u00d6PSEL &#8211; 10 PAAR<\/p>\n","protected":false},"featured_media":548567,"template":"","meta":{"_seopress_robots_primary_cat":"","_seopress_titles_title":"","_seopress_titles_desc":"","_seopress_robots_index":""},"product_brand":[3656],"product_cat":[150,1396,1404,1411],"product_tag":[3272],"class_list":{"0":"post-603802","1":"product","2":"type-product","3":"status-publish","4":"has-post-thumbnail","6":"product_brand-milwaukee-de","7":"product_cat-ausrustung","8":"product_cat-arbeitsausrustung","9":"product_cat-helme","10":"product_cat-visiere-und-schutzbrillen","11":"product_tag-import-milwau-de","12":"sws-conto-ricavi-merci-rivendita-macchinari-de","13":"sws-gruppo-iva-iva81-de","15":"first","16":"onbackorder","17":"shipping-taxable","18":"purchasable","19":"product-type-simple"},"_links":{"self":[{"href":"https:\/\/lucacastelli.com\/de\/wp-json\/wp\/v2\/product\/603802","targetHints":{"allow":["GET"]}}],"collection":[{"href":"https:\/\/lucacastelli.com\/de\/wp-json\/wp\/v2\/product"}],"about":[{"href":"https:\/\/lucacastelli.com\/de\/wp-json\/wp\/v2\/types\/product"}],"wp:featuredmedia":[{"embeddable":true,"href":"https:\/\/lucacastelli.com\/de\/wp-json\/wp\/v2\/media\/548567"}],"wp:attachment":[{"href":"https:\/\/lucacastelli.com\/de\/wp-json\/wp\/v2\/media?parent=603802"}],"wp:term":[{"taxonomy":"product_brand","embeddable":true,"href":"https:\/\/lucacastelli.com\/de\/wp-json\/wp\/v2\/product_brand?post=603802"},{"taxonomy":"product_cat","embeddable":true,"href":"https:\/\/lucacastelli.com\/de\/wp-json\/wp\/v2\/product_cat?post=603802"},{"taxonomy":"product_tag","embeddable":true,"href":"https:\/\/lucacastelli.com\/de\/wp-json\/wp\/v2\/product_tag?post=603802"}],"curies":[{"name":"wp","href":"https:\/\/api.w.org\/{rel}","templated":true}]}}