{"id":603800,"date":"2025-08-10T18:37:57","date_gmt":"2025-08-10T16:37:57","guid":{"rendered":"https:\/\/lucacastelli.com\/prodotto\/milwaukee-wiederverwendbare-ohrstoepsel-mit-schnur\/"},"modified":"2025-08-10T18:37:57","modified_gmt":"2025-08-10T16:37:57","slug":"milwaukee-wiederverwendbare-ohrstoepsel-mit-schnur","status":"publish","type":"product","link":"https:\/\/lucacastelli.com\/de\/produkt\/milwaukee-wiederverwendbare-ohrstoepsel-mit-schnur\/","title":{"rendered":"Milwaukee Wiederverwendbare Ohrst\u00f6psel mit Schnur"},"content":{"rendered":"<p>Wiederverwendbare Ohrst\u00f6psel mit Kordel &#8211; 3PC<br \/>\nEffiziente L\u00e4rmd\u00e4mpfung SNR = 31 dB;Die bequeme Kordel erm\u00f6glicht es, die Ohrst\u00f6psel um den Hals zu legen, wenn sie nicht gebraucht werden;Hergestellt aus weichem Silikon, f\u00fcr maximalen Komfort auch bei l\u00e4ngerem Gebrauch. Wiederverwendbar, unter flie\u00dfendem Wasser mit milder Seife abwaschbar;Dank ihres Designs lassen sie sich einfach und schnell aufsetzen, um einen optimalen Sitz zu gew\u00e4hrleisten;Praktisches Hartschalenetui im Lieferumfang enthalten, um die St\u00f6psel nach dem Gebrauch aufzubewahren;Europ\u00e4ische Zertifizierung f\u00fcr Geh\u00f6rschutz &#8211; Ohrst\u00f6psel: EN 352-2;Packung mit drei St\u00f6pseln mit Kordel + praktischem Etui;CAT III PPE <\/p>\n<p>4932471904<br \/>\n4058546298036<\/p>\n","protected":false},"excerpt":{"rendered":"<p>WIEDERVERWENDBARE KABELGEBUNDENE OHRST\u00d6PSEL &#8211; 3ST.<\/p>\n","protected":false},"featured_media":538488,"template":"","meta":{"_seopress_robots_primary_cat":"","_seopress_titles_title":"","_seopress_titles_desc":"","_seopress_robots_index":""},"product_brand":[3407],"product_cat":[33,537,815,816],"product_tag":[3270],"class_list":{"0":"post-603800","1":"product","2":"type-product","3":"status-publish","4":"has-post-thumbnail","6":"product_brand-milwaukee","7":"product_cat-attrezzature","8":"product_cat-attrezzatura-da-lavoro","9":"product_cat-caschi","10":"product_cat-visiere-e-occhiali-protettivi","11":"product_tag-import-milwau","12":"sws-conto-ricavi-merci-rivendita-macchinari-de","13":"sws-gruppo-iva-iva81-de","15":"first","16":"onbackorder","17":"shipping-taxable","18":"purchasable","19":"product-type-simple"},"_links":{"self":[{"href":"https:\/\/lucacastelli.com\/de\/wp-json\/wp\/v2\/product\/603800","targetHints":{"allow":["GET"]}}],"collection":[{"href":"https:\/\/lucacastelli.com\/de\/wp-json\/wp\/v2\/product"}],"about":[{"href":"https:\/\/lucacastelli.com\/de\/wp-json\/wp\/v2\/types\/product"}],"wp:featuredmedia":[{"embeddable":true,"href":"https:\/\/lucacastelli.com\/de\/wp-json\/wp\/v2\/media\/538488"}],"wp:attachment":[{"href":"https:\/\/lucacastelli.com\/de\/wp-json\/wp\/v2\/media?parent=603800"}],"wp:term":[{"taxonomy":"product_brand","embeddable":true,"href":"https:\/\/lucacastelli.com\/de\/wp-json\/wp\/v2\/product_brand?post=603800"},{"taxonomy":"product_cat","embeddable":true,"href":"https:\/\/lucacastelli.com\/de\/wp-json\/wp\/v2\/product_cat?post=603800"},{"taxonomy":"product_tag","embeddable":true,"href":"https:\/\/lucacastelli.com\/de\/wp-json\/wp\/v2\/product_tag?post=603800"}],"curies":[{"name":"wp","href":"https:\/\/api.w.org\/{rel}","templated":true}]}}