{"id":603797,"date":"2025-08-10T18:37:56","date_gmt":"2025-08-10T16:37:56","guid":{"rendered":"https:\/\/lucacastelli.com\/prodotto\/milwaukee-ohrstoepsel-mit-kopfband\/"},"modified":"2025-08-10T18:37:56","modified_gmt":"2025-08-10T16:37:56","slug":"milwaukee-ohrstoepsel-mit-kopfband","status":"publish","type":"product","link":"https:\/\/lucacastelli.com\/de\/produkt\/milwaukee-ohrstoepsel-mit-kopfband\/","title":{"rendered":"Milwaukee Ohrst\u00f6psel mit Kopfband"},"content":{"rendered":"<p>Geh\u00f6rschutzst\u00f6psel mit Band &#8211; 1 St\u00fcck<br \/>\n3 Verwendungsarten: \u00fcber dem Kopf, unter dem Kinn und hinter dem Nacken; gro\u00dfe Vielseitigkeit und einfache Anpassung f\u00fcr maximalen Komfort; die St\u00f6psel m\u00fcssen nicht entfernt werden, um die Position zu \u00e4ndern, so dass du einen kontinuierlichen Schutz hast; einfaches Auswechseln, austauschbare Schaumstoff- und TPR-Eins\u00e4tze im Lieferumfang enthalten; strapazierf\u00e4higes und bequemes Kopfband f\u00fcr eine lange Verwendung; europ\u00e4isches Geh\u00f6rschutzzertifikat: EN 352-2 (Ohrst\u00f6psel SNR TPR = 32 dB, Schaumstoffst\u00f6psel SNR = 33 dB);CAT III PPE<\/p>\n<p>4932478135<br \/>\n4058546340681<\/p>\n","protected":false},"excerpt":{"rendered":"<p>Geb\u00e4nderte Ohrst\u00f6psel &#8211; 1St.<\/p>\n","protected":false},"featured_media":540124,"template":"","meta":{"_seopress_robots_primary_cat":"","_seopress_titles_title":"","_seopress_titles_desc":"","_seopress_robots_index":""},"product_brand":[3656],"product_cat":[150,1396,1404,1411],"product_tag":[3272],"class_list":{"0":"post-603797","1":"product","2":"type-product","3":"status-publish","4":"has-post-thumbnail","6":"product_brand-milwaukee-de","7":"product_cat-ausrustung","8":"product_cat-arbeitsausrustung","9":"product_cat-helme","10":"product_cat-visiere-und-schutzbrillen","11":"product_tag-import-milwau-de","12":"sws-conto-ricavi-merci-rivendita-macchinari-de","13":"sws-gruppo-iva-iva81-de","15":"first","16":"onbackorder","17":"shipping-taxable","18":"purchasable","19":"product-type-simple"},"_links":{"self":[{"href":"https:\/\/lucacastelli.com\/de\/wp-json\/wp\/v2\/product\/603797","targetHints":{"allow":["GET"]}}],"collection":[{"href":"https:\/\/lucacastelli.com\/de\/wp-json\/wp\/v2\/product"}],"about":[{"href":"https:\/\/lucacastelli.com\/de\/wp-json\/wp\/v2\/types\/product"}],"wp:featuredmedia":[{"embeddable":true,"href":"https:\/\/lucacastelli.com\/de\/wp-json\/wp\/v2\/media\/540124"}],"wp:attachment":[{"href":"https:\/\/lucacastelli.com\/de\/wp-json\/wp\/v2\/media?parent=603797"}],"wp:term":[{"taxonomy":"product_brand","embeddable":true,"href":"https:\/\/lucacastelli.com\/de\/wp-json\/wp\/v2\/product_brand?post=603797"},{"taxonomy":"product_cat","embeddable":true,"href":"https:\/\/lucacastelli.com\/de\/wp-json\/wp\/v2\/product_cat?post=603797"},{"taxonomy":"product_tag","embeddable":true,"href":"https:\/\/lucacastelli.com\/de\/wp-json\/wp\/v2\/product_tag?post=603797"}],"curies":[{"name":"wp","href":"https:\/\/api.w.org\/{rel}","templated":true}]}}