{"id":603794,"date":"2025-05-31T22:49:38","date_gmt":"2025-05-31T20:49:38","guid":{"rendered":"https:\/\/lucacastelli.com\/prodotto\/stihl-gummiduese-mit-schraegem-ausschnitt\/"},"modified":"2025-05-31T22:49:38","modified_gmt":"2025-05-31T20:49:38","slug":"stihl-gummiduese-mit-schraegem-ausschnitt","status":"publish","type":"product","link":"https:\/\/lucacastelli.com\/de\/produkt\/stihl-gummiduese-mit-schraegem-ausschnitt\/","title":{"rendered":"STIHL Gummid\u00fcse mit schr\u00e4gem Ausschnitt"},"content":{"rendered":"<p>L\u00e4nge 185 mm. Zum Saugen von empfindlichen Oberfl\u00e4chen, f\u00fcr SE 62 &#8211; SE 133 ME.<br \/>\n795711059538<\/p>\n","protected":false},"excerpt":{"rendered":"<p>Gummid\u00fcse mit Schr\u00e4gschnitt<\/p>\n","protected":false},"featured_media":423166,"template":"","meta":{"_seopress_robots_primary_cat":"","_seopress_titles_title":"","_seopress_titles_desc":"","_seopress_robots_index":""},"product_brand":[3554],"product_cat":[1454,169,1475],"product_tag":[3266],"class_list":{"0":"post-603794","1":"product","2":"type-product","3":"status-publish","4":"has-post-thumbnail","6":"product_brand-stihl-de","7":"product_cat-andere-gerate","8":"product_cat-maschinen","9":"product_cat-staubsauger","10":"product_tag-import-stihl-de","11":"sws-gruppo-macchinari-de","12":"sws-conto-ricavi-merci-rivendita-macchinari-de","13":"sws-gruppo-iva-iva81-de","15":"first","16":"onbackorder","17":"purchasable","18":"product-type-simple"},"_links":{"self":[{"href":"https:\/\/lucacastelli.com\/de\/wp-json\/wp\/v2\/product\/603794","targetHints":{"allow":["GET"]}}],"collection":[{"href":"https:\/\/lucacastelli.com\/de\/wp-json\/wp\/v2\/product"}],"about":[{"href":"https:\/\/lucacastelli.com\/de\/wp-json\/wp\/v2\/types\/product"}],"wp:featuredmedia":[{"embeddable":true,"href":"https:\/\/lucacastelli.com\/de\/wp-json\/wp\/v2\/media\/423166"}],"wp:attachment":[{"href":"https:\/\/lucacastelli.com\/de\/wp-json\/wp\/v2\/media?parent=603794"}],"wp:term":[{"taxonomy":"product_brand","embeddable":true,"href":"https:\/\/lucacastelli.com\/de\/wp-json\/wp\/v2\/product_brand?post=603794"},{"taxonomy":"product_cat","embeddable":true,"href":"https:\/\/lucacastelli.com\/de\/wp-json\/wp\/v2\/product_cat?post=603794"},{"taxonomy":"product_tag","embeddable":true,"href":"https:\/\/lucacastelli.com\/de\/wp-json\/wp\/v2\/product_tag?post=603794"}],"curies":[{"name":"wp","href":"https:\/\/api.w.org\/{rel}","templated":true}]}}