{"id":603686,"date":"2025-08-11T12:23:33","date_gmt":"2025-08-11T10:23:33","guid":{"rendered":"https:\/\/lucacastelli.com\/prodotto\/milwaukee-handschuhe-impact-pro-cat-cut-c\/"},"modified":"2025-08-11T12:23:33","modified_gmt":"2025-08-11T10:23:33","slug":"milwaukee-handschuhe-impact-pro-cat-cut-c","status":"publish","type":"product","link":"https:\/\/lucacastelli.com\/de\/produkt\/milwaukee-handschuhe-impact-pro-cat-cut-c\/","title":{"rendered":"Milwaukee Handschuhe Impact Pro Cat. cut C"},"content":{"rendered":"<p>IMPACT PRO CAT.3 HANDSCHUHE\/C-11\/XXL &#8211; 1 Paar<br \/>\nStrapazierf\u00e4higes Material auf dem Handr\u00fccken und den Fingern reduziert und absorbiert St\u00f6\u00dfe;Verst\u00e4rkte Nitrilbeschichtung mit zus\u00e4tzlichem Schutz zwischen Daumen und Zeigefinger;Hervorragende Griffigkeit: Die Nitrilbeschichtung funktioniert bei extremen Temperaturen und \u00f6ligen Oberfl\u00e4chen besser als andere Materialien;SMARTSWIPE\u2122 Handfl\u00e4che und Fingerspitzen erm\u00f6glicht die Nutzung von Touchscreen-Ger\u00e4ten, ohne die Handschuhe ausziehen zu m\u00fcssen;Europ\u00e4ische Zertifizierung f\u00fcr Schnittschutz einschlie\u00dflich Schlag- und Hitzeschutztests: EN ISO 21420, EN388:2016 (4343CP), EN 407 (X1XXX)<\/p>\n<p>4932498533<br \/>\n4058546524029<\/p>\n","protected":false},"excerpt":{"rendered":"<p>IMPACT PRO CAT.3 HANDSCHUHE\/C-11\/XXL &#8211; 1 Paar Strapazierf\u00e4higes Material auf dem Handr\u00fccken und den Fingern reduziert und absorbiert St\u00f6\u00dfe;Verst\u00e4rkte Nitrilbeschichtung<\/p>\n","protected":false},"featured_media":567511,"template":"","meta":{"_seopress_robots_primary_cat":"","_seopress_titles_title":"","_seopress_titles_desc":"","_seopress_robots_index":""},"product_brand":[3407],"product_cat":[21,284],"product_tag":[],"class_list":{"0":"post-603686","1":"product","2":"type-product","3":"status-publish","4":"has-post-thumbnail","6":"product_brand-milwaukee","7":"product_cat-abbigliamento","8":"product_cat-abbigliamento-da-lavoro","9":"sws-gruppo-abb-libero-de","10":"sws-conto-ricavi-merci-rivendita-abbigliamento-de","11":"sws-gruppo-iva-iva81-de","13":"first","14":"instock","15":"shipping-taxable","16":"purchasable","17":"product-type-variable"},"_links":{"self":[{"href":"https:\/\/lucacastelli.com\/de\/wp-json\/wp\/v2\/product\/603686","targetHints":{"allow":["GET"]}}],"collection":[{"href":"https:\/\/lucacastelli.com\/de\/wp-json\/wp\/v2\/product"}],"about":[{"href":"https:\/\/lucacastelli.com\/de\/wp-json\/wp\/v2\/types\/product"}],"wp:featuredmedia":[{"embeddable":true,"href":"https:\/\/lucacastelli.com\/de\/wp-json\/wp\/v2\/media\/567511"}],"wp:attachment":[{"href":"https:\/\/lucacastelli.com\/de\/wp-json\/wp\/v2\/media?parent=603686"}],"wp:term":[{"taxonomy":"product_brand","embeddable":true,"href":"https:\/\/lucacastelli.com\/de\/wp-json\/wp\/v2\/product_brand?post=603686"},{"taxonomy":"product_cat","embeddable":true,"href":"https:\/\/lucacastelli.com\/de\/wp-json\/wp\/v2\/product_cat?post=603686"},{"taxonomy":"product_tag","embeddable":true,"href":"https:\/\/lucacastelli.com\/de\/wp-json\/wp\/v2\/product_tag?post=603686"}],"curies":[{"name":"wp","href":"https:\/\/api.w.org\/{rel}","templated":true}]}}