{"id":603638,"date":"2025-08-11T11:29:19","date_gmt":"2025-08-11T09:29:19","guid":{"rendered":"https:\/\/lucacastelli.com\/prodotto\/milwaukee-handschuhe-impact-pro-cat-cut-e\/"},"modified":"2025-08-11T11:29:19","modified_gmt":"2025-08-11T09:29:19","slug":"milwaukee-handschuhe-impact-pro-cat-cut-e","status":"publish","type":"product","link":"https:\/\/lucacastelli.com\/de\/produkt\/milwaukee-handschuhe-impact-pro-cat-cut-e\/","title":{"rendered":"Milwaukee Handschuhe Impact Pro Cat. cut E"},"content":{"rendered":"<p>IMPACT PRO HANDSCHUHE KAT.5\/E-11\/XXL &#8211; 1 Paar<br \/>\nDas Impact-Material auf dem Handr\u00fccken und den Fingern reduziert und absorbiert St\u00f6\u00dfe;Verst\u00e4rkte Nitrilbeschichtung mit zus\u00e4tzlichem Schutz zwischen Daumen und Fingern;Hervorragende Griffleistung: Nitrilmaterial bietet bei extremen Temperaturen und \u00f6ligen Oberfl\u00e4chen eine bessere Leistung als andere Materialien;SMARTSWIPE\u2122 auf Handfl\u00e4che und Fingerspitzen erm\u00f6glicht die Nutzung von Touchscreen-Ger\u00e4ten, ohne die Handschuhe ausziehen zu m\u00fcssen;Europ\u00e4ische Zertifizierung f\u00fcr Schnittschutz, einschlie\u00dflich Schlag- und Hitzeschutztests: EN ISO 21420, EN388:2016 (4343EP), EN 407 (X1XXX)<\/p>\n<p>4932498538<br \/>\n4058546524074<\/p>\n","protected":false},"excerpt":{"rendered":"<p>IMPACT PRO HANDSCHUHE KAT.5\/E-11\/XXL &#8211; 1 Paar Das Impact-Material auf dem Handr\u00fccken und den Fingern reduziert und absorbiert St\u00f6\u00dfe;Verst\u00e4rkte Nitrilbeschichtung<\/p>\n","protected":false},"featured_media":567556,"template":"","meta":{"_seopress_robots_primary_cat":"","_seopress_titles_title":"","_seopress_titles_desc":"","_seopress_robots_index":""},"product_brand":[3407],"product_cat":[21,284],"product_tag":[3270],"class_list":{"0":"post-603638","1":"product","2":"type-product","3":"status-publish","4":"has-post-thumbnail","6":"product_brand-milwaukee","7":"product_cat-abbigliamento","8":"product_cat-abbigliamento-da-lavoro","9":"product_tag-import-milwau","10":"sws-gruppo-abb-libero-de","11":"sws-conto-ricavi-merci-rivendita-abbigliamento-de","12":"sws-gruppo-iva-iva81-de","14":"first","15":"instock","16":"shipping-taxable","17":"purchasable","18":"product-type-variable"},"_links":{"self":[{"href":"https:\/\/lucacastelli.com\/de\/wp-json\/wp\/v2\/product\/603638","targetHints":{"allow":["GET"]}}],"collection":[{"href":"https:\/\/lucacastelli.com\/de\/wp-json\/wp\/v2\/product"}],"about":[{"href":"https:\/\/lucacastelli.com\/de\/wp-json\/wp\/v2\/types\/product"}],"wp:featuredmedia":[{"embeddable":true,"href":"https:\/\/lucacastelli.com\/de\/wp-json\/wp\/v2\/media\/567556"}],"wp:attachment":[{"href":"https:\/\/lucacastelli.com\/de\/wp-json\/wp\/v2\/media?parent=603638"}],"wp:term":[{"taxonomy":"product_brand","embeddable":true,"href":"https:\/\/lucacastelli.com\/de\/wp-json\/wp\/v2\/product_brand?post=603638"},{"taxonomy":"product_cat","embeddable":true,"href":"https:\/\/lucacastelli.com\/de\/wp-json\/wp\/v2\/product_cat?post=603638"},{"taxonomy":"product_tag","embeddable":true,"href":"https:\/\/lucacastelli.com\/de\/wp-json\/wp\/v2\/product_tag?post=603638"}],"curies":[{"name":"wp","href":"https:\/\/api.w.org\/{rel}","templated":true}]}}