{"id":603627,"date":"2025-08-11T11:09:10","date_gmt":"2025-08-11T09:09:10","guid":{"rendered":"https:\/\/lucacastelli.com\/prodotto\/milwaukee-vollbeschichtete-handschuhe-kat-schnitt-a\/"},"modified":"2025-08-11T11:09:10","modified_gmt":"2025-08-11T09:09:10","slug":"milwaukee-vollbeschichtete-handschuhe-kat-schnitt-a","status":"publish","type":"product","link":"https:\/\/lucacastelli.com\/de\/produkt\/milwaukee-vollbeschichtete-handschuhe-kat-schnitt-a\/","title":{"rendered":"Milwaukee Vollbeschichtete Handschuhe Kat. Schnitt A"},"content":{"rendered":"<p>VOLLST\u00c4NDIG NITRILE HANDSCHUHE CAT.A-1 Paar<br \/>\nDoppelte Nitrilbeschichtung auf dem gesamten Handschuh, um die Aufnahme von Wasser oder \u00d6l zu verhindern. Erste Schicht mit glattem Nitril \u00fcber die gesamte Hand und zweite Schicht mit mikrod\u00fcnnem Schaum auf der Handfl\u00e4che;Hervorragende Griffigkeit mit glattem Nitrilschaum auf der Handfl\u00e4che;Nitrilmaterial leistet bei hei\u00dferen Temperaturen und \u00f6ligen Oberfl\u00e4chen mehr als andere;Ideal f\u00fcr trockene, nasse und feuchte Arbeiten: Fertigung, Hydraulik, Forstwirtschaft, Automobil, Transport und Facility Management usw.SMARTSWIPE\u2122: erm\u00f6glicht die Nutzung von Touchscreen-Ger\u00e4ten, ohne die Handschuhe ausziehen zu m\u00fcssen;Europ\u00e4ische Zertifizierung f\u00fcr mechanischen und Hitzeschutz: EN ISO 21420, EN388:2016 (4221A), EN 407 (X1XXX)<\/p>\n<p>&nbsp;<\/p>\n","protected":false},"excerpt":{"rendered":"<p>VOLLST\u00c4NDIG NITRILE HANDSCHUHE CAT.A-1 Paar Doppelte Nitrilbeschichtung auf dem gesamten Handschuh, um die Aufnahme von Wasser oder \u00d6l zu verhindern.<\/p>\n","protected":false},"featured_media":561595,"template":"","meta":{"_seopress_robots_primary_cat":"none","_seopress_titles_title":"","_seopress_titles_desc":"","_seopress_robots_index":""},"product_brand":[3407],"product_cat":[21,284],"product_tag":[3270],"class_list":{"0":"post-603627","1":"product","2":"type-product","3":"status-publish","4":"has-post-thumbnail","6":"product_brand-milwaukee","7":"product_cat-abbigliamento","8":"product_cat-abbigliamento-da-lavoro","9":"product_tag-import-milwau","10":"sws-gruppo-abb-libero-de","11":"sws-conto-ricavi-merci-rivendita-abbigliamento-de","12":"sws-gruppo-iva-iva81-de","14":"first","15":"instock","16":"shipping-taxable","17":"purchasable","18":"product-type-variable"},"_links":{"self":[{"href":"https:\/\/lucacastelli.com\/de\/wp-json\/wp\/v2\/product\/603627","targetHints":{"allow":["GET"]}}],"collection":[{"href":"https:\/\/lucacastelli.com\/de\/wp-json\/wp\/v2\/product"}],"about":[{"href":"https:\/\/lucacastelli.com\/de\/wp-json\/wp\/v2\/types\/product"}],"wp:featuredmedia":[{"embeddable":true,"href":"https:\/\/lucacastelli.com\/de\/wp-json\/wp\/v2\/media\/561595"}],"wp:attachment":[{"href":"https:\/\/lucacastelli.com\/de\/wp-json\/wp\/v2\/media?parent=603627"}],"wp:term":[{"taxonomy":"product_brand","embeddable":true,"href":"https:\/\/lucacastelli.com\/de\/wp-json\/wp\/v2\/product_brand?post=603627"},{"taxonomy":"product_cat","embeddable":true,"href":"https:\/\/lucacastelli.com\/de\/wp-json\/wp\/v2\/product_cat?post=603627"},{"taxonomy":"product_tag","embeddable":true,"href":"https:\/\/lucacastelli.com\/de\/wp-json\/wp\/v2\/product_tag?post=603627"}],"curies":[{"name":"wp","href":"https:\/\/api.w.org\/{rel}","templated":true}]}}