{"id":603585,"date":"2025-08-11T10:59:51","date_gmt":"2025-08-11T08:59:51","guid":{"rendered":"https:\/\/lucacastelli.com\/prodotto\/milwaukee-general-pu-handschuhe\/"},"modified":"2025-08-11T10:59:51","modified_gmt":"2025-08-11T08:59:51","slug":"milwaukee-general-pu-handschuhe","status":"publish","type":"product","link":"https:\/\/lucacastelli.com\/de\/produkt\/milwaukee-general-pu-handschuhe\/","title":{"rendered":"Milwaukee General PU Handschuhe"},"content":{"rendered":"<p>SCHWARZE PU GENERISCHE HANDSCHUHE -12 Stck.<br \/>\nLeichte, d\u00fcnne Handschuhe mit Polyurethan-getr\u00e4nkter Handfl\u00e4che&lt;Br&gt;  entwickelt, um Komfort und gr\u00f6\u00dfere Fingerbeweglichkeit zu bieten&lt;Br&gt;  ideal f\u00fcr Bauarbeiten und allgemeinen Gebrauch, allgemeine Montage, Materialtransport, Tischlerarbeiten, Renovierungsarbeiten&lt;Br&gt;  zertifiziert nach der europ\u00e4ischen Norm f\u00fcr mechanischen Schutz: EN ISO 21420, EN388:2016 (3121A), UKCA.<\/p>\n<p>&nbsp;<\/p>\n","protected":false},"excerpt":{"rendered":"<p>SCHWARZE PU GENERISCHE HANDSCHUHE -12 Stck. Leichte, d\u00fcnne Handschuhe mit Polyurethan-getr\u00e4nkter Handfl\u00e4che&lt;Br&gt; entwickelt, um Komfort und gr\u00f6\u00dfere Fingerbeweglichkeit zu bieten&lt;Br&gt;<\/p>\n","protected":false},"featured_media":601175,"template":"","meta":{"_seopress_robots_primary_cat":"","_seopress_titles_title":"","_seopress_titles_desc":"","_seopress_robots_index":""},"product_brand":[3407],"product_cat":[21,284],"product_tag":[3270],"class_list":{"0":"post-603585","1":"product","2":"type-product","3":"status-publish","4":"has-post-thumbnail","6":"product_brand-milwaukee","7":"product_cat-abbigliamento","8":"product_cat-abbigliamento-da-lavoro","9":"product_tag-import-milwau","10":"sws-gruppo-abb-libero-de","11":"sws-conto-ricavi-merci-rivendita-abbigliamento-de","12":"sws-gruppo-iva-iva81-de","14":"first","15":"instock","16":"shipping-taxable","17":"purchasable","18":"product-type-variable"},"_links":{"self":[{"href":"https:\/\/lucacastelli.com\/de\/wp-json\/wp\/v2\/product\/603585","targetHints":{"allow":["GET"]}}],"collection":[{"href":"https:\/\/lucacastelli.com\/de\/wp-json\/wp\/v2\/product"}],"about":[{"href":"https:\/\/lucacastelli.com\/de\/wp-json\/wp\/v2\/types\/product"}],"wp:featuredmedia":[{"embeddable":true,"href":"https:\/\/lucacastelli.com\/de\/wp-json\/wp\/v2\/media\/601175"}],"wp:attachment":[{"href":"https:\/\/lucacastelli.com\/de\/wp-json\/wp\/v2\/media?parent=603585"}],"wp:term":[{"taxonomy":"product_brand","embeddable":true,"href":"https:\/\/lucacastelli.com\/de\/wp-json\/wp\/v2\/product_brand?post=603585"},{"taxonomy":"product_cat","embeddable":true,"href":"https:\/\/lucacastelli.com\/de\/wp-json\/wp\/v2\/product_cat?post=603585"},{"taxonomy":"product_tag","embeddable":true,"href":"https:\/\/lucacastelli.com\/de\/wp-json\/wp\/v2\/product_tag?post=603585"}],"curies":[{"name":"wp","href":"https:\/\/api.w.org\/{rel}","templated":true}]}}