{"id":603580,"date":"2025-08-11T10:54:02","date_gmt":"2025-08-11T08:54:02","guid":{"rendered":"https:\/\/lucacastelli.com\/prodotto\/milwaukee-demox-arbeitshandschuhe\/"},"modified":"2025-08-11T10:54:02","modified_gmt":"2025-08-11T08:54:02","slug":"milwaukee-demox-arbeitshandschuhe","status":"publish","type":"product","link":"https:\/\/lucacastelli.com\/de\/produkt\/milwaukee-demox-arbeitshandschuhe\/","title":{"rendered":"Milwaukee DemoX Arbeitshandschuhe"},"content":{"rendered":"<p>DEMOX WORK GLOVES &#8211; 1 Paar<br \/>\nVielseitige und bequeme Handschuhe;Handfl\u00e4che und Fingerspitzen verst\u00e4rkt mit ARMORTEX\u2122: erh\u00f6hte Haltbarkeit und Handschutz;SMARTSWIPE\u2122: erm\u00f6glicht die Nutzung von Touchscreen-Ger\u00e4ten, ohne die Handschuhe ausziehen zu m\u00fcssen;Kn\u00f6chelschutz: TPR-Polsterung bietet Schutz an den Kn\u00f6cheln;Atmungsaktives Tri-Cot-Futter: bietet maximalen Komfort und Atmungsaktivit\u00e4t;Schwammdaumen: zum Abwischen von Schwei\u00df von der Stirn;Klettverschluss f\u00fcr einen sicheren Sitz;Europ\u00e4ische Zertifizierung f\u00fcr mechanischen Schutz: EN ISO 21420, EN388:2016 (2121A)<\/p>\n<p>&nbsp;<\/p>\n","protected":false},"excerpt":{"rendered":"<p>DEMOX WORK GLOVES &#8211; 1 Paar Vielseitige und bequeme Handschuhe;Handfl\u00e4che und Fingerspitzen verst\u00e4rkt mit ARMORTEX\u2122: erh\u00f6hte Haltbarkeit und Handschutz;SMARTSWIPE\u2122: erm\u00f6glicht<\/p>\n","protected":false},"featured_media":567405,"template":"","meta":{"_seopress_robots_primary_cat":"none","_seopress_titles_title":"","_seopress_titles_desc":"","_seopress_robots_index":""},"product_brand":[3407],"product_cat":[21,284],"product_tag":[3270],"class_list":{"0":"post-603580","1":"product","2":"type-product","3":"status-publish","4":"has-post-thumbnail","6":"product_brand-milwaukee","7":"product_cat-abbigliamento","8":"product_cat-abbigliamento-da-lavoro","9":"product_tag-import-milwau","10":"sws-gruppo-abb-libero-de","11":"sws-conto-ricavi-merci-rivendita-abbigliamento-de","12":"sws-gruppo-iva-iva81-de","14":"first","15":"instock","16":"shipping-taxable","17":"purchasable","18":"product-type-variable"},"_links":{"self":[{"href":"https:\/\/lucacastelli.com\/de\/wp-json\/wp\/v2\/product\/603580","targetHints":{"allow":["GET"]}}],"collection":[{"href":"https:\/\/lucacastelli.com\/de\/wp-json\/wp\/v2\/product"}],"about":[{"href":"https:\/\/lucacastelli.com\/de\/wp-json\/wp\/v2\/types\/product"}],"wp:featuredmedia":[{"embeddable":true,"href":"https:\/\/lucacastelli.com\/de\/wp-json\/wp\/v2\/media\/567405"}],"wp:attachment":[{"href":"https:\/\/lucacastelli.com\/de\/wp-json\/wp\/v2\/media?parent=603580"}],"wp:term":[{"taxonomy":"product_brand","embeddable":true,"href":"https:\/\/lucacastelli.com\/de\/wp-json\/wp\/v2\/product_brand?post=603580"},{"taxonomy":"product_cat","embeddable":true,"href":"https:\/\/lucacastelli.com\/de\/wp-json\/wp\/v2\/product_cat?post=603580"},{"taxonomy":"product_tag","embeddable":true,"href":"https:\/\/lucacastelli.com\/de\/wp-json\/wp\/v2\/product_tag?post=603580"}],"curies":[{"name":"wp","href":"https:\/\/api.w.org\/{rel}","templated":true}]}}