{"id":603557,"date":"2025-08-11T10:56:01","date_gmt":"2025-08-11T08:56:01","guid":{"rendered":"https:\/\/lucacastelli.com\/prodotto\/milwaukee-handschuhe-fuer-elektro-kettensaegen-motorsaegen\/"},"modified":"2025-08-11T10:56:01","modified_gmt":"2025-08-11T08:56:01","slug":"milwaukee-handschuhe-fuer-elektro-kettensaegen-motorsaegen","status":"publish","type":"product","link":"https:\/\/lucacastelli.com\/de\/produkt\/milwaukee-handschuhe-fuer-elektro-kettensaegen-motorsaegen\/","title":{"rendered":"Milwaukee Handschuhe f\u00fcr Elektro-Kettens\u00e4gen\/Motors\u00e4gen"},"content":{"rendered":"<p>Kettens\u00e4genhandschuhe &#8211; 1 St\u00fcck<br \/>\nRobuster Schutz gegen S\u00e4geschnitte im linken und rechten Handschuh f\u00fcr die Arbeit im Wald;Hochwertiges Ziegenleder garantiert Strapazierf\u00e4higkeit und Wasserdichtigkeit bei Arbeiten in nasser Umgebung;Verst\u00e4rkte Oberfl\u00e4che, zwischen Daumen und Zeigefinger und Fingerspitzen mit TPU-Punktmuster f\u00fcr erh\u00f6hte Griffigkeit und Widerstandsf\u00e4higkeit;Smartswipe\u2122 &#8211; Erm\u00f6glicht die Nutzung von Touchscreen-Ger\u00e4ten, ohne die Handschuhe aus dem Zeigegelenk nehmen zu m\u00fcssen;Kettens\u00e4genschutz EN ISO 11393 Klasse 1 (20 m\/s) und mechanischer Schutz EN388:2016 (2122A) und EN ISO 21420<\/p>\n<p>&nbsp;<\/p>\n","protected":false},"excerpt":{"rendered":"<p>Kettens\u00e4genhandschuhe &#8211; 1 St\u00fcck Robuster Schutz gegen S\u00e4geschnitte im linken und rechten Handschuh f\u00fcr die Arbeit im Wald;Hochwertiges Ziegenleder garantiert<\/p>\n","protected":false},"featured_media":562663,"template":"","meta":{"_seopress_robots_primary_cat":"","_seopress_titles_title":"","_seopress_titles_desc":"","_seopress_robots_index":""},"product_brand":[3656],"product_cat":[1382,82],"product_tag":[3272],"class_list":{"0":"post-603557","1":"product","2":"type-product","3":"status-publish","4":"has-post-thumbnail","6":"product_brand-milwaukee-de","7":"product_cat-arbeitskleidung","8":"product_cat-kleidung","9":"product_tag-import-milwau-de","10":"sws-gruppo-abb-libero-de","11":"sws-conto-ricavi-merci-rivendita-abbigliamento-de","12":"sws-gruppo-iva-iva81-de","14":"first","15":"instock","16":"shipping-taxable","17":"purchasable","18":"product-type-variable"},"_links":{"self":[{"href":"https:\/\/lucacastelli.com\/de\/wp-json\/wp\/v2\/product\/603557","targetHints":{"allow":["GET"]}}],"collection":[{"href":"https:\/\/lucacastelli.com\/de\/wp-json\/wp\/v2\/product"}],"about":[{"href":"https:\/\/lucacastelli.com\/de\/wp-json\/wp\/v2\/types\/product"}],"wp:featuredmedia":[{"embeddable":true,"href":"https:\/\/lucacastelli.com\/de\/wp-json\/wp\/v2\/media\/562663"}],"wp:attachment":[{"href":"https:\/\/lucacastelli.com\/de\/wp-json\/wp\/v2\/media?parent=603557"}],"wp:term":[{"taxonomy":"product_brand","embeddable":true,"href":"https:\/\/lucacastelli.com\/de\/wp-json\/wp\/v2\/product_brand?post=603557"},{"taxonomy":"product_cat","embeddable":true,"href":"https:\/\/lucacastelli.com\/de\/wp-json\/wp\/v2\/product_cat?post=603557"},{"taxonomy":"product_tag","embeddable":true,"href":"https:\/\/lucacastelli.com\/de\/wp-json\/wp\/v2\/product_tag?post=603557"}],"curies":[{"name":"wp","href":"https:\/\/api.w.org\/{rel}","templated":true}]}}