{"id":603504,"date":"2025-08-12T18:08:08","date_gmt":"2025-08-12T16:08:08","guid":{"rendered":"https:\/\/lucacastelli.com\/?post_type=product&#038;p=603504"},"modified":"2025-08-13T12:02:13","modified_gmt":"2025-08-13T10:02:13","slug":"milwaukee-workskin-hose-mit-technischer-unterwaschemilwaukee-workskin-hose-mit-technischer-unterwasche","status":"publish","type":"product","link":"https:\/\/lucacastelli.com\/de\/produkt\/milwaukee-workskin-hose-mit-technischer-unterwaschemilwaukee-workskin-hose-mit-technischer-unterwasche\/","title":{"rendered":"Milwaukee WORKSKIN Hose mit technischer Unterw\u00e4scheMILWAUKEE WORKSKIN Hose mit technischer Unterw\u00e4sche"},"content":{"rendered":"<p>WORKSKIN CWB Layer Pants Blk XL<br \/>\nSpezielles atmungsaktives Material: schnelle Verdunstung von Schwei\u00df w\u00e4hrend der Arbeit;Geb\u00fcrstetes Fleece-Futter: f\u00fcr zus\u00e4tzliche W\u00e4rme und eine bequeme, eng anliegende Passform an langen, kalten Tagen;Tailored: Das eng anliegende Design und die flachen N\u00e4hte verhindern Reibung und lassen sich leicht \u00fcbereinander ziehen;4-Wege-Stretch: erm\u00f6glicht maximale Bewegungsfreiheit<\/p>\n<p>4932498292<br \/>\n4058546521615<\/p>\n","protected":false},"excerpt":{"rendered":"<p>WORKSKIN CWB Layer Pants Blk XL Spezielles atmungsaktives Material: schnelle Verdunstung von Schwei\u00df w\u00e4hrend der Arbeit;Geb\u00fcrstetes Fleece-Futter: f\u00fcr zus\u00e4tzliche W\u00e4rme<\/p>\n","protected":false},"featured_media":600990,"template":"","meta":{"_seopress_robots_primary_cat":"","_seopress_titles_title":"","_seopress_titles_desc":"","_seopress_robots_index":""},"product_brand":[3407],"product_cat":[21,284],"product_tag":[3270],"class_list":{"0":"post-603504","1":"product","2":"type-product","3":"status-publish","4":"has-post-thumbnail","6":"product_brand-milwaukee","7":"product_cat-abbigliamento","8":"product_cat-abbigliamento-da-lavoro","9":"product_tag-import-milwau","10":"sws-gruppo-abb-libero-de","11":"sws-conto-ricavi-merci-rivendita-abbigliamento-de","12":"sws-gruppo-iva-iva81-de","14":"first","15":"instock","16":"shipping-taxable","17":"purchasable","18":"product-type-variable"},"_links":{"self":[{"href":"https:\/\/lucacastelli.com\/de\/wp-json\/wp\/v2\/product\/603504","targetHints":{"allow":["GET"]}}],"collection":[{"href":"https:\/\/lucacastelli.com\/de\/wp-json\/wp\/v2\/product"}],"about":[{"href":"https:\/\/lucacastelli.com\/de\/wp-json\/wp\/v2\/types\/product"}],"wp:featuredmedia":[{"embeddable":true,"href":"https:\/\/lucacastelli.com\/de\/wp-json\/wp\/v2\/media\/600990"}],"wp:attachment":[{"href":"https:\/\/lucacastelli.com\/de\/wp-json\/wp\/v2\/media?parent=603504"}],"wp:term":[{"taxonomy":"product_brand","embeddable":true,"href":"https:\/\/lucacastelli.com\/de\/wp-json\/wp\/v2\/product_brand?post=603504"},{"taxonomy":"product_cat","embeddable":true,"href":"https:\/\/lucacastelli.com\/de\/wp-json\/wp\/v2\/product_cat?post=603504"},{"taxonomy":"product_tag","embeddable":true,"href":"https:\/\/lucacastelli.com\/de\/wp-json\/wp\/v2\/product_tag?post=603504"}],"curies":[{"name":"wp","href":"https:\/\/api.w.org\/{rel}","templated":true}]}}