{"id":603491,"date":"2025-08-11T07:31:14","date_gmt":"2025-08-11T05:31:14","guid":{"rendered":"https:\/\/lucacastelli.com\/prodotto\/milwaukee-toughshell-thermoweste-grau\/"},"modified":"2025-08-11T07:31:14","modified_gmt":"2025-08-11T05:31:14","slug":"milwaukee-toughshell-thermoweste-grau","status":"publish","type":"product","link":"https:\/\/lucacastelli.com\/de\/produkt\/milwaukee-toughshell-thermoweste-grau\/","title":{"rendered":"Milwaukee Toughshell\u2122 Thermoweste &#8211; Grau"},"content":{"rendered":"<p>M12 HVGREY1-03XLGILETTERM.TOUGHSHELL GRI<br \/>\nTOUGHSHELL\u2122 W\u00e4rmeweste, angetrieben durch einen M12\u2122-Akku mit Kohlefaser-Heizelementen, erzeugt und verteilt W\u00e4rme auf Brust und R\u00fccken;\u00dcberragende Laufzeit &#8211; bis zu 11 Stunden W\u00e4rme mit einer einzigen Akkuladung aus einem M12\u2122 12V REDLITHIUM\u2122 3 Ah-Akkupack;TOUGHSHELL\u2122-Stretchmaterial aus 90 % Polyester und 10 % Spandex, um harten Arbeitsbedingungen standzuhalten.Verdeckte Akkutasche, die so optimiert ist, dass der M12\u2122-Akku f\u00fcr zus\u00e4tzlichen Komfort vorne oder hinten platziert werden kann;Mehrere Heizzonen &#8211; 3 eingen\u00e4hte Kohlefaser-Heizzonen verteilen die W\u00e4rme auf die zentralen K\u00f6rperbereiche;Einfacher One-Touch-Heizungsregler &#8211; 3 Heizstufen: hoch, mittel, niedrig;Maschinenwaschbar und trocknergeeignet;Inklusive Batteriehalter;Vielseitiges Batteriesystem: funktioniert mit allen Milwaukee\u00aeM12\u2122-Batterien<\/p>\n<p>4932480105<br \/>\n4058546403904<\/p>\n","protected":false},"excerpt":{"rendered":"<p>M12 HVGREY1-03XLGILETTERM.TOUGHSHELL GRI TOUGHSHELL\u2122 W\u00e4rmeweste, angetrieben durch einen M12\u2122-Akku mit Kohlefaser-Heizelementen, erzeugt und verteilt W\u00e4rme auf Brust und R\u00fccken;\u00dcberragende Laufzeit<\/p>\n","protected":false},"featured_media":546738,"template":"","meta":{"_seopress_robots_primary_cat":"none","_seopress_titles_title":"","_seopress_titles_desc":"","_seopress_robots_index":""},"product_brand":[3407],"product_cat":[21,284],"product_tag":[],"class_list":{"0":"post-603491","1":"product","2":"type-product","3":"status-publish","4":"has-post-thumbnail","6":"product_brand-milwaukee","7":"product_cat-abbigliamento","8":"product_cat-abbigliamento-da-lavoro","9":"sws-gruppo-abb-libero-de","10":"sws-conto-ricavi-merci-rivendita-abbigliamento-de","11":"sws-gruppo-iva-iva81-de","13":"first","14":"instock","15":"shipping-taxable","16":"purchasable","17":"product-type-variable","18":"has-default-attributes"},"_links":{"self":[{"href":"https:\/\/lucacastelli.com\/de\/wp-json\/wp\/v2\/product\/603491","targetHints":{"allow":["GET"]}}],"collection":[{"href":"https:\/\/lucacastelli.com\/de\/wp-json\/wp\/v2\/product"}],"about":[{"href":"https:\/\/lucacastelli.com\/de\/wp-json\/wp\/v2\/types\/product"}],"wp:featuredmedia":[{"embeddable":true,"href":"https:\/\/lucacastelli.com\/de\/wp-json\/wp\/v2\/media\/546738"}],"wp:attachment":[{"href":"https:\/\/lucacastelli.com\/de\/wp-json\/wp\/v2\/media?parent=603491"}],"wp:term":[{"taxonomy":"product_brand","embeddable":true,"href":"https:\/\/lucacastelli.com\/de\/wp-json\/wp\/v2\/product_brand?post=603491"},{"taxonomy":"product_cat","embeddable":true,"href":"https:\/\/lucacastelli.com\/de\/wp-json\/wp\/v2\/product_cat?post=603491"},{"taxonomy":"product_tag","embeddable":true,"href":"https:\/\/lucacastelli.com\/de\/wp-json\/wp\/v2\/product_tag?post=603491"}],"curies":[{"name":"wp","href":"https:\/\/api.w.org\/{rel}","templated":true}]}}