{"id":603461,"date":"2025-08-11T06:40:00","date_gmt":"2025-08-11T04:40:00","guid":{"rendered":"https:\/\/lucacastelli.com\/prodotto\/milwaukee-m12-thermojacke-grau\/"},"modified":"2025-08-11T06:40:00","modified_gmt":"2025-08-11T04:40:00","slug":"milwaukee-m12-thermojacke-grau","status":"publish","type":"product","link":"https:\/\/lucacastelli.com\/de\/produkt\/milwaukee-m12-thermojacke-grau\/","title":{"rendered":"Milwaukee M12\u2122 Thermojacke &#8211; Grau"},"content":{"rendered":"<p>M12HJGREY5-0(L) KURBELGEH\u00c4USE<br \/>\nKohlefaserzonen, gleichm\u00e4\u00dfig verteilte W\u00e4rme auf Brust und R\u00fccken und in den Vordertaschen;Hohe Autonomie: bis zu 8 Stunden W\u00e4rme mit einer Batterie (im niedrigen Modus mit 2.0 Ah);W\u00e4rmestufenregelung mit einer einfachen Ber\u00fchrung, 3 Modi: hohe, mittlere, niedrige Temperatur;TOUGHSHELL\u2122-Material: 90% Stretch-Polyester und 10% Elasthan, um den h\u00e4rtesten Bedingungen standzuhalten und bis zu 5 Mal haltbarer zu sein;FREE FLEX\u2122-Beweglichkeit: zus\u00e4tzliches Material unter den Armen, um die Bewegung zu erleichtern;Neues Design der Batteriehalterung: Platziere ihn bequem in den Vorder- oder R\u00fcckentaschen;Verbessertes Design mit verl\u00e4ngertem R\u00fccken und verstellbarer Taille, um W\u00e4rmeverlust zu verhindern;M12\u2122-Akkuhalterung mit USB-Eingang zum Aufladen deines Mobiltelefons;Wasser- und windabweisend: bietet Komfort und Strapazierf\u00e4higkeit auch unter den h\u00e4rtesten Bedingungen;Gro\u00dfe Taschen und zus\u00e4tzliche Brusttasche, ideal zum Verstauen deines Mobiltelefons;Funktioniert mit allen Milwaukee M12\u2122-Akkus;Erh\u00e4ltlich in den Gr\u00f6\u00dfen S-M-L-XL-2XL-3XL;Maschinenwaschbar und trocknergeeignet<\/p>\n<p>4933479363<br \/>\n4058546371579<\/p>\n","protected":false},"excerpt":{"rendered":"<p>M12HJGREY5-0(L) KURBELGEH\u00c4USE Kohlefaserzonen, gleichm\u00e4\u00dfig verteilte W\u00e4rme auf Brust und R\u00fccken und in den Vordertaschen;Hohe Autonomie: bis zu 8 Stunden W\u00e4rme<\/p>\n","protected":false},"featured_media":601134,"template":"","meta":{"_seopress_robots_primary_cat":"none","_seopress_titles_title":"","_seopress_titles_desc":"","_seopress_robots_index":""},"product_brand":[3407],"product_cat":[21,284,189,190],"product_tag":[],"class_list":{"0":"post-603461","1":"product","2":"type-product","3":"status-publish","4":"has-post-thumbnail","6":"product_brand-milwaukee","7":"product_cat-abbigliamento","8":"product_cat-abbigliamento-da-lavoro","9":"product_cat-abbigliamento-per-il-tempo-libero","10":"product_cat-abbigliamento-da-uomo","11":"sws-gruppo-abb-libero-de","12":"sws-conto-ricavi-merci-rivendita-abbigliamento-de","13":"sws-gruppo-iva-iva81-de","15":"first","16":"instock","17":"shipping-taxable","18":"purchasable","19":"product-type-variable","20":"has-default-attributes"},"_links":{"self":[{"href":"https:\/\/lucacastelli.com\/de\/wp-json\/wp\/v2\/product\/603461","targetHints":{"allow":["GET"]}}],"collection":[{"href":"https:\/\/lucacastelli.com\/de\/wp-json\/wp\/v2\/product"}],"about":[{"href":"https:\/\/lucacastelli.com\/de\/wp-json\/wp\/v2\/types\/product"}],"wp:featuredmedia":[{"embeddable":true,"href":"https:\/\/lucacastelli.com\/de\/wp-json\/wp\/v2\/media\/601134"}],"wp:attachment":[{"href":"https:\/\/lucacastelli.com\/de\/wp-json\/wp\/v2\/media?parent=603461"}],"wp:term":[{"taxonomy":"product_brand","embeddable":true,"href":"https:\/\/lucacastelli.com\/de\/wp-json\/wp\/v2\/product_brand?post=603461"},{"taxonomy":"product_cat","embeddable":true,"href":"https:\/\/lucacastelli.com\/de\/wp-json\/wp\/v2\/product_cat?post=603461"},{"taxonomy":"product_tag","embeddable":true,"href":"https:\/\/lucacastelli.com\/de\/wp-json\/wp\/v2\/product_tag?post=603461"}],"curies":[{"name":"wp","href":"https:\/\/api.w.org\/{rel}","templated":true}]}}