{"id":603435,"date":"2025-08-11T07:04:59","date_gmt":"2025-08-11T05:04:59","guid":{"rendered":"https:\/\/lucacastelli.com\/prodotto\/milwaukee-freeflex-arbeitshosen\/"},"modified":"2025-08-11T07:04:59","modified_gmt":"2025-08-11T05:04:59","slug":"milwaukee-freeflex-arbeitshosen","status":"publish","type":"product","link":"https:\/\/lucacastelli.com\/de\/produkt\/milwaukee-freeflex-arbeitshosen\/","title":{"rendered":"Milwaukee FREEFLEX\u2122 Arbeitshosen"},"content":{"rendered":"<p>FREEFLEX WORK PANTS SCHWARZ TG 64<br \/>\nFREEFLEX\u2122 Mobilit\u00e4t: 4-Wege-Stretch-Material in den wichtigsten Bewegungsbereichen sorgt f\u00fcr maximale Bewegungsfreiheit, auch wenn der Benutzer mit Ausr\u00fcstung beladen ist.;Strapazierf\u00e4higes, mittelschweres Material mit 245 g\/m\u00b2 (65% recyceltes Polyester \/ 35% Baumwolle), ideal f\u00fcr den Innen- und Au\u00dfenbereich.;Abnehmbare, verst\u00e4rkte Holstertaschen mit Schlaufen f\u00fcr flexible Aufbewahrung (mit Rei\u00dfverschluss und Kn\u00f6pfen).;Diagonal offene Seitentasche zur Aufbewahrung l\u00e4ngerer Werkzeuge (Ma\u00dfband, Zange, Schl\u00fcssel) mit zus\u00e4tzlichem Platz f\u00fcr kleinere Werkzeuge.;2x abschlie\u00dfbare Seitentaschen mit Schlaufen, 2x Vordertaschen und 2x abschlie\u00dfbare Ges\u00e4\u00dftaschen.;Verst\u00e4rkte Cordura\u00ae-Kniepolstertaschen mit Klappen zum Schutz vor Staub und Schmutz.;Werkzeughalter f\u00fcr sicheres Arbeiten in der H\u00f6he.;Hammerschlaufe f\u00fcr schnellen Zugriff auf H\u00e4mmer.;Die Hose kann unten um 5 cm verl\u00e4ngert werden, um eine maximale Passform zu erm\u00f6glichen.<\/p>\n<p>4932498200<br \/>\n4058546520694<\/p>\n","protected":false},"excerpt":{"rendered":"<p>FREEFLEX WORK PANTS SCHWARZ TG 64 FREEFLEX\u2122 Mobilit\u00e4t: 4-Wege-Stretch-Material in den wichtigsten Bewegungsbereichen sorgt f\u00fcr maximale Bewegungsfreiheit, auch wenn der<\/p>\n","protected":false},"featured_media":601191,"template":"","meta":{"_seopress_robots_primary_cat":"","_seopress_titles_title":"","_seopress_titles_desc":"","_seopress_robots_index":""},"product_brand":[3407],"product_cat":[21,284],"product_tag":[],"class_list":{"0":"post-603435","1":"product","2":"type-product","3":"status-publish","4":"has-post-thumbnail","6":"product_brand-milwaukee","7":"product_cat-abbigliamento","8":"product_cat-abbigliamento-da-lavoro","9":"sws-gruppo-abb-libero-de","10":"sws-conto-ricavi-merci-rivendita-abbigliamento-de","11":"sws-gruppo-iva-iva81-de","13":"first","14":"instock","15":"shipping-taxable","16":"purchasable","17":"product-type-variable"},"_links":{"self":[{"href":"https:\/\/lucacastelli.com\/de\/wp-json\/wp\/v2\/product\/603435","targetHints":{"allow":["GET"]}}],"collection":[{"href":"https:\/\/lucacastelli.com\/de\/wp-json\/wp\/v2\/product"}],"about":[{"href":"https:\/\/lucacastelli.com\/de\/wp-json\/wp\/v2\/types\/product"}],"wp:featuredmedia":[{"embeddable":true,"href":"https:\/\/lucacastelli.com\/de\/wp-json\/wp\/v2\/media\/601191"}],"wp:attachment":[{"href":"https:\/\/lucacastelli.com\/de\/wp-json\/wp\/v2\/media?parent=603435"}],"wp:term":[{"taxonomy":"product_brand","embeddable":true,"href":"https:\/\/lucacastelli.com\/de\/wp-json\/wp\/v2\/product_brand?post=603435"},{"taxonomy":"product_cat","embeddable":true,"href":"https:\/\/lucacastelli.com\/de\/wp-json\/wp\/v2\/product_cat?post=603435"},{"taxonomy":"product_tag","embeddable":true,"href":"https:\/\/lucacastelli.com\/de\/wp-json\/wp\/v2\/product_tag?post=603435"}],"curies":[{"name":"wp","href":"https:\/\/api.w.org\/{rel}","templated":true}]}}