{"id":603414,"date":"2025-08-11T06:33:06","date_gmt":"2025-08-11T04:33:06","guid":{"rendered":"https:\/\/lucacastelli.com\/prodotto\/milwaukee-m12-thermojacke-schwarz\/"},"modified":"2025-08-11T06:33:06","modified_gmt":"2025-08-11T04:33:06","slug":"milwaukee-m12-thermojacke-schwarz","status":"publish","type":"product","link":"https:\/\/lucacastelli.com\/de\/produkt\/milwaukee-m12-thermojacke-schwarz\/","title":{"rendered":"Milwaukee M12\u2122 Thermojacke &#8211; Schwarz"},"content":{"rendered":"<p>M12HJBL5-0(L) KURBELGEH\u00c4USE<br \/>\nKohlefaserzonen, gleichm\u00e4\u00dfig verteilte W\u00e4rme auf Brust, R\u00fccken und in den Vordertaschen;Hohe Autonomie: bis zu 8 Stunden W\u00e4rme mit einer Batterie (im niedrigen Modus mit 2.0 Ah);W\u00e4rmestufenregelung mit einer einfachen Ber\u00fchrung, 3 Modi: hohe, mittlere, niedrige Temperatur;TOUGHSHELL\u2122 Material: 90% Stretch-Polyester und 10% Elasthan, um den anspruchsvollsten Bedingungen gerecht zu werden und bis zu 5-mal haltbarer zu sein;FREE FLEX\u2122 Mobilit\u00e4t: zus\u00e4tzliches Material unter den Armen, um die Bewegung zu erleichtern;Neues Design der Batteriehalterung: Positionierung in den Vorder- oder R\u00fcckentaschen f\u00fcr mehr Komfort;Verbessertes Design mit verl\u00e4ngertem R\u00fccken, um W\u00e4rmeverlust zu verhindern;M12\u2122-Akkuhalter mit USB-Eingang zum Aufladen deines Mobiltelefons;Wasser- und windabweisend: bietet Komfort und Strapazierf\u00e4higkeit auch unter den extremsten Bedingungen;Gro\u00dfe Taschen und zus\u00e4tzliche Brusttasche, ideal zum Verstauen deines Mobiltelefons;Funktioniert mit allen Milwaukee M12\u2122-Akkus;Erh\u00e4ltlich in den Gr\u00f6\u00dfen S-M-L-XL-2XL-3XL;Maschinenwaschbar und trocknergeeignet<\/p>\n<p>4933479362<br \/>\n4058546371562<\/p>\n","protected":false},"excerpt":{"rendered":"<p>M12HJBL5-0(L) KURBELGEH\u00c4USE Kohlefaserzonen, gleichm\u00e4\u00dfig verteilte W\u00e4rme auf Brust, R\u00fccken und in den Vordertaschen;Hohe Autonomie: bis zu 8 Stunden W\u00e4rme mit<\/p>\n","protected":false},"featured_media":601121,"template":"","meta":{"_seopress_robots_primary_cat":"none","_seopress_titles_title":"","_seopress_titles_desc":"","_seopress_robots_index":""},"product_brand":[3656],"product_cat":[1382,974,975,82],"product_tag":[],"class_list":{"0":"post-603414","1":"product","2":"type-product","3":"status-publish","4":"has-post-thumbnail","6":"product_brand-milwaukee-de","7":"product_cat-arbeitskleidung","8":"product_cat-freizeitkleidung","9":"product_cat-herrenbekleidung","10":"product_cat-kleidung","11":"sws-gruppo-abb-libero-de","12":"sws-conto-ricavi-merci-rivendita-abbigliamento-de","13":"sws-gruppo-iva-iva81-de","15":"first","16":"instock","17":"shipping-taxable","18":"purchasable","19":"product-type-variable","20":"has-default-attributes"},"_links":{"self":[{"href":"https:\/\/lucacastelli.com\/de\/wp-json\/wp\/v2\/product\/603414","targetHints":{"allow":["GET"]}}],"collection":[{"href":"https:\/\/lucacastelli.com\/de\/wp-json\/wp\/v2\/product"}],"about":[{"href":"https:\/\/lucacastelli.com\/de\/wp-json\/wp\/v2\/types\/product"}],"wp:featuredmedia":[{"embeddable":true,"href":"https:\/\/lucacastelli.com\/de\/wp-json\/wp\/v2\/media\/601121"}],"wp:attachment":[{"href":"https:\/\/lucacastelli.com\/de\/wp-json\/wp\/v2\/media?parent=603414"}],"wp:term":[{"taxonomy":"product_brand","embeddable":true,"href":"https:\/\/lucacastelli.com\/de\/wp-json\/wp\/v2\/product_brand?post=603414"},{"taxonomy":"product_cat","embeddable":true,"href":"https:\/\/lucacastelli.com\/de\/wp-json\/wp\/v2\/product_cat?post=603414"},{"taxonomy":"product_tag","embeddable":true,"href":"https:\/\/lucacastelli.com\/de\/wp-json\/wp\/v2\/product_tag?post=603414"}],"curies":[{"name":"wp","href":"https:\/\/api.w.org\/{rel}","templated":true}]}}