{"id":603408,"date":"2025-08-10T18:55:37","date_gmt":"2025-08-10T16:55:37","guid":{"rendered":"https:\/\/lucacastelli.com\/prodotto\/milwaukee-satz-von-7-teilbaren-kabeln-22mm-x-45-m\/"},"modified":"2025-08-10T18:55:37","modified_gmt":"2025-08-10T16:55:37","slug":"milwaukee-satz-von-7-teilbaren-kabeln-22mm-x-45-m","status":"publish","type":"product","link":"https:\/\/lucacastelli.com\/de\/produkt\/milwaukee-satz-von-7-teilbaren-kabeln-22mm-x-45-m\/","title":{"rendered":"Milwaukee Satz von 7 teilbaren Kabeln 22mm x 4,5 m"},"content":{"rendered":"<p>SPIRAL CABLE KIT 7 pcs 22MM x 4.5M<br \/>\nSpirale f\u00fcr Rohrreinigungswelle mit offener Wicklung und \u00e4u\u00dferem Kupplungssatz Durchmesser 22 mm x 4.5 m<\/p>\n<p>4932471713<br \/>\n4058546296124<\/p>\n","protected":false},"excerpt":{"rendered":"<p>FRACTIONABLE CABLE KIT 7 St\u00fcck 22MM x 4.5M<\/p>\n","protected":false},"featured_media":537548,"template":"","meta":{"_seopress_robots_primary_cat":"","_seopress_titles_title":"","_seopress_titles_desc":"","_seopress_robots_index":""},"product_brand":[3407],"product_cat":[5416,33],"product_tag":[3270],"class_list":{"0":"post-603408","1":"product","2":"type-product","3":"status-publish","4":"has-post-thumbnail","6":"product_brand-milwaukee","7":"product_cat-utensili-per-officina","8":"product_cat-attrezzature","9":"product_tag-import-milwau","10":"sws-conto-ricavi-merci-rivendita-macchinari-de","11":"sws-gruppo-iva-iva81-de","13":"first","14":"onbackorder","15":"shipping-taxable","16":"purchasable","17":"product-type-simple"},"_links":{"self":[{"href":"https:\/\/lucacastelli.com\/de\/wp-json\/wp\/v2\/product\/603408","targetHints":{"allow":["GET"]}}],"collection":[{"href":"https:\/\/lucacastelli.com\/de\/wp-json\/wp\/v2\/product"}],"about":[{"href":"https:\/\/lucacastelli.com\/de\/wp-json\/wp\/v2\/types\/product"}],"wp:featuredmedia":[{"embeddable":true,"href":"https:\/\/lucacastelli.com\/de\/wp-json\/wp\/v2\/media\/537548"}],"wp:attachment":[{"href":"https:\/\/lucacastelli.com\/de\/wp-json\/wp\/v2\/media?parent=603408"}],"wp:term":[{"taxonomy":"product_brand","embeddable":true,"href":"https:\/\/lucacastelli.com\/de\/wp-json\/wp\/v2\/product_brand?post=603408"},{"taxonomy":"product_cat","embeddable":true,"href":"https:\/\/lucacastelli.com\/de\/wp-json\/wp\/v2\/product_cat?post=603408"},{"taxonomy":"product_tag","embeddable":true,"href":"https:\/\/lucacastelli.com\/de\/wp-json\/wp\/v2\/product_tag?post=603408"}],"curies":[{"name":"wp","href":"https:\/\/api.w.org\/{rel}","templated":true}]}}