{"id":603402,"date":"2025-08-10T18:55:34","date_gmt":"2025-08-10T16:55:34","guid":{"rendered":"https:\/\/lucacastelli.com\/prodotto\/milwaukee-trockenbausatz\/"},"modified":"2025-08-10T18:55:34","modified_gmt":"2025-08-10T16:55:34","slug":"milwaukee-trockenbausatz","status":"publish","type":"product","link":"https:\/\/lucacastelli.com\/de\/produkt\/milwaukee-trockenbausatz\/","title":{"rendered":"Milwaukee Trockenbausatz"},"content":{"rendered":"<p>Trockenbaukasten<br \/>\n4932479783:150 mm Gipskartonklinge: Sehr stark und d\u00fcnn, erm\u00f6glicht einfaches Einf\u00fchren in die Gipskartonwand;Gummiert: Erh\u00f6ht den Komfort bei der Anwendung;Erm\u00f6glicht es dir, das Loch schnell zu vergr\u00f6\u00dfern und raue Ecken anzufasen;48224530:Schere f\u00fcr gerade und schr\u00e4ge Schnitte;Extra scharf, damit die Klinge leicht und ohne Grate \u00fcber das Material gleitet;Gezahnte Klinge verhindert das Abrutschen beim Schneiden;Hebelwerkzeug-Design, um die Erm\u00fcdung der Hand bei der Anwendung auch bei dicken Materialien zu verringern;Die Feder im Inneren des Werkzeugs erleichtert das \u00d6ffnen der Zange, um den Schneidevorgang zu beschleunigen und die Erm\u00fcdung des Benutzers zu verringern;Geh\u00e4rteter Stahl f\u00fcr zus\u00e4tzliche Z\u00e4higkeit;Die Klingen sind aus extra z\u00e4hem 65 HRC-Metall;Einhand-Ausl\u00f6semechanismus;Kompaktes Design;3-Farben-Kennzeichnung<\/p>\n<p>4932479784<br \/>\n4058546375782<\/p>\n","protected":false},"excerpt":{"rendered":"<p>Trockenbaukasten<\/p>\n","protected":false},"featured_media":544715,"template":"","meta":{"_seopress_robots_primary_cat":"","_seopress_titles_title":"","_seopress_titles_desc":"","_seopress_robots_index":""},"product_brand":[3407],"product_cat":[5416,33],"product_tag":[3270],"class_list":{"0":"post-603402","1":"product","2":"type-product","3":"status-publish","4":"has-post-thumbnail","6":"product_brand-milwaukee","7":"product_cat-utensili-per-officina","8":"product_cat-attrezzature","9":"product_tag-import-milwau","10":"sws-conto-ricavi-merci-rivendita-macchinari-de","11":"sws-gruppo-iva-iva81-de","13":"first","14":"onbackorder","15":"shipping-taxable","16":"purchasable","17":"product-type-simple"},"_links":{"self":[{"href":"https:\/\/lucacastelli.com\/de\/wp-json\/wp\/v2\/product\/603402","targetHints":{"allow":["GET"]}}],"collection":[{"href":"https:\/\/lucacastelli.com\/de\/wp-json\/wp\/v2\/product"}],"about":[{"href":"https:\/\/lucacastelli.com\/de\/wp-json\/wp\/v2\/types\/product"}],"wp:featuredmedia":[{"embeddable":true,"href":"https:\/\/lucacastelli.com\/de\/wp-json\/wp\/v2\/media\/544715"}],"wp:attachment":[{"href":"https:\/\/lucacastelli.com\/de\/wp-json\/wp\/v2\/media?parent=603402"}],"wp:term":[{"taxonomy":"product_brand","embeddable":true,"href":"https:\/\/lucacastelli.com\/de\/wp-json\/wp\/v2\/product_brand?post=603402"},{"taxonomy":"product_cat","embeddable":true,"href":"https:\/\/lucacastelli.com\/de\/wp-json\/wp\/v2\/product_cat?post=603402"},{"taxonomy":"product_tag","embeddable":true,"href":"https:\/\/lucacastelli.com\/de\/wp-json\/wp\/v2\/product_tag?post=603402"}],"curies":[{"name":"wp","href":"https:\/\/api.w.org\/{rel}","templated":true}]}}