{"id":603400,"date":"2025-08-10T18:54:13","date_gmt":"2025-08-10T16:54:13","guid":{"rendered":"https:\/\/lucacastelli.com\/prodotto\/milwaukee-aufrollbares-sicherungsband\/"},"modified":"2025-08-10T18:54:13","modified_gmt":"2025-08-10T16:54:13","slug":"milwaukee-aufrollbares-sicherungsband","status":"publish","type":"product","link":"https:\/\/lucacastelli.com\/de\/produkt\/milwaukee-aufrollbares-sicherungsband\/","title":{"rendered":"Milwaukee Aufrollbares Sicherungsband"},"content":{"rendered":"<p>2,2 kg Connect Retrac.Tool Lanyard -1pc<br \/>\nL\u00e4sst sich automatisch aufrollen, 127 cm vom ausgezogenen Zustand; Doppelt verriegelnder Karabiner f\u00fcr sicheren Halt; Fester Griff und maximale Kontrolle w\u00e4hrend des Einsatzes; Schnellverschlusskarabiner mit 360\u00b0-Dreh\u00f6se verhindert Verheddern und verbessert die Mobilit\u00e4t des Bedieners; Unterschiedliche Farbgebung kennzeichnet die Haltekapazit\u00e4t des Lanyards; Hohe Vielseitigkeit Dank des Zubeh\u00f6rs k\u00f6nnen Werkzeuge mit dem Verbindungsmittel verbunden werden<\/p>\n<p>4932472106<br \/>\n4058546325022<\/p>\n","protected":false},"excerpt":{"rendered":"<p>2,2 kg Connect Retrac.Tool Lanyard -1pc<\/p>\n","protected":false},"featured_media":538978,"template":"","meta":{"_seopress_robots_primary_cat":"","_seopress_titles_title":"","_seopress_titles_desc":"","_seopress_robots_index":""},"product_brand":[3407],"product_cat":[5416,33],"product_tag":[3270],"class_list":{"0":"post-603400","1":"product","2":"type-product","3":"status-publish","4":"has-post-thumbnail","6":"product_brand-milwaukee","7":"product_cat-utensili-per-officina","8":"product_cat-attrezzature","9":"product_tag-import-milwau","10":"sws-conto-ricavi-merci-rivendita-macchinari-de","11":"sws-gruppo-iva-iva81-de","13":"first","14":"onbackorder","15":"shipping-taxable","16":"purchasable","17":"product-type-simple"},"_links":{"self":[{"href":"https:\/\/lucacastelli.com\/de\/wp-json\/wp\/v2\/product\/603400","targetHints":{"allow":["GET"]}}],"collection":[{"href":"https:\/\/lucacastelli.com\/de\/wp-json\/wp\/v2\/product"}],"about":[{"href":"https:\/\/lucacastelli.com\/de\/wp-json\/wp\/v2\/types\/product"}],"wp:featuredmedia":[{"embeddable":true,"href":"https:\/\/lucacastelli.com\/de\/wp-json\/wp\/v2\/media\/538978"}],"wp:attachment":[{"href":"https:\/\/lucacastelli.com\/de\/wp-json\/wp\/v2\/media?parent=603400"}],"wp:term":[{"taxonomy":"product_brand","embeddable":true,"href":"https:\/\/lucacastelli.com\/de\/wp-json\/wp\/v2\/product_brand?post=603400"},{"taxonomy":"product_cat","embeddable":true,"href":"https:\/\/lucacastelli.com\/de\/wp-json\/wp\/v2\/product_cat?post=603400"},{"taxonomy":"product_tag","embeddable":true,"href":"https:\/\/lucacastelli.com\/de\/wp-json\/wp\/v2\/product_tag?post=603400"}],"curies":[{"name":"wp","href":"https:\/\/api.w.org\/{rel}","templated":true}]}}