{"id":603394,"date":"2025-08-10T18:54:06","date_gmt":"2025-08-10T16:54:06","guid":{"rendered":"https:\/\/lucacastelli.com\/prodotto\/milwaukee-fallschutzschnuere\/"},"modified":"2025-08-10T18:54:06","modified_gmt":"2025-08-10T16:54:06","slug":"milwaukee-fallschutzschnuere","status":"publish","type":"product","link":"https:\/\/lucacastelli.com\/de\/produkt\/milwaukee-fallschutzschnuere\/","title":{"rendered":"Milwaukee Fallschutzschn\u00fcre"},"content":{"rendered":"<p>ANTICAL LACER. 4.5KG 1pcs<br \/>\nDank der sto\u00dfd\u00e4mpfenden Kapazit\u00e4t des Verbindungsmittel prallt das Werkzeug nicht zur\u00fcck und bremst seinen Sturz allm\u00e4hlich bis zum Anschlag ab;Karabiner mit doppelter Verriegelung f\u00fcr einen schnellen Wechsel des eingeh\u00e4ngten Werkzeugs;Schnellverschlusskarabiner mit Dreh\u00f6se verhindert ein Verheddern und verbessert die Mobilit\u00e4t des Bedieners;Verschiedene Farben kennzeichnen die maximale Haltekapazit\u00e4t des Verbindungsmittel;Hohe Vielseitigkeit: Dank des Zubeh\u00f6rs f\u00fcr das Verbindungsmittel zur Absturzsicherung ist es m\u00f6glich, alle Werkzeuge zu verbinden <\/p>\n<p>4932471351<br \/>\n4058546289799<\/p>\n","protected":false},"excerpt":{"rendered":"<p>ANTIKER LACK. 4,5KG 1St\u00fcck <\/p>\n","protected":false},"featured_media":536327,"template":"","meta":{"_seopress_robots_primary_cat":"","_seopress_titles_title":"","_seopress_titles_desc":"","_seopress_robots_index":""},"product_brand":[3407],"product_cat":[5416,33],"product_tag":[3270],"class_list":{"0":"post-603394","1":"product","2":"type-product","3":"status-publish","4":"has-post-thumbnail","6":"product_brand-milwaukee","7":"product_cat-utensili-per-officina","8":"product_cat-attrezzature","9":"product_tag-import-milwau","10":"sws-conto-ricavi-merci-rivendita-macchinari-de","11":"sws-gruppo-iva-iva81-de","13":"first","14":"onbackorder","15":"shipping-taxable","16":"purchasable","17":"product-type-simple"},"_links":{"self":[{"href":"https:\/\/lucacastelli.com\/de\/wp-json\/wp\/v2\/product\/603394","targetHints":{"allow":["GET"]}}],"collection":[{"href":"https:\/\/lucacastelli.com\/de\/wp-json\/wp\/v2\/product"}],"about":[{"href":"https:\/\/lucacastelli.com\/de\/wp-json\/wp\/v2\/types\/product"}],"wp:featuredmedia":[{"embeddable":true,"href":"https:\/\/lucacastelli.com\/de\/wp-json\/wp\/v2\/media\/536327"}],"wp:attachment":[{"href":"https:\/\/lucacastelli.com\/de\/wp-json\/wp\/v2\/media?parent=603394"}],"wp:term":[{"taxonomy":"product_brand","embeddable":true,"href":"https:\/\/lucacastelli.com\/de\/wp-json\/wp\/v2\/product_brand?post=603394"},{"taxonomy":"product_cat","embeddable":true,"href":"https:\/\/lucacastelli.com\/de\/wp-json\/wp\/v2\/product_cat?post=603394"},{"taxonomy":"product_tag","embeddable":true,"href":"https:\/\/lucacastelli.com\/de\/wp-json\/wp\/v2\/product_tag?post=603394"}],"curies":[{"name":"wp","href":"https:\/\/api.w.org\/{rel}","templated":true}]}}