{"id":603393,"date":"2025-08-10T18:50:57","date_gmt":"2025-08-10T16:50:57","guid":{"rendered":"https:\/\/lucacastelli.com\/prodotto\/milwaukee-m12-fuel-kompakt-bohrschrauber\/"},"modified":"2025-08-10T18:50:57","modified_gmt":"2025-08-10T16:50:57","slug":"milwaukee-m12-fuel-kompakt-bohrschrauber","status":"publish","type":"product","link":"https:\/\/lucacastelli.com\/de\/produkt\/milwaukee-m12-fuel-kompakt-bohrschrauber\/","title":{"rendered":"Milwaukee M12 FUEL\u2122 Kompakt-Bohrschrauber"},"content":{"rendered":"<p>M12 FDD2-402X\/TRAPANI<br \/>\nExtrem kompaktes Design (151 mm) f\u00fcr den Zugang in engen R\u00e4umen;45 Nm Drehmoment &#8211; Hervorragendes Verh\u00e4ltnis von Drehmoment zu Gr\u00f6\u00dfe;13-mm-Hochleistungs-Metallfutter h\u00e4lt Bits oder Brecher sicher und macht den Austausch einfach;Mechanische Kupplung mit 13 Einstellungen, Hammerlos-\/Schlagwahlschalter;G\u00fcrtelclip und LED-Licht;Unsere FUEL\u2122-Plattform DNA definiert schnurlose Technologie neu. Der b\u00fcrstenlose POWERSTATE\u2122-Motor, die REDLITHIUM\u2122-Akkus und die intelligente REDLINK PLUS\u2122-Elektronik sorgen f\u00fcr un\u00fcbertroffene Leistung, Reichweite und Langlebigkeit;Kompatibel mit allen M12\u2122-Plattform-Akkus <\/p>\n<p>4933479874<br \/>\n4058546376680<\/p>\n","protected":false},"excerpt":{"rendered":"<p>M12 FDD2-402X\/BOHRER<\/p>\n","protected":false},"featured_media":581909,"template":"","meta":{"_seopress_robots_primary_cat":"","_seopress_titles_title":"","_seopress_titles_desc":"","_seopress_robots_index":""},"product_brand":[3407],"product_cat":[29,514,549],"product_tag":[3270],"class_list":{"0":"post-603393","1":"product","2":"type-product","3":"status-publish","4":"has-post-thumbnail","6":"product_brand-milwaukee","7":"product_cat-macchinari","8":"product_cat-altri-dispositivi","9":"product_cat-trapani-e-avvitatori","10":"product_tag-import-milwau","11":"sws-conto-ricavi-merci-rivendita-macchinari-de","12":"sws-gruppo-iva-iva81-de","14":"first","15":"onbackorder","16":"shipping-taxable","17":"purchasable","18":"product-type-simple"},"_links":{"self":[{"href":"https:\/\/lucacastelli.com\/de\/wp-json\/wp\/v2\/product\/603393","targetHints":{"allow":["GET"]}}],"collection":[{"href":"https:\/\/lucacastelli.com\/de\/wp-json\/wp\/v2\/product"}],"about":[{"href":"https:\/\/lucacastelli.com\/de\/wp-json\/wp\/v2\/types\/product"}],"wp:featuredmedia":[{"embeddable":true,"href":"https:\/\/lucacastelli.com\/de\/wp-json\/wp\/v2\/media\/581909"}],"wp:attachment":[{"href":"https:\/\/lucacastelli.com\/de\/wp-json\/wp\/v2\/media?parent=603393"}],"wp:term":[{"taxonomy":"product_brand","embeddable":true,"href":"https:\/\/lucacastelli.com\/de\/wp-json\/wp\/v2\/product_brand?post=603393"},{"taxonomy":"product_cat","embeddable":true,"href":"https:\/\/lucacastelli.com\/de\/wp-json\/wp\/v2\/product_cat?post=603393"},{"taxonomy":"product_tag","embeddable":true,"href":"https:\/\/lucacastelli.com\/de\/wp-json\/wp\/v2\/product_tag?post=603393"}],"curies":[{"name":"wp","href":"https:\/\/api.w.org\/{rel}","templated":true}]}}