{"id":603390,"date":"2025-08-10T18:49:29","date_gmt":"2025-08-10T16:49:29","guid":{"rendered":"https:\/\/lucacastelli.com\/prodotto\/milwaukee-m18-heavy-duty-unterbodenlampe\/"},"modified":"2025-08-10T18:49:29","modified_gmt":"2025-08-10T16:49:29","slug":"milwaukee-m18-heavy-duty-unterbodenlampe","status":"publish","type":"product","link":"https:\/\/lucacastelli.com\/de\/produkt\/milwaukee-m18-heavy-duty-unterbodenlampe\/","title":{"rendered":"Milwaukee M18\u2122 Heavy Duty Unterbodenlampe"},"content":{"rendered":"<p>M18ABL-0 AREA BOOM LIGHT<br \/>\nHochaufl\u00f6sende TRUEVIEW\u2122-Beleuchtung mit bis zu 2.500 Lumen; Bis zu 12 Stunden Akkulaufzeit mit dem M18\u2122 B5-Akku; Konzipiert f\u00fcr den Bedarf an Mobilit\u00e4t bei Wartungs- und Servicearbeiten an gro\u00dfen Fahrzeugen; 300\u00b0 horizontale Drehung und 900\u00b0 vertikale Drehung f\u00fcr vollst\u00e4ndige Lichtkopfeinstellung.;3 Modi zur Einstellung der Wiedergabe;Magnetischer Befestigungssockel mit integrierter Griffentriegelung f\u00fcr eine einfache Demontage;Extrem robustes, sto\u00dffestes Design, das St\u00fcrze aus bis zu 2 Metern \u00fcbersteht;Flexibles Batteriesystem: funktioniert mit allen Milwaukee M18\u2122 Batterien<\/p>\n<p>4933498147<br \/>\n4058546513078<\/p>\n","protected":false},"excerpt":{"rendered":"<p>M18ABL-0 AREA BOOM LIGHT<\/p>\n","protected":false},"featured_media":587150,"template":"","meta":{"_seopress_robots_primary_cat":"","_seopress_titles_title":"","_seopress_titles_desc":"","_seopress_robots_index":""},"product_brand":[3407],"product_cat":[5531,29],"product_tag":[3270],"class_list":{"0":"post-603390","1":"product","2":"type-product","3":"status-publish","4":"has-post-thumbnail","6":"product_brand-milwaukee","7":"product_cat-vari-macchinari-milwaukee","8":"product_cat-macchinari","9":"product_tag-import-milwau","10":"sws-conto-ricavi-merci-rivendita-macchinari-de","11":"sws-gruppo-iva-iva81-de","13":"first","14":"onbackorder","15":"shipping-taxable","16":"purchasable","17":"product-type-simple"},"_links":{"self":[{"href":"https:\/\/lucacastelli.com\/de\/wp-json\/wp\/v2\/product\/603390","targetHints":{"allow":["GET"]}}],"collection":[{"href":"https:\/\/lucacastelli.com\/de\/wp-json\/wp\/v2\/product"}],"about":[{"href":"https:\/\/lucacastelli.com\/de\/wp-json\/wp\/v2\/types\/product"}],"wp:featuredmedia":[{"embeddable":true,"href":"https:\/\/lucacastelli.com\/de\/wp-json\/wp\/v2\/media\/587150"}],"wp:attachment":[{"href":"https:\/\/lucacastelli.com\/de\/wp-json\/wp\/v2\/media?parent=603390"}],"wp:term":[{"taxonomy":"product_brand","embeddable":true,"href":"https:\/\/lucacastelli.com\/de\/wp-json\/wp\/v2\/product_brand?post=603390"},{"taxonomy":"product_cat","embeddable":true,"href":"https:\/\/lucacastelli.com\/de\/wp-json\/wp\/v2\/product_cat?post=603390"},{"taxonomy":"product_tag","embeddable":true,"href":"https:\/\/lucacastelli.com\/de\/wp-json\/wp\/v2\/product_tag?post=603390"}],"curies":[{"name":"wp","href":"https:\/\/api.w.org\/{rel}","templated":true}]}}