{"id":603384,"date":"2025-08-10T18:49:09","date_gmt":"2025-08-10T16:49:09","guid":{"rendered":"https:\/\/lucacastelli.com\/prodotto\/milwaukee-bandschleifer-100mm\/"},"modified":"2025-08-10T18:49:09","modified_gmt":"2025-08-10T16:49:09","slug":"milwaukee-bandschleifer-100mm","status":"publish","type":"product","link":"https:\/\/lucacastelli.com\/de\/produkt\/milwaukee-bandschleifer-100mm\/","title":{"rendered":"Milwaukee Bandschleifer 100mm"},"content":{"rendered":"<p>BS 100 LE \/ SANDER<br \/>\nKompakte Bauweise ideal f\u00fcr den Einsatz in engen R\u00e4umen;Gro\u00dfe Schleiffl\u00e4che 100 x 160 mm f\u00fcr schnelleres und effektiveres Arbeiten;Geschwindigkeitseinstellung;F\u00fchrung f\u00fcr pr\u00e4zise Bandausrichtung;Integriertes Vakuumsystem mit Turbine und Auffangsack f\u00fcr sauberes und pr\u00e4zises Arbeiten;Einfacher Schleifbandwechsel;M\u00f6glichkeit des station\u00e4ren Einsatzes<\/p>\n<p>4933385150<\/p>\n","protected":false},"excerpt":{"rendered":"<p>BS 100 LE\/SANDERS<\/p>\n","protected":false},"featured_media":568479,"template":"","meta":{"_seopress_robots_primary_cat":"","_seopress_titles_title":"","_seopress_titles_desc":"","_seopress_robots_index":""},"product_brand":[3656],"product_cat":[5534,169],"product_tag":[3272],"class_list":{"0":"post-603384","1":"product","2":"type-product","3":"status-publish","4":"has-post-thumbnail","6":"product_brand-milwaukee-de","7":"product_cat-verschiedene-maschinen-von-milwaukee","8":"product_cat-maschinen","9":"product_tag-import-milwau-de","10":"sws-conto-ricavi-merci-rivendita-macchinari-de","11":"sws-gruppo-iva-iva81-de","13":"first","14":"onbackorder","15":"shipping-taxable","16":"purchasable","17":"product-type-simple"},"_links":{"self":[{"href":"https:\/\/lucacastelli.com\/de\/wp-json\/wp\/v2\/product\/603384","targetHints":{"allow":["GET"]}}],"collection":[{"href":"https:\/\/lucacastelli.com\/de\/wp-json\/wp\/v2\/product"}],"about":[{"href":"https:\/\/lucacastelli.com\/de\/wp-json\/wp\/v2\/types\/product"}],"wp:featuredmedia":[{"embeddable":true,"href":"https:\/\/lucacastelli.com\/de\/wp-json\/wp\/v2\/media\/568479"}],"wp:attachment":[{"href":"https:\/\/lucacastelli.com\/de\/wp-json\/wp\/v2\/media?parent=603384"}],"wp:term":[{"taxonomy":"product_brand","embeddable":true,"href":"https:\/\/lucacastelli.com\/de\/wp-json\/wp\/v2\/product_brand?post=603384"},{"taxonomy":"product_cat","embeddable":true,"href":"https:\/\/lucacastelli.com\/de\/wp-json\/wp\/v2\/product_cat?post=603384"},{"taxonomy":"product_tag","embeddable":true,"href":"https:\/\/lucacastelli.com\/de\/wp-json\/wp\/v2\/product_tag?post=603384"}],"curies":[{"name":"wp","href":"https:\/\/api.w.org\/{rel}","templated":true}]}}