{"id":603378,"date":"2025-08-10T18:49:08","date_gmt":"2025-08-10T16:49:08","guid":{"rendered":"https:\/\/lucacastelli.com\/prodotto\/milwaukee-schleifmaschine-1200w\/"},"modified":"2025-08-10T18:49:08","modified_gmt":"2025-08-10T16:49:08","slug":"milwaukee-schleifmaschine-1200w","status":"publish","type":"product","link":"https:\/\/lucacastelli.com\/de\/produkt\/milwaukee-schleifmaschine-1200w\/","title":{"rendered":"Milwaukee Schleifmaschine 1200W"},"content":{"rendered":"<p>AS 12 E\/ SANDERS<br \/>\nHohes Drehmoment und Geschwindigkeit ideal zum Schleifen;Ergonomisches Design f\u00fcr lange Lebensdauer;Variable Drehzahlregelung f\u00fcr die richtige Geschwindigkeit auf jedem Material;Thermoschutz gegen \u00dcberhitzung;Kabel 4 m<\/p>\n<p>4933383940<br \/>\n4002395229390<\/p>\n","protected":false},"excerpt":{"rendered":"<p>WIE 12 E\/SANDERS<\/p>\n","protected":false},"featured_media":568365,"template":"","meta":{"_seopress_robots_primary_cat":"","_seopress_titles_title":"","_seopress_titles_desc":"","_seopress_robots_index":""},"product_brand":[3656],"product_cat":[5534,169],"product_tag":[3272],"class_list":{"0":"post-603378","1":"product","2":"type-product","3":"status-publish","4":"has-post-thumbnail","6":"product_brand-milwaukee-de","7":"product_cat-verschiedene-maschinen-von-milwaukee","8":"product_cat-maschinen","9":"product_tag-import-milwau-de","10":"sws-conto-ricavi-merci-rivendita-macchinari-de","11":"sws-gruppo-iva-iva81-de","13":"first","14":"onbackorder","15":"shipping-taxable","16":"purchasable","17":"product-type-simple"},"_links":{"self":[{"href":"https:\/\/lucacastelli.com\/de\/wp-json\/wp\/v2\/product\/603378","targetHints":{"allow":["GET"]}}],"collection":[{"href":"https:\/\/lucacastelli.com\/de\/wp-json\/wp\/v2\/product"}],"about":[{"href":"https:\/\/lucacastelli.com\/de\/wp-json\/wp\/v2\/types\/product"}],"wp:featuredmedia":[{"embeddable":true,"href":"https:\/\/lucacastelli.com\/de\/wp-json\/wp\/v2\/media\/568365"}],"wp:attachment":[{"href":"https:\/\/lucacastelli.com\/de\/wp-json\/wp\/v2\/media?parent=603378"}],"wp:term":[{"taxonomy":"product_brand","embeddable":true,"href":"https:\/\/lucacastelli.com\/de\/wp-json\/wp\/v2\/product_brand?post=603378"},{"taxonomy":"product_cat","embeddable":true,"href":"https:\/\/lucacastelli.com\/de\/wp-json\/wp\/v2\/product_cat?post=603378"},{"taxonomy":"product_tag","embeddable":true,"href":"https:\/\/lucacastelli.com\/de\/wp-json\/wp\/v2\/product_tag?post=603378"}],"curies":[{"name":"wp","href":"https:\/\/api.w.org\/{rel}","templated":true}]}}