{"id":603372,"date":"2025-08-10T18:49:07","date_gmt":"2025-08-10T16:49:07","guid":{"rendered":"https:\/\/lucacastelli.com\/prodotto\/milwaukee-rotor-schwingschleifer-75-mm-m12-fuel\/"},"modified":"2025-08-10T18:49:07","modified_gmt":"2025-08-10T16:49:07","slug":"milwaukee-rotor-schwingschleifer-75-mm-m12-fuel","status":"publish","type":"product","link":"https:\/\/lucacastelli.com\/de\/produkt\/milwaukee-rotor-schwingschleifer-75-mm-m12-fuel\/","title":{"rendered":"Milwaukee Rotor-Schwingschleifer 75 mm M12 FUEL\u2122"},"content":{"rendered":"<p>M12FSDR75-202B EXZENTERSCHLEIFER-BAUSATZ<br \/>\nDer leistungsstarke Motor liefert 4.000 bis 10.000 Schleifh\u00fcbe pro Minute mit einer 2,5 mm umlaufenden Spur f\u00fcr einen schnelleren Materialabtrag;Der variable Drehzahlantrieb mit 4 Geschwindigkeitsstufen erm\u00f6glicht es dir, die richtige Geschwindigkeit f\u00fcr verschiedene Arten von Material einzustellen;Da er klein, kompakt und leicht ist (nur 900 g), kann der Benutzer problemlos an engen oder schwer zug\u00e4nglichen Stellen arbeiten.80% Staubabsaugung mit dem mitgelieferten Staubbeutel oder Staubsauger;Flexibles Akkusystem: voll kompatibel mit allen Milwaukee M12\u2122-Akkus;Die DNA unserer FUEL\u2122-Plattform definiert das Gleichgewicht der schnurlosen Technologien. Der b\u00fcrstenlose POWERSTATE\u2122-Motor, der REDLITHIUM\u2122-Akku und die elektronische REDLINK PLUS\u2122-Intelligenz von MILWAUKEE\u00ae sorgen f\u00fcr herausragende Leistung, Reichweite und Haltbarkeit.<\/p>\n<p>4933498233<br \/>\n4058546521028<\/p>\n","protected":false},"excerpt":{"rendered":"<p>M12FSDR75-202B EXZENTERSCHLEIFER-BAUSATZ<\/p>\n","protected":false},"featured_media":601054,"template":"","meta":{"_seopress_robots_primary_cat":"","_seopress_titles_title":"","_seopress_titles_desc":"","_seopress_robots_index":""},"product_brand":[3656],"product_cat":[169,5534],"product_tag":[3272],"class_list":{"0":"post-603372","1":"product","2":"type-product","3":"status-publish","4":"has-post-thumbnail","6":"product_brand-milwaukee-de","7":"product_cat-maschinen","8":"product_cat-verschiedene-maschinen-von-milwaukee","9":"product_tag-import-milwau-de","10":"sws-conto-ricavi-merci-rivendita-macchinari-de","11":"sws-gruppo-iva-iva81-de","13":"first","14":"onbackorder","15":"shipping-taxable","16":"purchasable","17":"product-type-simple"},"_links":{"self":[{"href":"https:\/\/lucacastelli.com\/de\/wp-json\/wp\/v2\/product\/603372","targetHints":{"allow":["GET"]}}],"collection":[{"href":"https:\/\/lucacastelli.com\/de\/wp-json\/wp\/v2\/product"}],"about":[{"href":"https:\/\/lucacastelli.com\/de\/wp-json\/wp\/v2\/types\/product"}],"wp:featuredmedia":[{"embeddable":true,"href":"https:\/\/lucacastelli.com\/de\/wp-json\/wp\/v2\/media\/601054"}],"wp:attachment":[{"href":"https:\/\/lucacastelli.com\/de\/wp-json\/wp\/v2\/media?parent=603372"}],"wp:term":[{"taxonomy":"product_brand","embeddable":true,"href":"https:\/\/lucacastelli.com\/de\/wp-json\/wp\/v2\/product_brand?post=603372"},{"taxonomy":"product_cat","embeddable":true,"href":"https:\/\/lucacastelli.com\/de\/wp-json\/wp\/v2\/product_cat?post=603372"},{"taxonomy":"product_tag","embeddable":true,"href":"https:\/\/lucacastelli.com\/de\/wp-json\/wp\/v2\/product_tag?post=603372"}],"curies":[{"name":"wp","href":"https:\/\/api.w.org\/{rel}","templated":true}]}}