{"id":603371,"date":"2025-08-10T18:49:05","date_gmt":"2025-08-10T16:49:05","guid":{"rendered":"https:\/\/lucacastelli.com\/prodotto\/milwaukee-exzenterschleifer-125mm\/"},"modified":"2025-08-10T18:49:05","modified_gmt":"2025-08-10T16:49:05","slug":"milwaukee-exzenterschleifer-125mm","status":"publish","type":"product","link":"https:\/\/lucacastelli.com\/de\/produkt\/milwaukee-exzenterschleifer-125mm\/","title":{"rendered":"Milwaukee Exzenterschleifer 125mm"},"content":{"rendered":"<p>ROS 125 E\/SPRAYERS<br \/>\nIdeal f\u00fcr die Bearbeitung von Holz, Metall und Kunststoff auf engstem Raum ;Leistungsstarker 300W-Motor, 2,4 mm Orbitdurchmesser;Variable Drehzahl (7.000 &#8211; 12.000 U\/min &#8211; ideal f\u00fcr pr\u00e4zises Arbeiten ;Einfache Papierentfernung;Hervorragende Staubabsaugung &#8211; f\u00e4ngt ca. 90% des Staubs auf;Leicht zu reinigender Staubbeutel;Staubabsaugung \u00fcber Staubbeutel oder \u00fcber Anschluss an Staubsauger &#8211; 36 mm Lochaufsatz<\/p>\n<p>4933433180<br \/>\n4002395244010<\/p>\n","protected":false},"excerpt":{"rendered":"<p>ROS 125 E\/SANDERS<\/p>\n","protected":false},"featured_media":569774,"template":"","meta":{"_seopress_robots_primary_cat":"","_seopress_titles_title":"","_seopress_titles_desc":"","_seopress_robots_index":""},"product_brand":[3407],"product_cat":[5531,29],"product_tag":[3270],"class_list":{"0":"post-603371","1":"product","2":"type-product","3":"status-publish","4":"has-post-thumbnail","6":"product_brand-milwaukee","7":"product_cat-vari-macchinari-milwaukee","8":"product_cat-macchinari","9":"product_tag-import-milwau","10":"sws-conto-ricavi-merci-rivendita-macchinari-de","11":"sws-gruppo-iva-iva81-de","13":"first","14":"onbackorder","15":"shipping-taxable","16":"purchasable","17":"product-type-simple"},"_links":{"self":[{"href":"https:\/\/lucacastelli.com\/de\/wp-json\/wp\/v2\/product\/603371","targetHints":{"allow":["GET"]}}],"collection":[{"href":"https:\/\/lucacastelli.com\/de\/wp-json\/wp\/v2\/product"}],"about":[{"href":"https:\/\/lucacastelli.com\/de\/wp-json\/wp\/v2\/types\/product"}],"wp:featuredmedia":[{"embeddable":true,"href":"https:\/\/lucacastelli.com\/de\/wp-json\/wp\/v2\/media\/569774"}],"wp:attachment":[{"href":"https:\/\/lucacastelli.com\/de\/wp-json\/wp\/v2\/media?parent=603371"}],"wp:term":[{"taxonomy":"product_brand","embeddable":true,"href":"https:\/\/lucacastelli.com\/de\/wp-json\/wp\/v2\/product_brand?post=603371"},{"taxonomy":"product_cat","embeddable":true,"href":"https:\/\/lucacastelli.com\/de\/wp-json\/wp\/v2\/product_cat?post=603371"},{"taxonomy":"product_tag","embeddable":true,"href":"https:\/\/lucacastelli.com\/de\/wp-json\/wp\/v2\/product_tag?post=603371"}],"curies":[{"name":"wp","href":"https:\/\/api.w.org\/{rel}","templated":true}]}}