{"id":603369,"date":"2025-08-10T18:48:59","date_gmt":"2025-08-10T16:48:59","guid":{"rendered":"https:\/\/lucacastelli.com\/prodotto\/milwaukee-m12blpp4a-202b-m12-4-tlg-kombinationsset\/"},"modified":"2025-08-10T18:48:59","modified_gmt":"2025-08-10T16:48:59","slug":"milwaukee-m12blpp4a-202b-m12-4-tlg-kombinationsset","status":"publish","type":"product","link":"https:\/\/lucacastelli.com\/de\/produkt\/milwaukee-m12blpp4a-202b-m12-4-tlg-kombinationsset\/","title":{"rendered":"MILWAUKEE M12BLPP4A-202B M12 4-TLG. KOMBINATIONSSET"},"content":{"rendered":"<p>M12BLPP4A-202B M12 4ER-KOMBISET<br \/>\nM12BLDDRC Kabelloser b\u00fcrstenloser Bohrschrauber;Extrem kompaktes Design mit einer L\u00e4nge von nur 137 mm, perfekt f\u00fcr den Einsatz in engen R\u00e4umen;40 Nm Drehmoment bieten das beste Verh\u00e4ltnis zwischen Leistung und Gr\u00f6\u00dfe;10 mm Metall-Schnellspannbohrfutter: schneller Zubeh\u00f6rwechsel und maximale Haltbarkeit;Mechanische Rutschkupplung mit 13 Drehmomenteinstellungen;Akkuladezustandsanzeige und LED-Licht zur Ausleuchtung des Arbeitsbereichs;POWERSTATE\u2122 b\u00fcrstenloser Motor, REDLITHIUM\u2122-Akkus und REDLINK PLUS\u2122 intelligente Elektronik sorgen f\u00fcr un\u00fcbertroffene Leistung, Reichweite und Haltbarkeit;Funktioniert mit allen Milwaukee M12\u2122-Akkus;M12BLIDRC Kabelloser b\u00fcrstenloser Schlagschrauber;Extrem kompaktes Design mit einer L\u00e4nge von nur 110 mm, perfekt f\u00fcr den Einsatz in engen R\u00e4umen;135 Nm Drehmoment bieten das beste Verh\u00e4ltnis von Leistung zu Gr\u00f6\u00dfe in dieser Klasse;1\/4-Zoll-Sechskantfutter f\u00fcr schnellen und einfachen Bitwechsel;Mit der 4-Mode DRIVE CONTROL kann der Benutzer zwischen vier verschiedenen Drehzahl- und Drehmomenteinstellungen w\u00e4hlen, um die Vielseitigkeit der Anwendung zu maximieren;Hohe Antriebsgeschwindigkeiten von bis zu 3000 U\/min und 4100 ipm;POWERSTATE\u2122 b\u00fcrstenloser Motor, REDLITHIUM\u2122-Akkus und REDLINK PLUS\u2122 intelligente Elektronik sorgen f\u00fcr unvergleichliche Leistung, Autonomie und Haltbarkeit;Funktioniert mit allen Milwaukee M12\u2122-Akkus;C12HZ Kompakte Akku-Gerads\u00e4ge;Extra kompaktes Werkzeug mit einer L\u00e4nge von nur 280 mm, ideal f\u00fcr Arbeiten in engen R\u00e4umen;REDLINK\u2122-Elektronik, die das Werkzeug und den Akku vor \u00dcberlastung sch\u00fctzt;Patentiertes FIXTEC-System f\u00fcr schnellen, schl\u00fcssellosen S\u00e4geblattwechsel;Geringe Vibration, nur 10.5 m\/s\u00b2;\u00dcberwachung der einzelnen Akkuzellen, um einen gleichm\u00e4\u00dfigen Akkuverbrauch und eine l\u00e4ngere Lebensdauer des Akkus zu gew\u00e4hrleisten;Akkuladezustandsanzeige und LED-Licht zur Beleuchtung des Arbeitsbereichs;REDLITHIUM\u2122-Akku bietet eine \u00fcberlegene Akkukonstruktion, Elektronik und gleichbleibende Leistung, um eine l\u00e4ngere Laufzeit und mehr Arbeit \u00fcber die gesamte Lebensdauer des Akkus zu erm\u00f6glichen;12V-Plattform: Funktioniert mit allen Milwaukee M12\u2122-Akkus;M12TLED Akkubetriebene Taschenlampe;LED-Licht, das bis zu 120 Lumen liefert &#8211; 2X heller als eine Gl\u00fchlampe;Elektronische LEDs &#8211; 2X l\u00e4ngere Laufzeit;Schlagfester Aluminiumkopf;90\u00b0 drehbarer Kopf;Integrierter Magnet f\u00fcr zus\u00e4tzlichen Komfort;12V-Plattform: Funktioniert mit allen MILWAUKEE\u00ae M12\u2122-Akkus<\/p>\n<p>4933499693<br \/>\n4058546568573<\/p>\n","protected":false},"excerpt":{"rendered":"<p>M12BLPP4A-202B M12 4ER-KOMBISET<\/p>\n","protected":false},"featured_media":601011,"template":"","meta":{"_seopress_robots_primary_cat":"","_seopress_titles_title":"","_seopress_titles_desc":"","_seopress_robots_index":""},"product_brand":[3407],"product_cat":[5531,29],"product_tag":[3270],"class_list":{"0":"post-603369","1":"product","2":"type-product","3":"status-publish","4":"has-post-thumbnail","6":"product_brand-milwaukee","7":"product_cat-vari-macchinari-milwaukee","8":"product_cat-macchinari","9":"product_tag-import-milwau","10":"sws-conto-ricavi-merci-rivendita-macchinari-de","11":"sws-gruppo-iva-iva81-de","13":"first","14":"onbackorder","15":"shipping-taxable","16":"purchasable","17":"product-type-simple"},"_links":{"self":[{"href":"https:\/\/lucacastelli.com\/de\/wp-json\/wp\/v2\/product\/603369","targetHints":{"allow":["GET"]}}],"collection":[{"href":"https:\/\/lucacastelli.com\/de\/wp-json\/wp\/v2\/product"}],"about":[{"href":"https:\/\/lucacastelli.com\/de\/wp-json\/wp\/v2\/types\/product"}],"wp:featuredmedia":[{"embeddable":true,"href":"https:\/\/lucacastelli.com\/de\/wp-json\/wp\/v2\/media\/601011"}],"wp:attachment":[{"href":"https:\/\/lucacastelli.com\/de\/wp-json\/wp\/v2\/media?parent=603369"}],"wp:term":[{"taxonomy":"product_brand","embeddable":true,"href":"https:\/\/lucacastelli.com\/de\/wp-json\/wp\/v2\/product_brand?post=603369"},{"taxonomy":"product_cat","embeddable":true,"href":"https:\/\/lucacastelli.com\/de\/wp-json\/wp\/v2\/product_cat?post=603369"},{"taxonomy":"product_tag","embeddable":true,"href":"https:\/\/lucacastelli.com\/de\/wp-json\/wp\/v2\/product_tag?post=603369"}],"curies":[{"name":"wp","href":"https:\/\/api.w.org\/{rel}","templated":true}]}}