{"id":603360,"date":"2025-08-10T18:48:56","date_gmt":"2025-08-10T16:48:56","guid":{"rendered":"https:\/\/lucacastelli.com\/prodotto\/milwaukee-m18frbco32-0x-bewehrungsschneiderkit\/"},"modified":"2025-08-10T18:48:56","modified_gmt":"2025-08-10T16:48:56","slug":"milwaukee-m18frbco32-0x-bewehrungsschneiderkit","status":"publish","type":"product","link":"https:\/\/lucacastelli.com\/de\/produkt\/milwaukee-m18frbco32-0x-bewehrungsschneiderkit\/","title":{"rendered":"MILWAUKEE M18FRBCO32-0X BEWEHRUNGSSCHNEIDER+KIT"},"content":{"rendered":"<p>M18FRBCO32-0X BEWEHRUNGSSCHNEIDER+SATZ<br \/>\nDer leistungsst\u00e4rkste Baustahltrennschleifer auf dem Markt, mit un\u00fcbertroffenem Benutzerschutz und Produktivit\u00e4t;Schnelle, saubere Schnitte in Stahlbeton bis zu 32 mm Dicke oder Gewindestangen oder b\u00fcndige Schnitte bis zu 3,0 mm an der Oberfl\u00e4che;K\u00fchle Schnitte mit wenig Funken mit einer speziell entwickelten Hartmetallklinge;Werkzeugfreier Zugang zu Klinge und Schutzvorrichtung, Klingenwechsel mindestens 50% schneller als bei der KonkurrenzRAPIDSTOP\u2122 f\u00fcr schnelles Abbremsen der Scheibe in weniger als 2 Sekunden und den bestm\u00f6glichen Schutz des Benutzers;Cut-Stopp-Technologie, das Ger\u00e4t schaltet sich nach dem Schneiden automatisch ab, um die Sicherheit des Benutzers zu erh\u00f6hen;ONE-KEY\u2122 Tool Tracking&amp; Security bietet eine kostenlose cloudbasierte Bestandsverfolgung und -verwaltung f\u00fcr seine Werkzeuge. ONE-KEY\u2122 bietet auch eine Fernverriegelungsfunktion;Anti-Vibrations-Seitengriff mit drei Positionen f\u00fcr beste Zug\u00e4nglichkeit;Sp\u00e4neauffangbeutel f\u00fcr eine saubere Arbeitsumgebung;Nicht sperrender Sicherheitsschalter, um ein automatisches Einschalten zu verhindern;LED-Beleuchtung f\u00fcr bessere Sicht auf den Arbeitsbereich;Flexibles Batteriesystem: funktioniert mit allen Milwaukee M18\u2122-Akkus <\/p>\n<p>4933499366<br \/>\n4058546565305<\/p>\n","protected":false},"excerpt":{"rendered":"<p>M18FRBCO32-0X BEWEHRUNGSSCHNEIDER+SATZ<\/p>\n","protected":false},"featured_media":593227,"template":"","meta":{"_seopress_robots_primary_cat":"","_seopress_titles_title":"","_seopress_titles_desc":"","_seopress_robots_index":""},"product_brand":[3407],"product_cat":[5531,29],"product_tag":[3270],"class_list":{"0":"post-603360","1":"product","2":"type-product","3":"status-publish","4":"has-post-thumbnail","6":"product_brand-milwaukee","7":"product_cat-vari-macchinari-milwaukee","8":"product_cat-macchinari","9":"product_tag-import-milwau","10":"sws-conto-ricavi-merci-rivendita-macchinari-de","11":"sws-gruppo-iva-iva81-de","13":"first","14":"onbackorder","15":"shipping-taxable","16":"purchasable","17":"product-type-simple"},"_links":{"self":[{"href":"https:\/\/lucacastelli.com\/de\/wp-json\/wp\/v2\/product\/603360","targetHints":{"allow":["GET"]}}],"collection":[{"href":"https:\/\/lucacastelli.com\/de\/wp-json\/wp\/v2\/product"}],"about":[{"href":"https:\/\/lucacastelli.com\/de\/wp-json\/wp\/v2\/types\/product"}],"wp:featuredmedia":[{"embeddable":true,"href":"https:\/\/lucacastelli.com\/de\/wp-json\/wp\/v2\/media\/593227"}],"wp:attachment":[{"href":"https:\/\/lucacastelli.com\/de\/wp-json\/wp\/v2\/media?parent=603360"}],"wp:term":[{"taxonomy":"product_brand","embeddable":true,"href":"https:\/\/lucacastelli.com\/de\/wp-json\/wp\/v2\/product_brand?post=603360"},{"taxonomy":"product_cat","embeddable":true,"href":"https:\/\/lucacastelli.com\/de\/wp-json\/wp\/v2\/product_cat?post=603360"},{"taxonomy":"product_tag","embeddable":true,"href":"https:\/\/lucacastelli.com\/de\/wp-json\/wp\/v2\/product_tag?post=603360"}],"curies":[{"name":"wp","href":"https:\/\/api.w.org\/{rel}","templated":true}]}}