{"id":603357,"date":"2025-08-10T18:48:57","date_gmt":"2025-08-10T16:48:57","guid":{"rendered":"https:\/\/lucacastelli.com\/prodotto\/milwaukee-m18fnb35-502x-m18-kraftstoff-35mm-nibbler\/"},"modified":"2025-08-10T18:48:57","modified_gmt":"2025-08-10T16:48:57","slug":"milwaukee-m18fnb35-502x-m18-kraftstoff-35mm-nibbler","status":"publish","type":"product","link":"https:\/\/lucacastelli.com\/de\/produkt\/milwaukee-m18fnb35-502x-m18-kraftstoff-35mm-nibbler\/","title":{"rendered":"MILWAUKEE M18FNB35-502X M18 KRAFTSTOFF 3,5MM NIBBLER"},"content":{"rendered":"<p>M18FNB35-502X M18 FUEL 3,5MM NIBBLER<br \/>\nDer erste Akkustanzer mit maximaler Schneidleistung in Baustahl: 3,5 mm, in Edelstahl: 2,8 mm, in Aluminium: 4,0 mm;Maximale Kontrolle f\u00fcr jedes Material. Mit einem 4-stufigen Geschwindigkeitsmodus ist er ideal f\u00fcr die Arbeit mit Edelstahl und Aluminium;Automatische Startfunktion, die langsam anf\u00e4ngt und auf die maximale Geschwindigkeit beschleunigt, wenn das Werkzeug erkennt, dass der Benutzer einen Schnitt macht;Werkzeugloser Wechsel der Schneidrichtung in 90-Grad-Schritten;Werkzeugloser Austausch von Matrizenhalter und Stempelhalter;ONE-KEY\u2122 Tool Tracking&amp; Security bietet kostenlose cloudbasierte Bestandsverfolgung und -verwaltung f\u00fcr seine Werkzeuge. ONE-KEY\u2122 bietet au\u00dferdem eine Fernverriegelungsfunktion;Sp\u00e4neauffangbeutel f\u00fcr eine saubere Arbeitsumgebung;LED-Beleuchtung f\u00fcr eine bessere Sicht auf den Arbeitsbereich;Anti-Vibrations-Seitengriff zur Verringerung von Vibrationen;Integrierter G\u00fcrtelhaken und Lanyard-Befestigungspunkt;Unsere FUEL\u2122-Plattform DNA definiert die Ausgewogenheit der schnurlosen Technologien neu. Der b\u00fcrstenlose POWERSTATE\u2122-Motor von Milwaukee\u00ae, der REDLITHIUM\u2122-Akku und die elektronische REDLINK PLUS\u2122-Intelligenz sorgen f\u00fcr herausragende Leistung, Reichweite und Langlebigkeit;Flexibles Akkusystem: funktioniert mit allen Milwaukee M18\u2122-Akkus   <\/p>\n<p>4933498983<br \/>\n4058546528522<\/p>\n","protected":false},"excerpt":{"rendered":"<p>M18FNB35-502X M18 KRAFTSTOFF 3,5MM NIBBLER<\/p>\n","protected":false},"featured_media":593360,"template":"","meta":{"_seopress_robots_primary_cat":"","_seopress_titles_title":"","_seopress_titles_desc":"","_seopress_robots_index":""},"product_brand":[3407],"product_cat":[5531,29],"product_tag":[3270],"class_list":{"0":"post-603357","1":"product","2":"type-product","3":"status-publish","4":"has-post-thumbnail","6":"product_brand-milwaukee","7":"product_cat-vari-macchinari-milwaukee","8":"product_cat-macchinari","9":"product_tag-import-milwau","10":"sws-conto-ricavi-merci-rivendita-macchinari-de","11":"sws-gruppo-iva-iva81-de","13":"first","14":"onbackorder","15":"shipping-taxable","16":"purchasable","17":"product-type-simple"},"_links":{"self":[{"href":"https:\/\/lucacastelli.com\/de\/wp-json\/wp\/v2\/product\/603357","targetHints":{"allow":["GET"]}}],"collection":[{"href":"https:\/\/lucacastelli.com\/de\/wp-json\/wp\/v2\/product"}],"about":[{"href":"https:\/\/lucacastelli.com\/de\/wp-json\/wp\/v2\/types\/product"}],"wp:featuredmedia":[{"embeddable":true,"href":"https:\/\/lucacastelli.com\/de\/wp-json\/wp\/v2\/media\/593360"}],"wp:attachment":[{"href":"https:\/\/lucacastelli.com\/de\/wp-json\/wp\/v2\/media?parent=603357"}],"wp:term":[{"taxonomy":"product_brand","embeddable":true,"href":"https:\/\/lucacastelli.com\/de\/wp-json\/wp\/v2\/product_brand?post=603357"},{"taxonomy":"product_cat","embeddable":true,"href":"https:\/\/lucacastelli.com\/de\/wp-json\/wp\/v2\/product_cat?post=603357"},{"taxonomy":"product_tag","embeddable":true,"href":"https:\/\/lucacastelli.com\/de\/wp-json\/wp\/v2\/product_tag?post=603357"}],"curies":[{"name":"wp","href":"https:\/\/api.w.org\/{rel}","templated":true}]}}