{"id":603346,"date":"2025-08-10T18:48:52","date_gmt":"2025-08-10T16:48:52","guid":{"rendered":"https:\/\/lucacastelli.com\/prodotto\/milwaukee-abbruchhammerbohrer-klasse-5-kg-2\/"},"modified":"2025-08-10T18:48:52","modified_gmt":"2025-08-10T16:48:52","slug":"milwaukee-abbruchhammerbohrer-klasse-5-kg-2","status":"publish","type":"product","link":"https:\/\/lucacastelli.com\/de\/produkt\/milwaukee-abbruchhammerbohrer-klasse-5-kg-2\/","title":{"rendered":"Milwaukee Abbruchhammerbohrer Klasse 5 kg"},"content":{"rendered":"<p>K540S\/DEMOLITOREN UND BOHRMASCHINEN<br \/>\nBestes Leistungsgewicht in seiner Klasse: 7,5 J und 6,3 kg;1100 W Leistung und Metallgetriebe f\u00fcr optimale W\u00e4rmeableitung und l\u00e4ngere Lebensdauer;Sanftanlauf und Sicherheitskupplung;Geringe Vibrationen: 16,8 m\/s;Robustes Magnesium-Getriebe, das f\u00fcr jede Umgebung geeignet ist;Roto-Stop-Funktion f\u00fcr die Rotationssperre und Variolock-System f\u00fcr die Mei\u00dfelausrichtung in 12 Positionen;Sicherheitskupplung sch\u00fctzt Bediener und Maschine;Sofgrip am Haupt- und Nebenhandgriff;Variolock mit 12 Positionen zum Einstellen des Mei\u00dfelwinkels;Kabel 4 m<\/p>\n<p>4933418100<br \/>\n4002395238422<\/p>\n","protected":false},"excerpt":{"rendered":"<p>K540S\/DEMOLIERER UND PERFORIERER<\/p>\n","protected":false},"featured_media":569172,"template":"","meta":{"_seopress_robots_primary_cat":"","_seopress_titles_title":"","_seopress_titles_desc":"","_seopress_robots_index":""},"product_brand":[3656],"product_cat":[5534,169],"product_tag":[3272],"class_list":{"0":"post-603346","1":"product","2":"type-product","3":"status-publish","4":"has-post-thumbnail","6":"product_brand-milwaukee-de","7":"product_cat-verschiedene-maschinen-von-milwaukee","8":"product_cat-maschinen","9":"product_tag-import-milwau-de","10":"sws-conto-ricavi-merci-rivendita-macchinari-de","11":"sws-gruppo-iva-iva81-de","13":"first","14":"onbackorder","15":"shipping-taxable","16":"purchasable","17":"product-type-simple"},"_links":{"self":[{"href":"https:\/\/lucacastelli.com\/de\/wp-json\/wp\/v2\/product\/603346","targetHints":{"allow":["GET"]}}],"collection":[{"href":"https:\/\/lucacastelli.com\/de\/wp-json\/wp\/v2\/product"}],"about":[{"href":"https:\/\/lucacastelli.com\/de\/wp-json\/wp\/v2\/types\/product"}],"wp:featuredmedia":[{"embeddable":true,"href":"https:\/\/lucacastelli.com\/de\/wp-json\/wp\/v2\/media\/569172"}],"wp:attachment":[{"href":"https:\/\/lucacastelli.com\/de\/wp-json\/wp\/v2\/media?parent=603346"}],"wp:term":[{"taxonomy":"product_brand","embeddable":true,"href":"https:\/\/lucacastelli.com\/de\/wp-json\/wp\/v2\/product_brand?post=603346"},{"taxonomy":"product_cat","embeddable":true,"href":"https:\/\/lucacastelli.com\/de\/wp-json\/wp\/v2\/product_cat?post=603346"},{"taxonomy":"product_tag","embeddable":true,"href":"https:\/\/lucacastelli.com\/de\/wp-json\/wp\/v2\/product_tag?post=603346"}],"curies":[{"name":"wp","href":"https:\/\/api.w.org\/{rel}","templated":true}]}}