{"id":603342,"date":"2025-08-10T18:48:53","date_gmt":"2025-08-10T16:48:53","guid":{"rendered":"https:\/\/lucacastelli.com\/prodotto\/milwaukee-abbruchhammer-10-kg-klasse\/"},"modified":"2025-08-10T18:48:53","modified_gmt":"2025-08-10T16:48:53","slug":"milwaukee-abbruchhammer-10-kg-klasse","status":"publish","type":"product","link":"https:\/\/lucacastelli.com\/de\/produkt\/milwaukee-abbruchhammer-10-kg-klasse\/","title":{"rendered":"Milwaukee Abbruchhammer 10 kg Klasse"},"content":{"rendered":"<p>K950 S HAMMER<br \/>\n20 J Schlagenergie f\u00fcr unvergleichliche Bohr- und Abbruchleistung;Klassenbester 1700 W Motor mit viel Leistung f\u00fcr schwere Anwendungen;DIGITRONIC\u2122 Vollwellen-Digitalelektronik f\u00fcr pr\u00e4zise Leistungsanpassung je nach Anwendung;3 Griffe mit AVS (Anti-Vibrations)-Technologie und Softgrip f\u00fcr mehr Komfort;Ganzmetallgetriebe und Sicherheitskupplung; Servicestatusanzeige; automatisches Schmiersystem f\u00fcr eine l\u00e4ngere Lebensdauer des Hammers; vertikales Motordesign f\u00fcr mehr Komfort bei vertikalen Anwendungen; ideal f\u00fcr den kombinierten Einsatz mit Generatoren; Variolock mit 12 Positionen zur Einstellung des Mei\u00dfelwinkels; 6 m Kabel<\/p>\n<p>4933375710<br \/>\n4002395232031<\/p>\n","protected":false},"excerpt":{"rendered":"<p>K950 S HAMMER<\/p>\n","protected":false},"featured_media":568146,"template":"","meta":{"_seopress_robots_primary_cat":"","_seopress_titles_title":"","_seopress_titles_desc":"","_seopress_robots_index":""},"product_brand":[3656],"product_cat":[169,5534],"product_tag":[3272],"class_list":{"0":"post-603342","1":"product","2":"type-product","3":"status-publish","4":"has-post-thumbnail","6":"product_brand-milwaukee-de","7":"product_cat-maschinen","8":"product_cat-verschiedene-maschinen-von-milwaukee","9":"product_tag-import-milwau-de","10":"sws-conto-ricavi-merci-rivendita-macchinari-de","11":"sws-gruppo-iva-iva81-de","13":"first","14":"onbackorder","15":"sale","16":"shipping-taxable","17":"purchasable","18":"product-type-simple"},"_links":{"self":[{"href":"https:\/\/lucacastelli.com\/de\/wp-json\/wp\/v2\/product\/603342","targetHints":{"allow":["GET"]}}],"collection":[{"href":"https:\/\/lucacastelli.com\/de\/wp-json\/wp\/v2\/product"}],"about":[{"href":"https:\/\/lucacastelli.com\/de\/wp-json\/wp\/v2\/types\/product"}],"wp:featuredmedia":[{"embeddable":true,"href":"https:\/\/lucacastelli.com\/de\/wp-json\/wp\/v2\/media\/568146"}],"wp:attachment":[{"href":"https:\/\/lucacastelli.com\/de\/wp-json\/wp\/v2\/media?parent=603342"}],"wp:term":[{"taxonomy":"product_brand","embeddable":true,"href":"https:\/\/lucacastelli.com\/de\/wp-json\/wp\/v2\/product_brand?post=603342"},{"taxonomy":"product_cat","embeddable":true,"href":"https:\/\/lucacastelli.com\/de\/wp-json\/wp\/v2\/product_cat?post=603342"},{"taxonomy":"product_tag","embeddable":true,"href":"https:\/\/lucacastelli.com\/de\/wp-json\/wp\/v2\/product_tag?post=603342"}],"curies":[{"name":"wp","href":"https:\/\/api.w.org\/{rel}","templated":true}]}}