{"id":603341,"date":"2025-08-10T18:48:51","date_gmt":"2025-08-10T16:48:51","guid":{"rendered":"https:\/\/lucacastelli.com\/prodotto\/milwaukee-abbruchhammerbohrer-klasse-5-kg\/"},"modified":"2025-08-10T18:48:51","modified_gmt":"2025-08-10T16:48:51","slug":"milwaukee-abbruchhammerbohrer-klasse-5-kg","status":"publish","type":"product","link":"https:\/\/lucacastelli.com\/de\/produkt\/milwaukee-abbruchhammerbohrer-klasse-5-kg\/","title":{"rendered":"Milwaukee Abbruchhammerbohrer Klasse 5 kg"},"content":{"rendered":"<p>K545S<br \/>\nLiefert 8.5J Schlagenergie f\u00fcr effektives Bohren;1300 W Leistung und Metallgetriebe f\u00fcr optimale W\u00e4rmeableitung und l\u00e4ngere Lebensdauer;Elektronische Drehzahlregelung auch unter Last f\u00fcr maximale Effizienz;Softstart und Sicherheitskupplung;Anti-Vibrationssystem (AVS) mit Softgrip an beiden Griffen f\u00fcr maximale Vibrationsd\u00e4mpfung;<br \/>\nZus\u00e4tzlicher AVS-Griff in 3 verschiedenen Positionen; Soft Impact Modus; Roto-Stop-Funktion und M\u00f6glichkeit, den Mei\u00dfel in verschiedenen Positionen einzustellen; LED-Wartungsstatusanzeige; Variolock mit 12 Positionen zur Einstellung des Mei\u00dfelwinkels; 6 m Kabel<\/p>\n<p>4933398200 4002395234073<\/p>\n","protected":false},"excerpt":{"rendered":"<p>K545S<\/p>\n","protected":false},"featured_media":568608,"template":"","meta":{"_seopress_robots_primary_cat":"","_seopress_titles_title":"","_seopress_titles_desc":"","_seopress_robots_index":""},"product_brand":[3407],"product_cat":[5531,29],"product_tag":[3270],"class_list":{"0":"post-603341","1":"product","2":"type-product","3":"status-publish","4":"has-post-thumbnail","6":"product_brand-milwaukee","7":"product_cat-vari-macchinari-milwaukee","8":"product_cat-macchinari","9":"product_tag-import-milwau","10":"sws-conto-ricavi-merci-rivendita-macchinari-de","11":"sws-gruppo-iva-iva81-de","13":"first","14":"onbackorder","15":"shipping-taxable","16":"purchasable","17":"product-type-simple"},"_links":{"self":[{"href":"https:\/\/lucacastelli.com\/de\/wp-json\/wp\/v2\/product\/603341","targetHints":{"allow":["GET"]}}],"collection":[{"href":"https:\/\/lucacastelli.com\/de\/wp-json\/wp\/v2\/product"}],"about":[{"href":"https:\/\/lucacastelli.com\/de\/wp-json\/wp\/v2\/types\/product"}],"wp:featuredmedia":[{"embeddable":true,"href":"https:\/\/lucacastelli.com\/de\/wp-json\/wp\/v2\/media\/568608"}],"wp:attachment":[{"href":"https:\/\/lucacastelli.com\/de\/wp-json\/wp\/v2\/media?parent=603341"}],"wp:term":[{"taxonomy":"product_brand","embeddable":true,"href":"https:\/\/lucacastelli.com\/de\/wp-json\/wp\/v2\/product_brand?post=603341"},{"taxonomy":"product_cat","embeddable":true,"href":"https:\/\/lucacastelli.com\/de\/wp-json\/wp\/v2\/product_cat?post=603341"},{"taxonomy":"product_tag","embeddable":true,"href":"https:\/\/lucacastelli.com\/de\/wp-json\/wp\/v2\/product_tag?post=603341"}],"curies":[{"name":"wp","href":"https:\/\/api.w.org\/{rel}","templated":true}]}}