{"id":603338,"date":"2025-08-10T18:48:49","date_gmt":"2025-08-10T16:48:49","guid":{"rendered":"https:\/\/lucacastelli.com\/prodotto\/milwaukee-sds-max-vorfuehrhammer-8-kg-klasse\/"},"modified":"2025-08-10T18:48:49","modified_gmt":"2025-08-10T16:48:49","slug":"milwaukee-sds-max-vorfuehrhammer-8-kg-klasse","status":"publish","type":"product","link":"https:\/\/lucacastelli.com\/de\/produkt\/milwaukee-sds-max-vorfuehrhammer-8-kg-klasse\/","title":{"rendered":"Milwaukee SDS-Max Vorf\u00fchrhammer 8 kg Klasse"},"content":{"rendered":"<p>HACO850 HAMMER<br \/>\nMit seinen 1470 Watt Leistung garantiert der Kombi-Bohrhammer maximale Leistung und sorgt dank verbesserter W\u00e4rmeableitung f\u00fcr eine m\u00f6glichst lange Lebensdauer;Drei Betriebsarten bieten maximale Vielseitigkeit: Drehhammer, Nur-Hammer und w\u00e4hlbare Mei\u00dfel-Arbeitsposition (Variolock);Mei\u00dfelverriegelung f\u00fcr unterbrechungsfreies Arbeiten und erh\u00f6hten Komfort bei der Verwendung.Das AUTOSTOP\u2122-System stoppt das Werkzeug, um den Benutzer vor pl\u00f6tzlichen Bewegungen in verriegelten Situationen zu sch\u00fctzen;Das kompakte, ergonomische Design sorgt f\u00fcr mehr Komfort bei der Verwendung;Das Anti-Vibrationssystem (SAV) macht den Benutzer weniger m\u00fcde und reduziert st\u00f6rende Vibrationen. Ein zus\u00e4tzlicher Hauptgriff an der Seite reduziert l\u00e4stige Vibrationen noch weiter;Variolock (12 Positionen) zur Auswahl des am besten geeigneten Mei\u00dfelwinkels;Wartungswarnung leuchtet auf, wenn das Ger\u00e4t gewartet werden muss;Mit 6 m Kabel kann ein Arbeitsbereich von 110 m\u00b2 abgedeckt werden<\/p>\n<p>4933498603<br \/>\n4058546524722<\/p>\n","protected":false},"excerpt":{"rendered":"<p>HACO850 HAMMER<\/p>\n","protected":false},"featured_media":587601,"template":"","meta":{"_seopress_robots_primary_cat":"","_seopress_titles_title":"","_seopress_titles_desc":"","_seopress_robots_index":""},"product_brand":[3656],"product_cat":[169,5534],"product_tag":[3272],"class_list":{"0":"post-603338","1":"product","2":"type-product","3":"status-publish","4":"has-post-thumbnail","6":"product_brand-milwaukee-de","7":"product_cat-maschinen","8":"product_cat-verschiedene-maschinen-von-milwaukee","9":"product_tag-import-milwau-de","10":"sws-conto-ricavi-merci-rivendita-macchinari-de","11":"sws-gruppo-iva-iva81-de","13":"first","14":"onbackorder","15":"shipping-taxable","16":"purchasable","17":"product-type-simple"},"_links":{"self":[{"href":"https:\/\/lucacastelli.com\/de\/wp-json\/wp\/v2\/product\/603338","targetHints":{"allow":["GET"]}}],"collection":[{"href":"https:\/\/lucacastelli.com\/de\/wp-json\/wp\/v2\/product"}],"about":[{"href":"https:\/\/lucacastelli.com\/de\/wp-json\/wp\/v2\/types\/product"}],"wp:featuredmedia":[{"embeddable":true,"href":"https:\/\/lucacastelli.com\/de\/wp-json\/wp\/v2\/media\/587601"}],"wp:attachment":[{"href":"https:\/\/lucacastelli.com\/de\/wp-json\/wp\/v2\/media?parent=603338"}],"wp:term":[{"taxonomy":"product_brand","embeddable":true,"href":"https:\/\/lucacastelli.com\/de\/wp-json\/wp\/v2\/product_brand?post=603338"},{"taxonomy":"product_cat","embeddable":true,"href":"https:\/\/lucacastelli.com\/de\/wp-json\/wp\/v2\/product_cat?post=603338"},{"taxonomy":"product_tag","embeddable":true,"href":"https:\/\/lucacastelli.com\/de\/wp-json\/wp\/v2\/product_tag?post=603338"}],"curies":[{"name":"wp","href":"https:\/\/api.w.org\/{rel}","templated":true}]}}