{"id":603335,"date":"2025-08-10T18:48:50","date_gmt":"2025-08-10T16:48:50","guid":{"rendered":"https:\/\/lucacastelli.com\/prodotto\/milwaukee-abbruchhammerbohrer-klasse-7-kg\/"},"modified":"2025-08-10T18:48:50","modified_gmt":"2025-08-10T16:48:50","slug":"milwaukee-abbruchhammerbohrer-klasse-7-kg","status":"publish","type":"product","link":"https:\/\/lucacastelli.com\/de\/produkt\/milwaukee-abbruchhammerbohrer-klasse-7-kg\/","title":{"rendered":"Milwaukee Abbruchhammerbohrer Klasse 7 kg"},"content":{"rendered":"<p>K750S<br \/>\nLiefert 11.9 J Schlagenergie f\u00fcr effektives Bohren;1550 W Leistung und Metallgetriebe f\u00fcr optimale W\u00e4rmeableitung und l\u00e4ngere Lebensdauer;Vollwellen-Digitalelektronik f\u00fcr pr\u00e4zise Leistungseinstellung je nach Anwendung;Langsamstart f\u00fcr Pr\u00e4zisionsbohren und Sicherheitskupplung;AVS (Antivibrationssystem) und gummierter Griff;Zus\u00e4tzlicher AVS-Griff in 3 verschiedenen Positionen;Leistungsreduzierungstaste zum Mei\u00dfeln in weichen Materialien;Roto-Stop-Funktion und M\u00f6glichkeit, den Mei\u00dfel in verschiedenen Positionen einzustellen;LED-Wartungsanzeige;Variolock mit 12 Positionen zum Einstellen des Mei\u00dfelwinkels;6 m Kabel<\/p>\n<p>4933398600<br \/>\n4002395235193<\/p>\n","protected":false},"excerpt":{"rendered":"<p>K750S<\/p>\n","protected":false},"featured_media":601050,"template":"","meta":{"_seopress_robots_primary_cat":"","_seopress_titles_title":"","_seopress_titles_desc":"","_seopress_robots_index":""},"product_brand":[3656],"product_cat":[5534,169],"product_tag":[3272],"class_list":{"0":"post-603335","1":"product","2":"type-product","3":"status-publish","4":"has-post-thumbnail","6":"product_brand-milwaukee-de","7":"product_cat-verschiedene-maschinen-von-milwaukee","8":"product_cat-maschinen","9":"product_tag-import-milwau-de","10":"sws-conto-ricavi-merci-rivendita-macchinari-de","11":"sws-gruppo-iva-iva81-de","13":"first","14":"onbackorder","15":"shipping-taxable","16":"purchasable","17":"product-type-simple"},"_links":{"self":[{"href":"https:\/\/lucacastelli.com\/de\/wp-json\/wp\/v2\/product\/603335","targetHints":{"allow":["GET"]}}],"collection":[{"href":"https:\/\/lucacastelli.com\/de\/wp-json\/wp\/v2\/product"}],"about":[{"href":"https:\/\/lucacastelli.com\/de\/wp-json\/wp\/v2\/types\/product"}],"wp:featuredmedia":[{"embeddable":true,"href":"https:\/\/lucacastelli.com\/de\/wp-json\/wp\/v2\/media\/601050"}],"wp:attachment":[{"href":"https:\/\/lucacastelli.com\/de\/wp-json\/wp\/v2\/media?parent=603335"}],"wp:term":[{"taxonomy":"product_brand","embeddable":true,"href":"https:\/\/lucacastelli.com\/de\/wp-json\/wp\/v2\/product_brand?post=603335"},{"taxonomy":"product_cat","embeddable":true,"href":"https:\/\/lucacastelli.com\/de\/wp-json\/wp\/v2\/product_cat?post=603335"},{"taxonomy":"product_tag","embeddable":true,"href":"https:\/\/lucacastelli.com\/de\/wp-json\/wp\/v2\/product_tag?post=603335"}],"curies":[{"name":"wp","href":"https:\/\/api.w.org\/{rel}","templated":true}]}}