{"id":603331,"date":"2025-08-10T18:49:01","date_gmt":"2025-08-10T16:49:01","guid":{"rendered":"https:\/\/lucacastelli.com\/prodotto\/milwaukee-15-mm-orbit-m18-fuel-rotary-polisher\/"},"modified":"2025-08-10T18:49:01","modified_gmt":"2025-08-10T16:49:01","slug":"milwaukee-15-mm-orbit-m18-fuel-rotary-polisher","status":"publish","type":"product","link":"https:\/\/lucacastelli.com\/de\/produkt\/milwaukee-15-mm-orbit-m18-fuel-rotary-polisher\/","title":{"rendered":"Milwaukee 15 mm Orbit M18 FUEL\u2122 Rotary Polisher"},"content":{"rendered":"<p>M18FROP15-0 TEAM POLIERER<br \/>\nBietet die gleiche Leistung wie kabelgebundene Exzenterpolierer;8 Geschwindigkeitsstufen (2.650 &#8211; 5100 U\/min) f\u00fcr maximale Kontrolle und ein pr\u00e4zises Finish;15 mm Umlaufbahn f\u00fcr schnelles und effizientes Polieren, ohne Hologramme;Gro\u00dfer gummierter Griff an der Vorderseite f\u00fcr maximalen Komfort, besonders bei vertikalem Einsatz;Dauergebrauchsfunktion sorgt f\u00fcr maximalen Komfort und reduziert Erm\u00fcdung bei l\u00e4ngerem Polieren;Das um 90\u00b0 gedrehte Akkugeh\u00e4use verhindert einen m\u00f6glichen Kontakt zwischen dem Werkzeug und dem K\u00f6rper und erm\u00f6glicht es, das Werkzeug vertikal oder horizontal aufzubewahren;Verriegelungsfunktion, um ein versehentliches Einschalten des Werkzeugs zu verhindern;Abnehmbares Staubschutzgitter, um das Eindringen von Schmutz zu verhindern und die Lebensdauer des Werkzeugs zu verl\u00e4ngern;B\u00fcrstenloser Motor, REDLINK PLUS\u2122-Elektronik und REDLITHIUM\u2122-Akkupack bieten \u00fcberragende Leistung und Haltbarkeit;Funktioniert mit allen Milwaukee M18\u2122-Akkus<\/p>\n<p>4933499156<br \/>\n4058546530259<\/p>\n","protected":false},"excerpt":{"rendered":"<p>M18FROP15-0 TEAM POLIERER<\/p>\n","protected":false},"featured_media":587700,"template":"","meta":{"_seopress_robots_primary_cat":"","_seopress_titles_title":"","_seopress_titles_desc":"","_seopress_robots_index":""},"product_brand":[3407],"product_cat":[5531,29],"product_tag":[3270],"class_list":{"0":"post-603331","1":"product","2":"type-product","3":"status-publish","4":"has-post-thumbnail","6":"product_brand-milwaukee","7":"product_cat-vari-macchinari-milwaukee","8":"product_cat-macchinari","9":"product_tag-import-milwau","10":"sws-conto-ricavi-merci-rivendita-macchinari-de","11":"sws-gruppo-iva-iva81-de","13":"first","14":"onbackorder","15":"shipping-taxable","16":"purchasable","17":"product-type-simple"},"_links":{"self":[{"href":"https:\/\/lucacastelli.com\/de\/wp-json\/wp\/v2\/product\/603331","targetHints":{"allow":["GET"]}}],"collection":[{"href":"https:\/\/lucacastelli.com\/de\/wp-json\/wp\/v2\/product"}],"about":[{"href":"https:\/\/lucacastelli.com\/de\/wp-json\/wp\/v2\/types\/product"}],"wp:featuredmedia":[{"embeddable":true,"href":"https:\/\/lucacastelli.com\/de\/wp-json\/wp\/v2\/media\/587700"}],"wp:attachment":[{"href":"https:\/\/lucacastelli.com\/de\/wp-json\/wp\/v2\/media?parent=603331"}],"wp:term":[{"taxonomy":"product_brand","embeddable":true,"href":"https:\/\/lucacastelli.com\/de\/wp-json\/wp\/v2\/product_brand?post=603331"},{"taxonomy":"product_cat","embeddable":true,"href":"https:\/\/lucacastelli.com\/de\/wp-json\/wp\/v2\/product_cat?post=603331"},{"taxonomy":"product_tag","embeddable":true,"href":"https:\/\/lucacastelli.com\/de\/wp-json\/wp\/v2\/product_tag?post=603331"}],"curies":[{"name":"wp","href":"https:\/\/api.w.org\/{rel}","templated":true}]}}