{"id":603328,"date":"2025-08-10T18:49:03","date_gmt":"2025-08-10T16:49:03","guid":{"rendered":"https:\/\/lucacastelli.com\/prodotto\/milwaukee-polierer-1450w\/"},"modified":"2025-08-10T18:49:03","modified_gmt":"2025-08-10T16:49:03","slug":"milwaukee-polierer-1450w","status":"publish","type":"product","link":"https:\/\/lucacastelli.com\/de\/produkt\/milwaukee-polierer-1450w\/","title":{"rendered":"Milwaukee Polierer 1450W"},"content":{"rendered":"<p>AP 14-2 200 E\/POLIEREN<br \/>\nLeistungsstarker 1450 W Motor f\u00fcr optimale Polierleistung;Hohes Drehmoment f\u00fcr konstante Drehzahl auch unter Last;Variabler Drehzahlw\u00e4hler von 490 &#8211; 2100 U\/min f\u00fcr unterschiedliche Anwendungen;7 Geschwindigkeiten;Thermischer Schutz gegen \u00dcberhitzung;Spezieller Frontgriff f\u00fcr komfortablen Halt;Wellenarretierungsknopf in gesch\u00fctzter Position;Schalterarretierung;Flexibler St\u00fctzteller mit Klettverschluss;6 m PUR-Kabel<\/p>\n<p>4933432800<br \/>\n4002395001156<\/p>\n","protected":false},"excerpt":{"rendered":"<p>AP 14-2 200 E\/SANDERS<\/p>\n","protected":false},"featured_media":569740,"template":"","meta":{"_seopress_robots_primary_cat":"","_seopress_titles_title":"","_seopress_titles_desc":"","_seopress_robots_index":""},"product_brand":[3407],"product_cat":[5531,29],"product_tag":[3270],"class_list":{"0":"post-603328","1":"product","2":"type-product","3":"status-publish","4":"has-post-thumbnail","6":"product_brand-milwaukee","7":"product_cat-vari-macchinari-milwaukee","8":"product_cat-macchinari","9":"product_tag-import-milwau","10":"sws-conto-ricavi-merci-rivendita-macchinari-de","11":"sws-gruppo-iva-iva81-de","13":"first","14":"onbackorder","15":"shipping-taxable","16":"purchasable","17":"product-type-simple"},"_links":{"self":[{"href":"https:\/\/lucacastelli.com\/de\/wp-json\/wp\/v2\/product\/603328","targetHints":{"allow":["GET"]}}],"collection":[{"href":"https:\/\/lucacastelli.com\/de\/wp-json\/wp\/v2\/product"}],"about":[{"href":"https:\/\/lucacastelli.com\/de\/wp-json\/wp\/v2\/types\/product"}],"wp:featuredmedia":[{"embeddable":true,"href":"https:\/\/lucacastelli.com\/de\/wp-json\/wp\/v2\/media\/569740"}],"wp:attachment":[{"href":"https:\/\/lucacastelli.com\/de\/wp-json\/wp\/v2\/media?parent=603328"}],"wp:term":[{"taxonomy":"product_brand","embeddable":true,"href":"https:\/\/lucacastelli.com\/de\/wp-json\/wp\/v2\/product_brand?post=603328"},{"taxonomy":"product_cat","embeddable":true,"href":"https:\/\/lucacastelli.com\/de\/wp-json\/wp\/v2\/product_cat?post=603328"},{"taxonomy":"product_tag","embeddable":true,"href":"https:\/\/lucacastelli.com\/de\/wp-json\/wp\/v2\/product_tag?post=603328"}],"curies":[{"name":"wp","href":"https:\/\/api.w.org\/{rel}","templated":true}]}}