{"id":603318,"date":"2025-08-11T13:50:50","date_gmt":"2025-08-11T11:50:50","guid":{"rendered":"https:\/\/lucacastelli.com\/prodotto\/milwaukee-flex-work-handschuhe-2\/"},"modified":"2025-08-12T16:58:58","modified_gmt":"2025-08-12T14:58:58","slug":"milwaukee-flex-work-handschuhe-2","status":"publish","type":"product","link":"https:\/\/lucacastelli.com\/de\/produkt\/milwaukee-flex-work-handschuhe-2\/","title":{"rendered":"Milwaukee Flex Work Handschuhe"},"content":{"rendered":"<p>Flex Work Gloves<br \/>\nFLEX WORK GLOVES &#8211; 1 Paar<br \/>\nLeichte, hochatmungsaktive Allzweck-Arbeitshandschuhe;Oberhand aus Textil bietet hohe Fingerfertigkeit und erm\u00f6glicht das Hantieren mit kleinen Gegenst\u00e4nden;Weiches Kunstleder auf der Handfl\u00e4che f\u00fcr das Hantieren mit empfindlichen Materialien;Verst\u00e4rkte N\u00e4hte an Daumen und Fingern f\u00fcr zus\u00e4tzliche Strapazierf\u00e4higkeit;Integrierte Schwei\u00dfzone am Daumen;SMARTSWIPE\u2122 Kn\u00f6chel und Fingerspitzen erm\u00f6glichen die Nutzung von Touchscreen-Ger\u00e4ten, ohne die Handschuhe ausziehen zu m\u00fcssen;Europ\u00e4ische Zertifizierung f\u00fcr mechanischen Schutz: EN ISO 21420. EN388:2016 (2121A) <\/p>\n<p>&nbsp;<\/p>\n","protected":false},"excerpt":{"rendered":"<p>Flex Work Gloves FLEX WORK GLOVES &#8211; 1 Paar Leichte, hochatmungsaktive Allzweck-Arbeitshandschuhe;Oberhand aus Textil bietet hohe Fingerfertigkeit und erm\u00f6glicht das<\/p>\n","protected":false},"featured_media":599162,"template":"","meta":{"_seopress_robots_primary_cat":"none","_seopress_titles_title":"","_seopress_titles_desc":"","_seopress_robots_index":""},"product_brand":[3407],"product_cat":[21,284],"product_tag":[3270],"class_list":{"0":"post-603318","1":"product","2":"type-product","3":"status-publish","4":"has-post-thumbnail","6":"product_brand-milwaukee","7":"product_cat-abbigliamento","8":"product_cat-abbigliamento-da-lavoro","9":"product_tag-import-milwau","10":"sws-gruppo-abb-libero-de","11":"sws-conto-ricavi-merci-rivendita-abbigliamento-de","12":"sws-gruppo-iva-iva81-de","14":"first","15":"instock","16":"shipping-taxable","17":"purchasable","18":"product-type-variable"},"_links":{"self":[{"href":"https:\/\/lucacastelli.com\/de\/wp-json\/wp\/v2\/product\/603318","targetHints":{"allow":["GET"]}}],"collection":[{"href":"https:\/\/lucacastelli.com\/de\/wp-json\/wp\/v2\/product"}],"about":[{"href":"https:\/\/lucacastelli.com\/de\/wp-json\/wp\/v2\/types\/product"}],"wp:featuredmedia":[{"embeddable":true,"href":"https:\/\/lucacastelli.com\/de\/wp-json\/wp\/v2\/media\/599162"}],"wp:attachment":[{"href":"https:\/\/lucacastelli.com\/de\/wp-json\/wp\/v2\/media?parent=603318"}],"wp:term":[{"taxonomy":"product_brand","embeddable":true,"href":"https:\/\/lucacastelli.com\/de\/wp-json\/wp\/v2\/product_brand?post=603318"},{"taxonomy":"product_cat","embeddable":true,"href":"https:\/\/lucacastelli.com\/de\/wp-json\/wp\/v2\/product_cat?post=603318"},{"taxonomy":"product_tag","embeddable":true,"href":"https:\/\/lucacastelli.com\/de\/wp-json\/wp\/v2\/product_tag?post=603318"}],"curies":[{"name":"wp","href":"https:\/\/api.w.org\/{rel}","templated":true}]}}