{"id":603312,"date":"2025-08-11T13:48:23","date_gmt":"2025-08-11T11:48:23","guid":{"rendered":"https:\/\/lucacastelli.com\/prodotto\/milwaukee-chemikalienhandschuh\/"},"modified":"2025-08-11T13:48:23","modified_gmt":"2025-08-11T11:48:23","slug":"milwaukee-chemikalienhandschuh","status":"publish","type":"product","link":"https:\/\/lucacastelli.com\/de\/produkt\/milwaukee-chemikalienhandschuh\/","title":{"rendered":"Milwaukee Chemikalienhandschuh"},"content":{"rendered":"<p>CHEMIEHANDSCHUHE &#8211; 11\/XXL &#8211; 1 Paar<br \/>\nChemikalien-, Mechanik- und Hitzeschutzhandschuhe f\u00fcr erh\u00f6hte Sicherheit;350 mm Handschuhl\u00e4nge zum Schutz des Unterarms;Dreifache Nitrilbeschichtung f\u00fcr erh\u00f6hte Strapazierf\u00e4higkeit;Hervorragende Griffigkeit auf nassen und \u00f6ligen Oberfl\u00e4chen dank der sandgestrahlten Nitrilbeschichtung auf der Handfl\u00e4che;Weiches Innenfutter, 18-Gauge-Nadel und latexfreie Zusammensetzung f\u00fcr hohen Tragekomfort \u00fcber lange Zeitr\u00e4ume hinweg;Europ\u00e4ische Zertifizierung f\u00fcr Chemikalien-, Mechanik- und Hitzeschutz: EN ISO 374- 1:2016 Typ A\/ JKLMNO, EN ISO 374 -2, EN ISO 374-5 (VIRUS), EN ISO 21420, EN388 (4121A), EN 407 (X1XXXX), Zugelassen f\u00fcr den Kontakt mit Lebensmitteln<\/p>\n<p>4932493232<br \/>\n4058546481032<\/p>\n","protected":false},"excerpt":{"rendered":"<p>CHEMIEHANDSCHUHE &#8211; 11\/XXL &#8211; 1 Paar Chemikalien-, Mechanik- und Hitzeschutzhandschuhe f\u00fcr erh\u00f6hte Sicherheit;350 mm Handschuhl\u00e4nge zum Schutz des Unterarms;Dreifache Nitrilbeschichtung<\/p>\n","protected":false},"featured_media":601536,"template":"","meta":{"_seopress_robots_primary_cat":"","_seopress_titles_title":"","_seopress_titles_desc":"","_seopress_robots_index":""},"product_brand":[3407],"product_cat":[21,284],"product_tag":[],"class_list":{"0":"post-603312","1":"product","2":"type-product","3":"status-publish","4":"has-post-thumbnail","6":"product_brand-milwaukee","7":"product_cat-abbigliamento","8":"product_cat-abbigliamento-da-lavoro","9":"sws-gruppo-abb-libero-de","10":"sws-conto-ricavi-merci-rivendita-abbigliamento-de","11":"sws-gruppo-iva-iva81-de","13":"first","14":"instock","15":"shipping-taxable","16":"purchasable","17":"product-type-variable"},"_links":{"self":[{"href":"https:\/\/lucacastelli.com\/de\/wp-json\/wp\/v2\/product\/603312","targetHints":{"allow":["GET"]}}],"collection":[{"href":"https:\/\/lucacastelli.com\/de\/wp-json\/wp\/v2\/product"}],"about":[{"href":"https:\/\/lucacastelli.com\/de\/wp-json\/wp\/v2\/types\/product"}],"wp:featuredmedia":[{"embeddable":true,"href":"https:\/\/lucacastelli.com\/de\/wp-json\/wp\/v2\/media\/601536"}],"wp:attachment":[{"href":"https:\/\/lucacastelli.com\/de\/wp-json\/wp\/v2\/media?parent=603312"}],"wp:term":[{"taxonomy":"product_brand","embeddable":true,"href":"https:\/\/lucacastelli.com\/de\/wp-json\/wp\/v2\/product_brand?post=603312"},{"taxonomy":"product_cat","embeddable":true,"href":"https:\/\/lucacastelli.com\/de\/wp-json\/wp\/v2\/product_cat?post=603312"},{"taxonomy":"product_tag","embeddable":true,"href":"https:\/\/lucacastelli.com\/de\/wp-json\/wp\/v2\/product_tag?post=603312"}],"curies":[{"name":"wp","href":"https:\/\/api.w.org\/{rel}","templated":true}]}}