{"id":603249,"date":"2025-08-11T13:20:59","date_gmt":"2025-08-11T11:20:59","guid":{"rendered":"https:\/\/lucacastelli.com\/prodotto\/milwaukee-sicherheitsschuhe-flextred-s3s-schwarz-b1m110133-esd-sc-fo-sr\/"},"modified":"2025-08-11T13:20:59","modified_gmt":"2025-08-11T11:20:59","slug":"milwaukee-sicherheitsschuhe-flextred-s3s-schwarz-b1m110133-esd-sc-fo-sr","status":"publish","type":"product","link":"https:\/\/lucacastelli.com\/de\/produkt\/milwaukee-sicherheitsschuhe-flextred-s3s-schwarz-b1m110133-esd-sc-fo-sr\/","title":{"rendered":"Milwaukee Sicherheitsschuhe Flextred\u2122 S3S schwarz B1M110133 ESD SC FO SR"},"content":{"rendered":"<p>SCHUHE FTX S3S B1M110133 ESD SC FO SR<br \/>\nVielseitige, flexible und leichte Sicherheitsschuhe f\u00fcr den Arbeitsschutz;ENERGY FOAM Fersend\u00e4mpfung f\u00fcr hervorragende Energier\u00fcckgabe und maximalen Komfort;STEP-RELEASE\u2122 Fersenkappe f\u00fcr bequemes und schnelles Ausziehen des Schuhs;ROLLCAGE\u2122 Fersenstabilisator f\u00fcr hohe Stabilit\u00e4t auch in schwierigem Gel\u00e4nde;BOA\u00ae System mit pr\u00e4ziser, mikroverstellbarer Passform, entwickelt f\u00fcr den Einsatz unter h\u00e4rtesten Bedingungen;Obermaterial aus wasserabweisendem Nubukleder zum Schutz vor Wasser, Staub und Schmutz; verst\u00e4rkte Vorderseite zum Schutz der Zehen vor Abrieb; metallfreie Konstruktion, um Sicherheitsschleusen zu passieren; griffige Obersohle, um ein Ausrutschen zu verhindern; ESD-zertifiziert (elektrostatische Entladung); europ\u00e4ische Sicherheitsschuh-Zertifizierung nach EN ISO 20345:2022 S3S ESD SC FO SR<\/p>\n<p>&nbsp;<\/p>\n","protected":false},"excerpt":{"rendered":"<p>SCHUHE FTX S3S B1M110133 ESD SC FO SR Vielseitige, flexible und leichte Sicherheitsschuhe f\u00fcr den Arbeitsschutz;ENERGY FOAM Fersend\u00e4mpfung f\u00fcr hervorragende<\/p>\n","protected":false},"featured_media":566383,"template":"","meta":{"_seopress_robots_primary_cat":"none","_seopress_titles_title":"","_seopress_titles_desc":"","_seopress_robots_index":""},"product_brand":[3407],"product_cat":[28,796],"product_tag":[3270],"class_list":{"0":"post-603249","1":"product","2":"type-product","3":"status-publish","4":"has-post-thumbnail","6":"product_brand-milwaukee","7":"product_cat-calzature","8":"product_cat-calzature-da-lavoro","9":"product_tag-import-milwau","10":"sws-gruppo-abb-libero-de","11":"sws-conto-ricavi-merci-rivendita-abbigliamento-de","12":"sws-gruppo-iva-iva81-de","14":"first","15":"instock","16":"shipping-taxable","17":"purchasable","18":"product-type-variable"},"_links":{"self":[{"href":"https:\/\/lucacastelli.com\/de\/wp-json\/wp\/v2\/product\/603249","targetHints":{"allow":["GET"]}}],"collection":[{"href":"https:\/\/lucacastelli.com\/de\/wp-json\/wp\/v2\/product"}],"about":[{"href":"https:\/\/lucacastelli.com\/de\/wp-json\/wp\/v2\/types\/product"}],"wp:featuredmedia":[{"embeddable":true,"href":"https:\/\/lucacastelli.com\/de\/wp-json\/wp\/v2\/media\/566383"}],"wp:attachment":[{"href":"https:\/\/lucacastelli.com\/de\/wp-json\/wp\/v2\/media?parent=603249"}],"wp:term":[{"taxonomy":"product_brand","embeddable":true,"href":"https:\/\/lucacastelli.com\/de\/wp-json\/wp\/v2\/product_brand?post=603249"},{"taxonomy":"product_cat","embeddable":true,"href":"https:\/\/lucacastelli.com\/de\/wp-json\/wp\/v2\/product_cat?post=603249"},{"taxonomy":"product_tag","embeddable":true,"href":"https:\/\/lucacastelli.com\/de\/wp-json\/wp\/v2\/product_tag?post=603249"}],"curies":[{"name":"wp","href":"https:\/\/api.w.org\/{rel}","templated":true}]}}