{"id":603229,"date":"2025-08-11T13:33:27","date_gmt":"2025-08-11T11:33:27","guid":{"rendered":"https:\/\/lucacastelli.com\/prodotto\/milwaukee-nitril-einmalhandschuhe-50-stk\/"},"modified":"2025-08-11T13:33:27","modified_gmt":"2025-08-11T11:33:27","slug":"milwaukee-nitril-einmalhandschuhe-50-stk","status":"publish","type":"product","link":"https:\/\/lucacastelli.com\/de\/produkt\/milwaukee-nitril-einmalhandschuhe-50-stk\/","title":{"rendered":"Milwaukee Nitril-Einmalhandschuhe &#8211; 50 Stk."},"content":{"rendered":"<p>DISPOSABLE NITRILE GLOVES &#8211; 11\/XXL &#8211; 50pcs<br \/>\nLanglebige und strapazierf\u00e4hige Einweghandschuhe aus Nitril mit einer Dicke von 0,2 mm, die das Risiko des Einrei\u00dfens verringern und die Produktivit\u00e4t erh\u00f6hen; Diamantbeschichtung zur Verbesserung der Griffigkeit auf Metallwerkzeugen oder \u00f6ligen und fettigen Oberfl\u00e4chen; Chemikalienbest\u00e4ndig, ideal zum Schutz vor \u00d6len, Benzin, Verd\u00fcnnern, Bremsfl\u00fcssigkeiten, L\u00f6sungsmitteln, die h\u00e4ufig in Kfz-Werkst\u00e4tten usw. verwendet werden; Hervorragende Fingerfertigkeit, um das Arbeiten mit kleinen Teilen zu erm\u00f6glichen.SMARTSWIPE\u2122 an den Fingerspitzen &#8211; erm\u00f6glicht die Nutzung von Touchscreens, ohne die Handschuhe ausziehen zu m\u00fcssen;Europ\u00e4ische Zertifizierung f\u00fcr Chemikalienschutz: EN ISO 374-1:2016 Typ B \/ KPT, EN ISO 374-2, EN ISO 374-5 (VIRUS), EN ISO 21420.<\/p>\n<p>4932493237<br \/>\n4058546481087<\/p>\n","protected":false},"excerpt":{"rendered":"<p>DISPOSABLE NITRILE GLOVES &#8211; 11\/XXL &#8211; 50pcs Langlebige und strapazierf\u00e4hige Einweghandschuhe aus Nitril mit einer Dicke von 0,2 mm, die<\/p>\n","protected":false},"featured_media":601529,"template":"","meta":{"_seopress_robots_primary_cat":"","_seopress_titles_title":"","_seopress_titles_desc":"","_seopress_robots_index":""},"product_brand":[3407],"product_cat":[21,284],"product_tag":[],"class_list":{"0":"post-603229","1":"product","2":"type-product","3":"status-publish","4":"has-post-thumbnail","6":"product_brand-milwaukee","7":"product_cat-abbigliamento","8":"product_cat-abbigliamento-da-lavoro","9":"sws-gruppo-abb-libero-de","10":"sws-conto-ricavi-merci-rivendita-abbigliamento-de","11":"sws-gruppo-iva-iva81-de","13":"first","14":"instock","15":"shipping-taxable","16":"purchasable","17":"product-type-variable"},"_links":{"self":[{"href":"https:\/\/lucacastelli.com\/de\/wp-json\/wp\/v2\/product\/603229","targetHints":{"allow":["GET"]}}],"collection":[{"href":"https:\/\/lucacastelli.com\/de\/wp-json\/wp\/v2\/product"}],"about":[{"href":"https:\/\/lucacastelli.com\/de\/wp-json\/wp\/v2\/types\/product"}],"wp:featuredmedia":[{"embeddable":true,"href":"https:\/\/lucacastelli.com\/de\/wp-json\/wp\/v2\/media\/601529"}],"wp:attachment":[{"href":"https:\/\/lucacastelli.com\/de\/wp-json\/wp\/v2\/media?parent=603229"}],"wp:term":[{"taxonomy":"product_brand","embeddable":true,"href":"https:\/\/lucacastelli.com\/de\/wp-json\/wp\/v2\/product_brand?post=603229"},{"taxonomy":"product_cat","embeddable":true,"href":"https:\/\/lucacastelli.com\/de\/wp-json\/wp\/v2\/product_cat?post=603229"},{"taxonomy":"product_tag","embeddable":true,"href":"https:\/\/lucacastelli.com\/de\/wp-json\/wp\/v2\/product_tag?post=603229"}],"curies":[{"name":"wp","href":"https:\/\/api.w.org\/{rel}","templated":true}]}}