{"id":603204,"date":"2025-08-11T13:28:23","date_gmt":"2025-08-11T11:28:23","guid":{"rendered":"https:\/\/lucacastelli.com\/prodotto\/milwaukee-warnweste-contractor-orange\/"},"modified":"2025-08-11T13:28:23","modified_gmt":"2025-08-11T11:28:23","slug":"milwaukee-warnweste-contractor-orange","status":"publish","type":"product","link":"https:\/\/lucacastelli.com\/de\/produkt\/milwaukee-warnweste-contractor-orange\/","title":{"rendered":"Milwaukee Warnweste Contractor orange"},"content":{"rendered":"<p>CONTRACTOR VEST ALT VIS ORANGE 2XL\/3XL<br \/>\n1 transparenter Ausweishalter zur einfachen Identifizierung am Arbeitsplatz;Zunge zur praktischen Aufbewahrung: Taschenlampen, Stifte, etc.;1 Innentasche zur Aufbewahrung von Dokumenten, Stiften, etc.;Aufh\u00e4ngeschlaufe zum einfachen Aufh\u00e4ngen der Weste nach dem Gebrauch;strapazierf\u00e4higer Rei\u00dfverschluss zum \u00d6ffnen\/Schlie\u00dfen;maschinenwaschbar;europ\u00e4ische Zertifizierung als Warnschutzkleidung der Klasse 2 gem\u00e4\u00df EN ISO 20471:2013\/A1:2016<\/p>\n<p>4932498000<br \/>\n4058546511609<\/p>\n","protected":false},"excerpt":{"rendered":"<p>CONTRACTOR VEST ALT VIS ORANGE 2XL\/3XL 1 transparenter Ausweishalter zur einfachen Identifizierung am Arbeitsplatz;Zunge zur praktischen Aufbewahrung: Taschenlampen, Stifte, etc.;1<\/p>\n","protected":false},"featured_media":564960,"template":"","meta":{"_seopress_robots_primary_cat":"","_seopress_titles_title":"","_seopress_titles_desc":"","_seopress_robots_index":""},"product_brand":[3407],"product_cat":[21,284],"product_tag":[],"class_list":{"0":"post-603204","1":"product","2":"type-product","3":"status-publish","4":"has-post-thumbnail","6":"product_brand-milwaukee","7":"product_cat-abbigliamento","8":"product_cat-abbigliamento-da-lavoro","9":"sws-gruppo-abb-libero-de","10":"sws-conto-ricavi-merci-rivendita-abbigliamento-de","11":"sws-gruppo-iva-iva81-de","13":"first","14":"instock","15":"shipping-taxable","16":"purchasable","17":"product-type-variable","18":"has-default-attributes"},"_links":{"self":[{"href":"https:\/\/lucacastelli.com\/de\/wp-json\/wp\/v2\/product\/603204","targetHints":{"allow":["GET"]}}],"collection":[{"href":"https:\/\/lucacastelli.com\/de\/wp-json\/wp\/v2\/product"}],"about":[{"href":"https:\/\/lucacastelli.com\/de\/wp-json\/wp\/v2\/types\/product"}],"wp:featuredmedia":[{"embeddable":true,"href":"https:\/\/lucacastelli.com\/de\/wp-json\/wp\/v2\/media\/564960"}],"wp:attachment":[{"href":"https:\/\/lucacastelli.com\/de\/wp-json\/wp\/v2\/media?parent=603204"}],"wp:term":[{"taxonomy":"product_brand","embeddable":true,"href":"https:\/\/lucacastelli.com\/de\/wp-json\/wp\/v2\/product_brand?post=603204"},{"taxonomy":"product_cat","embeddable":true,"href":"https:\/\/lucacastelli.com\/de\/wp-json\/wp\/v2\/product_cat?post=603204"},{"taxonomy":"product_tag","embeddable":true,"href":"https:\/\/lucacastelli.com\/de\/wp-json\/wp\/v2\/product_tag?post=603204"}],"curies":[{"name":"wp","href":"https:\/\/api.w.org\/{rel}","templated":true}]}}