{"id":603120,"date":"2025-08-11T13:13:42","date_gmt":"2025-08-11T11:13:42","guid":{"rendered":"https:\/\/lucacastelli.com\/prodotto\/milwaukee-flextred-s1ps-sicherheitsschuhe-schwarz-1l110133-esd-fo-sr\/"},"modified":"2025-08-11T13:13:42","modified_gmt":"2025-08-11T11:13:42","slug":"milwaukee-flextred-s1ps-sicherheitsschuhe-schwarz-1l110133-esd-fo-sr","status":"publish","type":"product","link":"https:\/\/lucacastelli.com\/de\/produkt\/milwaukee-flextred-s1ps-sicherheitsschuhe-schwarz-1l110133-esd-fo-sr\/","title":{"rendered":"Milwaukee Flextred\u2122 S1PS Sicherheitsschuhe schwarz 1L110133 ESD FO SR"},"content":{"rendered":"<p>SCHUHE FXT S1PS NIEDRIGE SCHN\u00dcRSENKEL ESD FO SR<br \/>\nVielseitige, flexible und leichte Sicherheitsschuhe f\u00fcr den Arbeitsschutz;ENERGY FOAM Fersend\u00e4mpfung, f\u00fcr hervorragende Energier\u00fcckgabe und maximalen Komfort;STEP-RELEASE\u2122 Fersenkappe, f\u00fcr bequemes und schnelles Ausziehen des Schuhs;ROLLCAGE\u2122 Fersenstabilisator, f\u00fcr gro\u00dfe Stabilit\u00e4t auch in schwierigem Gel\u00e4nde;Tasche zum Einf\u00fchren der Schn\u00fcrsenkel und zur Vermeidung von unbeabsichtigtem \u00d6ffnen, Stolperfallen und Besch\u00e4digung der Schn\u00fcrsenkelObermaterial aus Stoff f\u00fcr Bel\u00fcftung und Atmungsaktivit\u00e4t den ganzen Tag lang;Verst\u00e4rkte Vorderseite, um die Zehen vor Abrieb zu sch\u00fctzen;Metallfreie Konstruktion, um Sicherheitsschleusen zu passieren;Griffige Obersohle, um ein Ausrutschen zu verhindern;ESD-zertifiziert (elektrostatische Entladung);Europ\u00e4ische Sicherheitsschuh-Zertifizierung, gem\u00e4\u00df EN ISO 20345:2022 S1PS ESD FO SR<\/p>\n<p>&nbsp;<\/p>\n","protected":false},"excerpt":{"rendered":"<p>SCHUHE FXT S1PS NIEDRIGE SCHN\u00dcRSENKEL ESD FO SR Vielseitige, flexible und leichte Sicherheitsschuhe f\u00fcr den Arbeitsschutz;ENERGY FOAM Fersend\u00e4mpfung, f\u00fcr hervorragende<\/p>\n","protected":false},"featured_media":599182,"template":"","meta":{"_seopress_robots_primary_cat":"none","_seopress_titles_title":"","_seopress_titles_desc":"","_seopress_robots_index":""},"product_brand":[3656],"product_cat":[1424,175],"product_tag":[3272],"class_list":{"0":"post-603120","1":"product","2":"type-product","3":"status-publish","4":"has-post-thumbnail","6":"product_brand-milwaukee-de","7":"product_cat-arbeitsschuhe","8":"product_cat-schuhe","9":"product_tag-import-milwau-de","10":"sws-gruppo-abb-libero-de","11":"sws-conto-ricavi-merci-rivendita-abbigliamento-de","12":"sws-gruppo-iva-iva81-de","14":"first","15":"instock","16":"shipping-taxable","17":"purchasable","18":"product-type-variable"},"_links":{"self":[{"href":"https:\/\/lucacastelli.com\/de\/wp-json\/wp\/v2\/product\/603120","targetHints":{"allow":["GET"]}}],"collection":[{"href":"https:\/\/lucacastelli.com\/de\/wp-json\/wp\/v2\/product"}],"about":[{"href":"https:\/\/lucacastelli.com\/de\/wp-json\/wp\/v2\/types\/product"}],"wp:featuredmedia":[{"embeddable":true,"href":"https:\/\/lucacastelli.com\/de\/wp-json\/wp\/v2\/media\/599182"}],"wp:attachment":[{"href":"https:\/\/lucacastelli.com\/de\/wp-json\/wp\/v2\/media?parent=603120"}],"wp:term":[{"taxonomy":"product_brand","embeddable":true,"href":"https:\/\/lucacastelli.com\/de\/wp-json\/wp\/v2\/product_brand?post=603120"},{"taxonomy":"product_cat","embeddable":true,"href":"https:\/\/lucacastelli.com\/de\/wp-json\/wp\/v2\/product_cat?post=603120"},{"taxonomy":"product_tag","embeddable":true,"href":"https:\/\/lucacastelli.com\/de\/wp-json\/wp\/v2\/product_tag?post=603120"}],"curies":[{"name":"wp","href":"https:\/\/api.w.org\/{rel}","templated":true}]}}