{"id":603036,"date":"2025-08-11T13:13:26","date_gmt":"2025-08-11T11:13:26","guid":{"rendered":"https:\/\/lucacastelli.com\/prodotto\/milwaukee-flextred-s1ps-schwarz-b1m110133-esd-fo-sr-sicherheitsschuhe-2\/"},"modified":"2025-08-11T13:13:26","modified_gmt":"2025-08-11T11:13:26","slug":"milwaukee-flextred-s1ps-schwarz-b1m110133-esd-fo-sr-sicherheitsschuhe-2","status":"publish","type":"product","link":"https:\/\/lucacastelli.com\/de\/produkt\/milwaukee-flextred-s1ps-schwarz-b1m110133-esd-fo-sr-sicherheitsschuhe-2\/","title":{"rendered":"Milwaukee Flextred\u2122 S1PS schwarz B1M110133 ESD FO SR Sicherheitsschuhe"},"content":{"rendered":"<p>SCHUHE FTX S1PS B1M110133 ESD FO SR<br \/>\nVielseitige, flexible und leichte Sicherheitsschuhe f\u00fcr den Arbeitsschutz;ENERGY FOAM Fersend\u00e4mpfung f\u00fcr \u00fcberragende Energier\u00fcckgabe und maximalen Komfort;STEP-RELEASE\u2122 Fersenkappe f\u00fcr bequemes und schnelles Ausziehen des Schuhs;ROLLCAGE\u2122 Fersenstabilisator f\u00fcr hohe Stabilit\u00e4t auch in schwierigem Gel\u00e4nde;BOA\u00ae System mit pr\u00e4ziser, mikroverstellbarer Passform, entwickelt f\u00fcr den Einsatz unter h\u00e4rtesten Bedingungen;Obermaterial aus Gewebe f\u00fcr ganzt\u00e4gige Bel\u00fcftung und Atmungsaktivit\u00e4t;Verst\u00e4rkte Vorderseite, um den Zehenbereich vor Abrieb zu sch\u00fctzen;Metallfreie Konstruktion, um Sicherheitsschleusen zu passieren;Griffige Obersohle, um ein Ausrutschen zu verhindern;ESD (elektrostatische Entladung) zertifiziert;Europ\u00e4ische Sicherheitsschuh-Zertifizierung nach EN ISO 20345:2022 S1PS ESD FO SR<\/p>\n<p>&nbsp;<\/p>\n","protected":false},"excerpt":{"rendered":"<p>SCHUHE FTX S1PS B1M110133 ESD FO SR Vielseitige, flexible und leichte Sicherheitsschuhe f\u00fcr den Arbeitsschutz;ENERGY FOAM Fersend\u00e4mpfung f\u00fcr \u00fcberragende Energier\u00fcckgabe<\/p>\n","protected":false},"featured_media":565928,"template":"","meta":{"_seopress_robots_primary_cat":"none","_seopress_titles_title":"","_seopress_titles_desc":"","_seopress_robots_index":""},"product_brand":[3656],"product_cat":[1424,175],"product_tag":[3272],"class_list":{"0":"post-603036","1":"product","2":"type-product","3":"status-publish","4":"has-post-thumbnail","6":"product_brand-milwaukee-de","7":"product_cat-arbeitsschuhe","8":"product_cat-schuhe","9":"product_tag-import-milwau-de","10":"sws-gruppo-abb-libero-de","11":"sws-conto-ricavi-merci-rivendita-abbigliamento-de","12":"sws-gruppo-iva-iva81-de","14":"first","15":"instock","16":"shipping-taxable","17":"purchasable","18":"product-type-variable"},"_links":{"self":[{"href":"https:\/\/lucacastelli.com\/de\/wp-json\/wp\/v2\/product\/603036","targetHints":{"allow":["GET"]}}],"collection":[{"href":"https:\/\/lucacastelli.com\/de\/wp-json\/wp\/v2\/product"}],"about":[{"href":"https:\/\/lucacastelli.com\/de\/wp-json\/wp\/v2\/types\/product"}],"wp:featuredmedia":[{"embeddable":true,"href":"https:\/\/lucacastelli.com\/de\/wp-json\/wp\/v2\/media\/565928"}],"wp:attachment":[{"href":"https:\/\/lucacastelli.com\/de\/wp-json\/wp\/v2\/media?parent=603036"}],"wp:term":[{"taxonomy":"product_brand","embeddable":true,"href":"https:\/\/lucacastelli.com\/de\/wp-json\/wp\/v2\/product_brand?post=603036"},{"taxonomy":"product_cat","embeddable":true,"href":"https:\/\/lucacastelli.com\/de\/wp-json\/wp\/v2\/product_cat?post=603036"},{"taxonomy":"product_tag","embeddable":true,"href":"https:\/\/lucacastelli.com\/de\/wp-json\/wp\/v2\/product_tag?post=603036"}],"curies":[{"name":"wp","href":"https:\/\/api.w.org\/{rel}","templated":true}]}}